{"id":3454,"date":"2018-07-17T14:43:20","date_gmt":"2018-07-17T12:43:20","guid":{"rendered":"https:\/\/websgalicia.es\/test\/polarisum\/?page_id=3454"},"modified":"2023-08-30T13:13:20","modified_gmt":"2023-08-30T11:13:20","slug":"home","status":"publish","type":"page","link":"https:\/\/polarisum.com\/fr\/","title":{"rendered":"Home"},"content":{"rendered":"\t\t<div data-elementor-type=\"wp-post\" data-elementor-id=\"3454\" class=\"elementor elementor-3454 elementor-1470\">\n\t\t\t\t\t\t<section class=\"elementor-section elementor-top-section elementor-element elementor-element-6fa663db elementor-section-full_width elementor-section-content-middle elementor-section-height-default elementor-section-height-default\" data-id=\"6fa663db\" data-element_type=\"section\">\n\t\t\t\t\t\t<div class=\"elementor-container elementor-column-gap-default\">\n\t\t\t\t\t<div class=\"elementor-column elementor-col-100 elementor-top-column elementor-element elementor-element-1f1b8a99\" data-id=\"1f1b8a99\" data-element_type=\"column\">\n\t\t\t<div class=\"elementor-widget-wrap elementor-element-populated\">\n\t\t\t\t\t\t<div class=\"elementor-element elementor-element-3362bd2a elementor-widget elementor-widget-slider_revolution\" data-id=\"3362bd2a\" data-element_type=\"widget\" data-widget_type=\"slider_revolution.default\">\n\t\t\t\t<div class=\"elementor-widget-container\">\n\t\t\t\t\t\n\t\t<div class=\"wp-block-themepunch-revslider\">\n\t\t\t<!-- START Slider ES REVOLUTION SLIDER 6.6.12 --><p class=\"rs-p-wp-fix\"><\/p>\n\t\t\t<rs-module-wrap id=\"rev_slider_1_1_wrapper\" data-source=\"gallery\" style=\"visibility:hidden;background:transparent;padding:0;margin:0px auto;margin-top:0;margin-bottom:0;\">\n\t\t\t\t<rs-module id=\"rev_slider_1_1\" style=\"\" data-version=\"6.6.12\">\n\t\t\t\t\t<rs-slides style=\"overflow: hidden; position: absolute;\">\n\t\t\t\t\t\t<rs-slide style=\"position: absolute;\" data-key=\"rs-2\" data-title=\"Slide\" data-thumb=\"\/\/websgalicia.es\/test\/polarisum\/wp-content\/uploads\/2023\/06\/polaris_img_slider_1.jpg\" data-anim=\"f:nodelay;\" data-in=\"prst:rndslide;y:(100%);m:true;row:5;\">\n\t\t\t\t\t\t\t<img fetchpriority=\"high\" decoding=\"async\" src=\"\/\/polarisum.com\/wp-content\/plugins\/revslider\/public\/assets\/assets\/dummy.png\" alt=\"\" title=\"polaris_img_slider_1\" width=\"2560\" height=\"1440\" class=\"rev-slidebg tp-rs-img rs-lazyload\" data-lazyload=\"\/\/websgalicia.es\/test\/polarisum\/wp-content\/uploads\/2023\/06\/polaris_img_slider_1.jpg\" data-no-retina>\n<!--\n\t\t\t\t\t\t\t--><rs-layer\n\t\t\t\t\t\t\t\tid=\"slider-1-slide-2-layer-3\" \n\t\t\t\t\t\t\t\tdata-type=\"shape\"\n\t\t\t\t\t\t\t\tdata-rsp_ch=\"on\"\n\t\t\t\t\t\t\t\tdata-xy=\"x:c;y:210px;\"\n\t\t\t\t\t\t\t\tdata-text=\"w:normal;\"\n\t\t\t\t\t\t\t\tdata-dim=\"w:877px;h:180;\"\n\t\t\t\t\t\t\t\tdata-vbility=\"f,f,f,f\"\n\t\t\t\t\t\t\t\tdata-basealign=\"slide\"\n\t\t\t\t\t\t\t\tdata-border=\"bor:5px,5px,5px,5px;\"\n\t\t\t\t\t\t\t\tdata-frame_999=\"o:0;st:w;\"\n\t\t\t\t\t\t\t\tstyle=\"z-index:6;background-color:rgba(250,250,250,0.5);\"\n\t\t\t\t\t\t\t> \n\t\t\t\t\t\t\t<\/rs-layer><!--\n\n\t\t\t\t\t\t\t--><rs-layer\n\t\t\t\t\t\t\t\tid=\"slider-1-slide-2-layer-4\" \n\t\t\t\t\t\t\t\tdata-type=\"text\"\n\t\t\t\t\t\t\t\tdata-color=\"#225787\"\n\t\t\t\t\t\t\t\tdata-rsp_ch=\"on\"\n\t\t\t\t\t\t\t\tdata-xy=\"x:c;y:224px;\"\n\t\t\t\t\t\t\t\tdata-text=\"s:30;l:43;ls:1;a:center;\"\n\t\t\t\t\t\t\t\tdata-dim=\"w:729;h:45;minh:0;\"\n\t\t\t\t\t\t\t\tdata-vbility=\"f,f,f,f\"\n\t\t\t\t\t\t\t\tdata-frame_999=\"o:0;st:w;\"\n\t\t\t\t\t\t\t\tstyle=\"z-index:9;font-family:'Roboto';text-transform:uppercase;\"\n\t\t\t\t\t\t\t>Seleccionamos los mejores productos \n\t\t\t\t\t\t\t<\/rs-layer><!--\n\n\t\t\t\t\t\t\t--><rs-layer\n\t\t\t\t\t\t\t\tid=\"slider-1-slide-2-layer-6\" \n\t\t\t\t\t\t\t\tdata-type=\"text\"\n\t\t\t\t\t\t\t\tdata-color=\"#225787\"\n\t\t\t\t\t\t\t\tdata-rsp_ch=\"on\"\n\t\t\t\t\t\t\t\tdata-xy=\"x:c;y:c;yo:2px;\"\n\t\t\t\t\t\t\t\tdata-text=\"s:39;l:56;ls:1;fw:900;a:center;\"\n\t\t\t\t\t\t\t\tdata-dim=\"w:854;h:62;minh:0;\"\n\t\t\t\t\t\t\t\tdata-vbility=\"f,f,f,f\"\n\t\t\t\t\t\t\t\tdata-frame_999=\"o:0;st:w;\"\n\t\t\t\t\t\t\t\tstyle=\"z-index:7;font-family:'Roboto';text-transform:uppercase;\"\n\t\t\t\t\t\t\t>mimamos el proceso de elaboraci\u00f3n \n\t\t\t\t\t\t\t<\/rs-layer><!--\n\n\t\t\t\t\t\t\t--><rs-layer\n\t\t\t\t\t\t\t\tid=\"slider-1-slide-2-layer-8\" \n\t\t\t\t\t\t\t\tdata-type=\"text\"\n\t\t\t\t\t\t\t\tdata-color=\"#225787\"\n\t\t\t\t\t\t\t\tdata-rsp_ch=\"on\"\n\t\t\t\t\t\t\t\tdata-xy=\"x:c;y:332px;\"\n\t\t\t\t\t\t\t\tdata-text=\"s:30;l:43;ls:1;a:center;\"\n\t\t\t\t\t\t\t\tdata-dim=\"w:729;h:45;minh:0;\"\n\t\t\t\t\t\t\t\tdata-vbility=\"f,f,f,f\"\n\t\t\t\t\t\t\t\tdata-frame_999=\"o:0;st:w;\"\n\t\t\t\t\t\t\t\tstyle=\"z-index:8;font-family:'Roboto';text-transform:uppercase;\"\n\t\t\t\t\t\t\t>seguimos estrictos controles de calidad \n\t\t\t\t\t\t\t<\/rs-layer><!--\n-->\t\t\t\t\t\t<\/rs-slide>\n\t\t\t\t\t\t<rs-slide style=\"position: absolute;\" data-key=\"rs-3\" data-title=\"Slide\" data-thumb=\"\/\/websgalicia.es\/test\/polarisum\/wp-content\/uploads\/2023\/06\/polaris_img_slider_3.jpg\" data-anim=\"f:edges;\" data-in=\"prst:rndslide;y:(-100%);col:5;\">\n\t\t\t\t\t\t\t<img decoding=\"async\" src=\"\/\/polarisum.com\/wp-content\/plugins\/revslider\/public\/assets\/assets\/dummy.png\" alt=\"\" title=\"polaris_img_slider_3\" width=\"2560\" height=\"1440\" class=\"rev-slidebg tp-rs-img rs-lazyload\" data-lazyload=\"\/\/websgalicia.es\/test\/polarisum\/wp-content\/uploads\/2023\/06\/polaris_img_slider_3.jpg\" data-no-retina>\n<!---->\t\t\t\t\t\t<\/rs-slide>\n\t\t\t\t\t\t<rs-slide style=\"position: absolute;\" data-key=\"rs-4\" data-title=\"Slide\" data-thumb=\"\/\/polarisum.com\/wp-content\/uploads\/2023\/06\/polaris_img_slider_2-50x100.jpg\" data-in=\"prst:rndslide;x:(100%);\" data-out=\"a:false;\">\n\t\t\t\t\t\t\t<img decoding=\"async\" src=\"\/\/polarisum.com\/wp-content\/plugins\/revslider\/public\/assets\/assets\/dummy.png\" alt=\"\" title=\"polaris_img_slider_2\" width=\"2560\" height=\"1440\" class=\"rev-slidebg tp-rs-img rs-lazyload\" data-lazyload=\"\/\/polarisum.com\/wp-content\/uploads\/2023\/06\/polaris_img_slider_2.jpg\" data-no-retina>\n<!---->\t\t\t\t\t\t<\/rs-slide>\n\t\t\t\t\t\t<rs-slide style=\"position: absolute;\" data-key=\"rs-5\" data-title=\"Slide\" data-thumb=\"\/\/polarisum.com\/wp-content\/uploads\/2023\/06\/polaris_img_slider_4-50x100.jpg\" data-anim=\"e:slidingoverlay;ms:2000;\" data-in=\"prst:rndslide;x:-100%;\">\n\t\t\t\t\t\t\t<img loading=\"lazy\" decoding=\"async\" src=\"\/\/polarisum.com\/wp-content\/plugins\/revslider\/public\/assets\/assets\/dummy.png\" alt=\"\" title=\"polaris_img_slider_4\" width=\"2560\" height=\"1440\" class=\"rev-slidebg tp-rs-img rs-lazyload\" data-lazyload=\"\/\/polarisum.com\/wp-content\/uploads\/2023\/06\/polaris_img_slider_4.jpg\" data-no-retina>\n<!---->\t\t\t\t\t\t<\/rs-slide>\n\t\t\t\t\t<\/rs-slides>\n\t\t\t\t<\/rs-module>\n\t\t\t\t<script>\n\t\t\t\t\tsetREVStartSize({c: 'rev_slider_1_1',rl:[1240,1024,778,480],el:[600],gw:[1240],gh:[600],type:'standard',justify:'',layout:'fullwidth',mh:\"0\"});if (window.RS_MODULES!==undefined && window.RS_MODULES.modules!==undefined && window.RS_MODULES.modules[\"revslider11\"]!==undefined) {window.RS_MODULES.modules[\"revslider11\"].once = false;window.revapi1 = undefined;if (window.RS_MODULES.checkMinimal!==undefined) window.RS_MODULES.checkMinimal()}\n\t\t\t\t<\/script>\n\t\t\t<\/rs-module-wrap>\n\t\t\t<!-- END REVOLUTION SLIDER -->\n<\/div>\n\n\t\t\t\t\t\t<\/div>\n\t\t\t\t<\/div>\n\t\t\t\t\t<\/div>\n\t\t<\/div>\n\t\t\t\t\t<\/div>\n\t\t<\/section>\n\t\t\t\t<section class=\"elementor-align-center elementor-section elementor-top-section elementor-element elementor-element-4562eda0 elementor-section-boxed elementor-section-height-default elementor-section-height-default\" data-id=\"4562eda0\" data-element_type=\"section\">\n\t\t\t\t\t\t<div class=\"elementor-container elementor-column-gap-default\">\n\t\t\t\t\t<div class=\"elementor-column elementor-col-100 elementor-top-column elementor-element elementor-element-624a01f5\" data-id=\"624a01f5\" data-element_type=\"column\">\n\t\t\t<div class=\"elementor-widget-wrap elementor-element-populated\">\n\t\t\t\t\t\t<div class=\"elementor-element elementor-element-4b52844d elementor-invisible elementor-widget elementor-widget-heading\" data-id=\"4b52844d\" data-element_type=\"widget\" data-settings=\"{&quot;_animation&quot;:&quot;fadeInUp&quot;}\" data-widget_type=\"heading.default\">\n\t\t\t\t<div class=\"elementor-widget-container\">\n\t\t\t\t\t<h1 class=\"elementor-heading-title elementor-size-default elementor-heading-title elementor-align-after-center\">Polaris Ursae Minoris S.L.<\/h1>\t\t\t\t<\/div>\n\t\t\t\t<\/div>\n\t\t\t\t<div class=\"elementor-element elementor-element-385d1e3d elementor-invisible elementor-widget elementor-widget-heading\" data-id=\"385d1e3d\" data-element_type=\"widget\" data-settings=\"{&quot;_animation&quot;:&quot;fadeInUp&quot;}\" data-widget_type=\"heading.default\">\n\t\t\t\t<div class=\"elementor-widget-container\">\n\t\t\t\t\t<span class=\"elementor-heading-title elementor-size-default elementor-heading-title elementor-align-after-center\">NOUS SOMMES SYNONYME DE QUALIT\u00c9 GARANTIE, AVEC LE GO\u00dbT ET LA TEXTURE D'UN PRODUIT FRAIS<\/span>\t\t\t\t<\/div>\n\t\t\t\t<\/div>\n\t\t\t\t<div class=\"elementor-element elementor-element-36fa9984 elementor-widget elementor-widget-html\" data-id=\"36fa9984\" data-element_type=\"widget\" data-widget_type=\"html.default\">\n\t\t\t\t<div class=\"elementor-widget-container\">\n\t\t\t\t\t<div class=\"cms-heading layout1 heading-center\"><span class=\"heading-underline solid\"> <span><\/span> <\/span><\/div>\t\t\t\t<\/div>\n\t\t\t\t<\/div>\n\t\t\t\t<div class=\"elementor-element elementor-element-7f6f1b3b elementor-widget elementor-widget-text-editor\" data-id=\"7f6f1b3b\" data-element_type=\"widget\" data-widget_type=\"text-editor.default\">\n\t\t\t\t<div class=\"elementor-widget-container\">\n\t\t\t\t\t\t\t\t\t<p><strong>Polaris Ursae Minoris<\/strong> repose sur un pilier essentiel : l&#8217;int\u00e9gration verticale, qui va de l&#8217;obtention des produits que nous commercialisons, jusqu&#8217;\u00e0 leur mise \u00e0 disposition sur les march\u00e9s de poisson surgel\u00e9. Nous fournissons une large gamme de produits de la meilleure des qualit\u00e9s et avec un service adapt\u00e9 \u00e0 chaque besoin.<br \/><br \/>Notre catalogue regroupe des r\u00e9f\u00e9rences telles que la crevette rouge, le merlu, l&#8217;encornet rouge et d&#8217;autres esp\u00e8ces.<\/p>\t\t\t\t\t\t\t\t<\/div>\n\t\t\t\t<\/div>\n\t\t\t\t<div class=\"elementor-element elementor-element-1f6ab586 elementor-align-center elementor-widget elementor-widget-button\" data-id=\"1f6ab586\" data-element_type=\"widget\" data-widget_type=\"button.default\">\n\t\t\t\t<div class=\"elementor-widget-container\">\n\t\t\t\t\t\t\t\t\t<div class=\"elementor-button-wrapper\">\n\t\t\t\t\t<a class=\"elementor-button elementor-button-link elementor-size-md\" href=\"https:\/\/polarisum.com\/fr\/compania\/\">\n\t\t\t\t\t\t<span class=\"elementor-button-content-wrapper\">\n\t\t\t\t\t\t\t\t\t<span class=\"elementor-button-text\">Qui sommes-nous?<\/span>\n\t\t\t\t\t<\/span>\n\t\t\t\t\t<\/a>\n\t\t\t\t<\/div>\n\t\t\t\t\t\t\t\t<\/div>\n\t\t\t\t<\/div>\n\t\t\t\t\t<\/div>\n\t\t<\/div>\n\t\t\t\t\t<\/div>\n\t\t<\/section>\n\t\t\t\t<section class=\"man_fixed elementor-section elementor-top-section elementor-element elementor-element-29b29c0 elementor-section-stretched elementor-section-boxed elementor-section-height-default elementor-section-height-default\" data-stellar-background-ratio=\"0.2\" data-id=\"29b29c0\" data-element_type=\"section\" data-settings=\"{&quot;stretch_section&quot;:&quot;section-stretched&quot;,&quot;background_background&quot;:&quot;classic&quot;}\">\n\t\t\t\t\t\t\t<div class=\"elementor-background-overlay\"><\/div>\n\t\t\t\t\t\t\t<div class=\"elementor-container elementor-column-gap-default\">\n\t\t\t\t\t<div class=\"elementor-column elementor-col-33 elementor-top-column elementor-element elementor-element-2c1c5c33\" data-id=\"2c1c5c33\" data-element_type=\"column\">\n\t\t\t<div class=\"elementor-widget-wrap\">\n\t\t\t\t\t\t\t<\/div>\n\t\t<\/div>\n\t\t\t\t<div class=\"elementor-column elementor-col-33 elementor-top-column elementor-element elementor-element-14cd243b\" data-id=\"14cd243b\" data-element_type=\"column\">\n\t\t\t<div class=\"elementor-widget-wrap elementor-element-populated\">\n\t\t\t\t\t\t<div class=\"elementor-element elementor-element-46dc0f74 elementor-widget elementor-widget-image\" data-id=\"46dc0f74\" data-element_type=\"widget\" data-widget_type=\"image.default\">\n\t\t\t\t<div class=\"elementor-widget-container\">\n\t\t\t\t\t\t\t\t\t\t\t\t\t\t\t\t<a href=\"https:\/\/polarisum.com\/fr\/catalogo\/\">\n\t\t\t\t\t\t\t<img loading=\"lazy\" decoding=\"async\" width=\"847\" height=\"847\" src=\"https:\/\/polarisum.com\/wp-content\/uploads\/2023\/08\/nuestro-catalogo-FR.jpg\" class=\"elementor-animation-float attachment-full size-full wp-image-5336\" alt=\"\" srcset=\"https:\/\/polarisum.com\/wp-content\/uploads\/2023\/08\/nuestro-catalogo-FR.jpg 847w, https:\/\/polarisum.com\/wp-content\/uploads\/2023\/08\/nuestro-catalogo-FR-300x300.jpg 300w, https:\/\/polarisum.com\/wp-content\/uploads\/2023\/08\/nuestro-catalogo-FR-150x150.jpg 150w, https:\/\/polarisum.com\/wp-content\/uploads\/2023\/08\/nuestro-catalogo-FR-768x768.jpg 768w, https:\/\/polarisum.com\/wp-content\/uploads\/2023\/08\/nuestro-catalogo-FR-285x285.jpg 285w, https:\/\/polarisum.com\/wp-content\/uploads\/2023\/08\/nuestro-catalogo-FR-660x660.jpg 660w\" sizes=\"(max-width: 847px) 100vw, 847px\" \/>\t\t\t\t\t\t\t\t<\/a>\n\t\t\t\t\t\t\t\t\t\t\t\t\t\t\t<\/div>\n\t\t\t\t<\/div>\n\t\t\t\t\t<\/div>\n\t\t<\/div>\n\t\t\t\t<div class=\"elementor-column elementor-col-33 elementor-top-column elementor-element elementor-element-7a95088\" data-id=\"7a95088\" data-element_type=\"column\">\n\t\t\t<div class=\"elementor-widget-wrap elementor-element-populated\">\n\t\t\t\t\t\t<div class=\"elementor-element elementor-element-24602fba elementor-widget elementor-widget-image\" data-id=\"24602fba\" data-element_type=\"widget\" data-widget_type=\"image.default\">\n\t\t\t\t<div class=\"elementor-widget-container\">\n\t\t\t\t\t\t\t\t\t\t\t\t\t\t\t\t<a href=\"https:\/\/polarisum.com\/fr\/contacto\/\">\n\t\t\t\t\t\t\t<img loading=\"lazy\" decoding=\"async\" width=\"847\" height=\"847\" src=\"https:\/\/polarisum.com\/wp-content\/uploads\/2023\/08\/donde-estamos-FR.jpg\" class=\"elementor-animation-float attachment-full size-full wp-image-5329\" alt=\"\" srcset=\"https:\/\/polarisum.com\/wp-content\/uploads\/2023\/08\/donde-estamos-FR.jpg 847w, https:\/\/polarisum.com\/wp-content\/uploads\/2023\/08\/donde-estamos-FR-300x300.jpg 300w, https:\/\/polarisum.com\/wp-content\/uploads\/2023\/08\/donde-estamos-FR-150x150.jpg 150w, https:\/\/polarisum.com\/wp-content\/uploads\/2023\/08\/donde-estamos-FR-768x768.jpg 768w, https:\/\/polarisum.com\/wp-content\/uploads\/2023\/08\/donde-estamos-FR-285x285.jpg 285w, https:\/\/polarisum.com\/wp-content\/uploads\/2023\/08\/donde-estamos-FR-660x660.jpg 660w\" sizes=\"(max-width: 847px) 100vw, 847px\" \/>\t\t\t\t\t\t\t\t<\/a>\n\t\t\t\t\t\t\t\t\t\t\t\t\t\t\t<\/div>\n\t\t\t\t<\/div>\n\t\t\t\t\t<\/div>\n\t\t<\/div>\n\t\t\t\t\t<\/div>\n\t\t<\/section>\n\t\t\t\t<section class=\"elementor-section elementor-top-section elementor-element elementor-element-42d36cea elementor-section-boxed elementor-section-height-default elementor-section-height-default\" data-id=\"42d36cea\" data-element_type=\"section\">\n\t\t\t\t\t\t<div class=\"elementor-container elementor-column-gap-default\">\n\t\t\t\t\t<div class=\"elementor-column elementor-col-100 elementor-top-column elementor-element elementor-element-30728187\" data-id=\"30728187\" data-element_type=\"column\">\n\t\t\t<div class=\"elementor-widget-wrap elementor-element-populated\">\n\t\t\t\t\t\t<div class=\"elementor-element elementor-element-3f3da11 elementor-invisible elementor-widget elementor-widget-heading\" data-id=\"3f3da11\" data-element_type=\"widget\" data-settings=\"{&quot;_animation&quot;:&quot;fadeInUp&quot;}\" data-widget_type=\"heading.default\">\n\t\t\t\t<div class=\"elementor-widget-container\">\n\t\t\t\t\t<h1 class=\"elementor-heading-title elementor-size-default elementor-heading-title elementor-align-after-center\"><a href=\"http:\/\/D\u00e9couvrez%20la%20large%20gamme%20de%20produits%20qui%20composent%20le%20catalogue%20de%20Polaris%20Ursae%20Minoris,%20S.L.\">NOTRE CATALOGUE\n<\/a><\/h1>\t\t\t\t<\/div>\n\t\t\t\t<\/div>\n\t\t\t\t<div class=\"elementor-element elementor-element-106d0028 elementor-invisible elementor-widget elementor-widget-heading\" data-id=\"106d0028\" data-element_type=\"widget\" data-settings=\"{&quot;_animation&quot;:&quot;fadeInUp&quot;}\" data-widget_type=\"heading.default\">\n\t\t\t\t<div class=\"elementor-widget-container\">\n\t\t\t\t\t<span class=\"elementor-heading-title elementor-size-default elementor-heading-title elementor-align-after-center\">Descubre la amplia gama de productos que componen el cat\u00e1logo de\nPolaris Ursae Minoris, S.L.<\/span>\t\t\t\t<\/div>\n\t\t\t\t<\/div>\n\t\t\t\t<div class=\"elementor-element elementor-element-3f54ba95 elementor-widget elementor-widget-html\" data-id=\"3f54ba95\" data-element_type=\"widget\" data-widget_type=\"html.default\">\n\t\t\t\t<div class=\"elementor-widget-container\">\n\t\t\t\t\t<div class=\"cms-heading layout1 heading-center\"><span class=\"heading-underline solid\"> <span><\/span> <\/span><\/div>\t\t\t\t<\/div>\n\t\t\t\t<\/div>\n\t\t\t\t\t<\/div>\n\t\t<\/div>\n\t\t\t\t\t<\/div>\n\t\t<\/section>\n\t\t\t\t<section class=\"elementor-section elementor-top-section elementor-element elementor-element-799fec4f elementor-section-boxed elementor-section-height-default elementor-section-height-default\" data-id=\"799fec4f\" data-element_type=\"section\">\n\t\t\t\t\t\t<div class=\"elementor-container elementor-column-gap-default\">\n\t\t\t\t\t<div class=\"elementor-column elementor-col-50 elementor-top-column elementor-element elementor-element-5921a82\" data-id=\"5921a82\" data-element_type=\"column\">\n\t\t\t<div class=\"elementor-widget-wrap elementor-element-populated\">\n\t\t\t\t\t\t<div class=\"elementor-element elementor-element-526274f9 elementor-widget elementor-widget-image\" data-id=\"526274f9\" data-element_type=\"widget\" data-widget_type=\"image.default\">\n\t\t\t\t<div class=\"elementor-widget-container\">\n\t\t\t\t\t\t\t\t\t\t\t\t\t\t\t\t<a href=\"https:\/\/polarisum.com\/fr\/crevette\/\">\n\t\t\t\t\t\t\t<img loading=\"lazy\" decoding=\"async\" width=\"600\" height=\"340\" src=\"https:\/\/polarisum.com\/wp-content\/uploads\/2023\/06\/langostino-1.jpg\" class=\"attachment-full size-full wp-image-3990\" alt=\"\" srcset=\"https:\/\/polarisum.com\/wp-content\/uploads\/2023\/06\/langostino-1.jpg 600w, https:\/\/polarisum.com\/wp-content\/uploads\/2023\/06\/langostino-1-300x170.jpg 300w, https:\/\/polarisum.com\/wp-content\/uploads\/2023\/06\/langostino-1-285x162.jpg 285w, https:\/\/polarisum.com\/wp-content\/uploads\/2023\/06\/langostino-1-150x85.jpg 150w\" sizes=\"(max-width: 600px) 100vw, 600px\" \/>\t\t\t\t\t\t\t\t<\/a>\n\t\t\t\t\t\t\t\t\t\t\t\t\t\t\t<\/div>\n\t\t\t\t<\/div>\n\t\t\t\t<div class=\"elementor-element elementor-element-b99e920 elementor-widget elementor-widget-heading\" data-id=\"b99e920\" data-element_type=\"widget\" data-widget_type=\"heading.default\">\n\t\t\t\t<div class=\"elementor-widget-container\">\n\t\t\t\t\t<h3 class=\"elementor-heading-title elementor-size-default elementor-heading-title elementor-align-after-center\">Crevette<\/h3>\t\t\t\t<\/div>\n\t\t\t\t<\/div>\n\t\t\t\t\t<\/div>\n\t\t<\/div>\n\t\t\t\t<div class=\"elementor-column elementor-col-50 elementor-top-column elementor-element elementor-element-598f80c9\" data-id=\"598f80c9\" data-element_type=\"column\">\n\t\t\t<div class=\"elementor-widget-wrap elementor-element-populated\">\n\t\t\t\t\t\t<div class=\"elementor-element elementor-element-14d9aec6 elementor-widget elementor-widget-image\" data-id=\"14d9aec6\" data-element_type=\"widget\" data-widget_type=\"image.default\">\n\t\t\t\t<div class=\"elementor-widget-container\">\n\t\t\t\t\t\t\t\t\t\t\t\t\t\t\t\t<a href=\"https:\/\/polarisum.com\/fr\/merlu\/\">\n\t\t\t\t\t\t\t<img loading=\"lazy\" decoding=\"async\" width=\"600\" height=\"340\" src=\"https:\/\/polarisum.com\/wp-content\/uploads\/2023\/06\/merluza-argentina.jpg\" class=\"attachment-full size-full wp-image-2545\" alt=\"\" srcset=\"https:\/\/polarisum.com\/wp-content\/uploads\/2023\/06\/merluza-argentina.jpg 600w, https:\/\/polarisum.com\/wp-content\/uploads\/2023\/06\/merluza-argentina-150x85.jpg 150w, https:\/\/polarisum.com\/wp-content\/uploads\/2023\/06\/merluza-argentina-300x170.jpg 300w, https:\/\/polarisum.com\/wp-content\/uploads\/2023\/06\/merluza-argentina-285x162.jpg 285w\" sizes=\"(max-width: 600px) 100vw, 600px\" \/>\t\t\t\t\t\t\t\t<\/a>\n\t\t\t\t\t\t\t\t\t\t\t\t\t\t\t<\/div>\n\t\t\t\t<\/div>\n\t\t\t\t<div class=\"elementor-element elementor-element-742de260 elementor-widget elementor-widget-heading\" data-id=\"742de260\" data-element_type=\"widget\" data-widget_type=\"heading.default\">\n\t\t\t\t<div class=\"elementor-widget-container\">\n\t\t\t\t\t<h3 class=\"elementor-heading-title elementor-size-default elementor-heading-title elementor-align-after-center\">Merluza<\/h3>\t\t\t\t<\/div>\n\t\t\t\t<\/div>\n\t\t\t\t\t<\/div>\n\t\t<\/div>\n\t\t\t\t\t<\/div>\n\t\t<\/section>\n\t\t\t\t<section class=\"elementor-section elementor-top-section elementor-element elementor-element-26111760 elementor-section-boxed elementor-section-height-default elementor-section-height-default\" data-id=\"26111760\" data-element_type=\"section\">\n\t\t\t\t\t\t<div class=\"elementor-container elementor-column-gap-default\">\n\t\t\t\t\t<div class=\"elementor-column elementor-col-50 elementor-top-column elementor-element elementor-element-7c5871ae\" data-id=\"7c5871ae\" data-element_type=\"column\">\n\t\t\t<div class=\"elementor-widget-wrap elementor-element-populated\">\n\t\t\t\t\t\t<div class=\"elementor-element elementor-element-36d158c3 elementor-widget elementor-widget-image\" data-id=\"36d158c3\" data-element_type=\"widget\" data-widget_type=\"image.default\">\n\t\t\t\t<div class=\"elementor-widget-container\">\n\t\t\t\t\t\t\t\t\t\t\t\t\t\t\t\t<a href=\"https:\/\/polarisum.com\/fr\/encornet\/\">\n\t\t\t\t\t\t\t<img loading=\"lazy\" decoding=\"async\" width=\"600\" height=\"340\" src=\"https:\/\/polarisum.com\/wp-content\/uploads\/2023\/06\/pota-argentina.jpg\" class=\"attachment-full size-full wp-image-2552\" alt=\"\" srcset=\"https:\/\/polarisum.com\/wp-content\/uploads\/2023\/06\/pota-argentina.jpg 600w, https:\/\/polarisum.com\/wp-content\/uploads\/2023\/06\/pota-argentina-150x85.jpg 150w, https:\/\/polarisum.com\/wp-content\/uploads\/2023\/06\/pota-argentina-300x170.jpg 300w, https:\/\/polarisum.com\/wp-content\/uploads\/2023\/06\/pota-argentina-285x162.jpg 285w\" sizes=\"(max-width: 600px) 100vw, 600px\" \/>\t\t\t\t\t\t\t\t<\/a>\n\t\t\t\t\t\t\t\t\t\t\t\t\t\t\t<\/div>\n\t\t\t\t<\/div>\n\t\t\t\t<div class=\"elementor-element elementor-element-192d51aa elementor-widget elementor-widget-heading\" data-id=\"192d51aa\" data-element_type=\"widget\" data-widget_type=\"heading.default\">\n\t\t\t\t<div class=\"elementor-widget-container\">\n\t\t\t\t\t<h3 class=\"elementor-heading-title elementor-size-default elementor-heading-title elementor-align-after-center\">Pota<\/h3>\t\t\t\t<\/div>\n\t\t\t\t<\/div>\n\t\t\t\t\t<\/div>\n\t\t<\/div>\n\t\t\t\t<div class=\"elementor-column elementor-col-50 elementor-top-column elementor-element elementor-element-155d2a84\" data-id=\"155d2a84\" data-element_type=\"column\">\n\t\t\t<div class=\"elementor-widget-wrap elementor-element-populated\">\n\t\t\t\t\t\t<div class=\"elementor-element elementor-element-6ae60b7a elementor-widget elementor-widget-image\" data-id=\"6ae60b7a\" data-element_type=\"widget\" data-widget_type=\"image.default\">\n\t\t\t\t<div class=\"elementor-widget-container\">\n\t\t\t\t\t\t\t\t\t\t\t\t\t\t\t\t<a href=\"https:\/\/polarisum.com\/fr\/autres-especes-argentine\/\">\n\t\t\t\t\t\t\t<img loading=\"lazy\" decoding=\"async\" width=\"600\" height=\"340\" src=\"https:\/\/polarisum.com\/wp-content\/uploads\/2023\/06\/otras-especies-argentina.jpg\" class=\"attachment-full size-full wp-image-2559\" alt=\"\" srcset=\"https:\/\/polarisum.com\/wp-content\/uploads\/2023\/06\/otras-especies-argentina.jpg 600w, https:\/\/polarisum.com\/wp-content\/uploads\/2023\/06\/otras-especies-argentina-150x85.jpg 150w, https:\/\/polarisum.com\/wp-content\/uploads\/2023\/06\/otras-especies-argentina-300x170.jpg 300w, https:\/\/polarisum.com\/wp-content\/uploads\/2023\/06\/otras-especies-argentina-285x162.jpg 285w\" sizes=\"(max-width: 600px) 100vw, 600px\" \/>\t\t\t\t\t\t\t\t<\/a>\n\t\t\t\t\t\t\t\t\t\t\t\t\t\t\t<\/div>\n\t\t\t\t<\/div>\n\t\t\t\t<div class=\"elementor-element elementor-element-569fc61f elementor-widget elementor-widget-heading\" data-id=\"569fc61f\" data-element_type=\"widget\" data-widget_type=\"heading.default\">\n\t\t\t\t<div class=\"elementor-widget-container\">\n\t\t\t\t\t<h3 class=\"elementor-heading-title elementor-size-default elementor-heading-title elementor-align-after-center\">Otras Especies Argentina<\/h3>\t\t\t\t<\/div>\n\t\t\t\t<\/div>\n\t\t\t\t\t<\/div>\n\t\t<\/div>\n\t\t\t\t\t<\/div>\n\t\t<\/section>\n\t\t\t\t<\/div>\n\t\t","protected":false},"excerpt":{"rendered":"<p>Polaris Ursae Minoris S.L. NOUS SOMMES SYNONYME DE QUALIT\u00c9 GARANTIE, AVEC LE GO\u00dbT ET LA TEXTURE D&#8217;UN PRODUIT&#8230;<\/p>\n","protected":false},"author":1,"featured_media":0,"parent":0,"menu_order":0,"comment_status":"closed","ping_status":"closed","template":"elementor_header_footer","meta":{"footnotes":""},"class_list":["post-3454","page","type-page","status-publish","hentry"],"_links":{"self":[{"href":"https:\/\/polarisum.com\/fr\/wp-json\/wp\/v2\/pages\/3454","targetHints":{"allow":["GET"]}}],"collection":[{"href":"https:\/\/polarisum.com\/fr\/wp-json\/wp\/v2\/pages"}],"about":[{"href":"https:\/\/polarisum.com\/fr\/wp-json\/wp\/v2\/types\/page"}],"author":[{"embeddable":true,"href":"https:\/\/polarisum.com\/fr\/wp-json\/wp\/v2\/users\/1"}],"replies":[{"embeddable":true,"href":"https:\/\/polarisum.com\/fr\/wp-json\/wp\/v2\/comments?post=3454"}],"version-history":[{"count":18,"href":"https:\/\/polarisum.com\/fr\/wp-json\/wp\/v2\/pages\/3454\/revisions"}],"predecessor-version":[{"id":5425,"href":"https:\/\/polarisum.com\/fr\/wp-json\/wp\/v2\/pages\/3454\/revisions\/5425"}],"wp:attachment":[{"href":"https:\/\/polarisum.com\/fr\/wp-json\/wp\/v2\/media?parent=3454"}],"curies":[{"name":"wp","href":"https:\/\/api.w.org\/{rel}","templated":true}]}}