{"id":3667,"date":"2023-06-12T12:59:14","date_gmt":"2023-06-12T10:59:14","guid":{"rendered":"https:\/\/websgalicia.es\/test\/polarisum\/?page_id=3667"},"modified":"2023-06-16T13:59:26","modified_gmt":"2023-06-16T11:59:26","slug":"polaris","status":"publish","type":"page","link":"https:\/\/polarisum.com\/fr\/polaris\/","title":{"rendered":"CREVETTE"},"content":{"rendered":"\t\t<div data-elementor-type=\"wp-page\" data-elementor-id=\"3667\" class=\"elementor elementor-3667 elementor-2577\">\n\t\t\t\t\t\t<section class=\"elementor-section elementor-top-section elementor-element elementor-element-b2d2b93 elementor-section-boxed elementor-section-height-default elementor-section-height-default\" data-id=\"b2d2b93\" data-element_type=\"section\">\n\t\t\t\t\t\t<div class=\"elementor-container elementor-column-gap-default\">\n\t\t\t\t\t<div class=\"elementor-column elementor-col-100 elementor-top-column elementor-element elementor-element-5d68150\" data-id=\"5d68150\" data-element_type=\"column\">\n\t\t\t<div class=\"elementor-widget-wrap elementor-element-populated\">\n\t\t\t\t\t\t<div class=\"elementor-element elementor-element-68d651d elementor-widget elementor-widget-text-editor\" data-id=\"68d651d\" data-element_type=\"widget\" data-widget_type=\"text-editor.default\">\n\t\t\t\t<div class=\"elementor-widget-container\">\n\t\t\t\t\t\t\t\t\t<p>La <strong>crevette rouge<\/strong> est un de nos produits phares et elle se distingue essentiellement par sa texture ferme et son go\u00fbt prononc\u00e9. D\u00e9couvrez ci-apr\u00e8s plus d&#8217;informations sur ce produit si appr\u00e9ci\u00e9 par la gastronomie espagnole et de plus en plus consomm\u00e9 dans d&#8217;autres pays :<\/p>\t\t\t\t\t\t\t\t<\/div>\n\t\t\t\t<\/div>\n\t\t\t\t<div class=\"elementor-element elementor-element-842189e elementor-widget elementor-widget-spacer\" data-id=\"842189e\" data-element_type=\"widget\" data-widget_type=\"spacer.default\">\n\t\t\t\t<div class=\"elementor-widget-container\">\n\t\t\t\t\t\t\t<div class=\"elementor-spacer\">\n\t\t\t<div class=\"elementor-spacer-inner\"><\/div>\n\t\t<\/div>\n\t\t\t\t\t\t<\/div>\n\t\t\t\t<\/div>\n\t\t\t\t<div class=\"elementor-element elementor-element-c56fe37 elementor-widget elementor-widget-image\" data-id=\"c56fe37\" data-element_type=\"widget\" data-widget_type=\"image.default\">\n\t\t\t\t<div class=\"elementor-widget-container\">\n\t\t\t\t\t\t\t\t\t\t\t\t\t\t\t\t<a href=\"https:\/\/polarisum.com\/wp-content\/uploads\/2023\/06\/infografia_fr.png\" data-elementor-open-lightbox=\"yes\" data-elementor-lightbox-title=\"infografia_fr\" data-e-action-hash=\"#elementor-action%3Aaction%3Dlightbox%26settings%3DeyJpZCI6NDAzMSwidXJsIjoiaHR0cHM6XC9cL3BvbGFyaXN1bS5jb21cL3dwLWNvbnRlbnRcL3VwbG9hZHNcLzIwMjNcLzA2XC9pbmZvZ3JhZmlhX2ZyLnBuZyJ9\">\n\t\t\t\t\t\t\t<img fetchpriority=\"high\" decoding=\"async\" width=\"2560\" height=\"1440\" src=\"https:\/\/polarisum.com\/wp-content\/uploads\/2023\/06\/infografia_fr.png\" class=\"attachment-full size-full wp-image-4031\" alt=\"\" srcset=\"https:\/\/polarisum.com\/wp-content\/uploads\/2023\/06\/infografia_fr.png 2560w, https:\/\/polarisum.com\/wp-content\/uploads\/2023\/06\/infografia_fr-300x169.png 300w, https:\/\/polarisum.com\/wp-content\/uploads\/2023\/06\/infografia_fr-1024x576.png 1024w, https:\/\/polarisum.com\/wp-content\/uploads\/2023\/06\/infografia_fr-768x432.png 768w, https:\/\/polarisum.com\/wp-content\/uploads\/2023\/06\/infografia_fr-1536x864.png 1536w, https:\/\/polarisum.com\/wp-content\/uploads\/2023\/06\/infografia_fr-2048x1152.png 2048w, https:\/\/polarisum.com\/wp-content\/uploads\/2023\/06\/infografia_fr-285x160.png 285w, https:\/\/polarisum.com\/wp-content\/uploads\/2023\/06\/infografia_fr-1600x900.png 1600w, https:\/\/polarisum.com\/wp-content\/uploads\/2023\/06\/infografia_fr-660x371.png 660w, https:\/\/polarisum.com\/wp-content\/uploads\/2023\/06\/infografia_fr-150x84.png 150w\" sizes=\"(max-width: 2560px) 100vw, 2560px\" \/>\t\t\t\t\t\t\t\t<\/a>\n\t\t\t\t\t\t\t\t\t\t\t\t\t\t\t<\/div>\n\t\t\t\t<\/div>\n\t\t\t\t\t<\/div>\n\t\t<\/div>\n\t\t\t\t\t<\/div>\n\t\t<\/section>\n\t\t\t\t<\/div>\n\t\t","protected":false},"excerpt":{"rendered":"<p>La crevette rouge est un de nos produits phares et elle se distingue essentiellement par sa texture ferme&#8230;<\/p>\n","protected":false},"author":1,"featured_media":0,"parent":0,"menu_order":0,"comment_status":"closed","ping_status":"closed","template":"elementor_header_footer","meta":{"footnotes":""},"class_list":["post-3667","page","type-page","status-publish","hentry"],"_links":{"self":[{"href":"https:\/\/polarisum.com\/fr\/wp-json\/wp\/v2\/pages\/3667","targetHints":{"allow":["GET"]}}],"collection":[{"href":"https:\/\/polarisum.com\/fr\/wp-json\/wp\/v2\/pages"}],"about":[{"href":"https:\/\/polarisum.com\/fr\/wp-json\/wp\/v2\/types\/page"}],"author":[{"embeddable":true,"href":"https:\/\/polarisum.com\/fr\/wp-json\/wp\/v2\/users\/1"}],"replies":[{"embeddable":true,"href":"https:\/\/polarisum.com\/fr\/wp-json\/wp\/v2\/comments?post=3667"}],"version-history":[{"count":5,"href":"https:\/\/polarisum.com\/fr\/wp-json\/wp\/v2\/pages\/3667\/revisions"}],"predecessor-version":[{"id":4040,"href":"https:\/\/polarisum.com\/fr\/wp-json\/wp\/v2\/pages\/3667\/revisions\/4040"}],"wp:attachment":[{"href":"https:\/\/polarisum.com\/fr\/wp-json\/wp\/v2\/media?parent=3667"}],"curies":[{"name":"wp","href":"https:\/\/api.w.org\/{rel}","templated":true}]}}