{"id":4785,"date":"2023-06-12T08:52:53","date_gmt":"2023-06-12T06:52:53","guid":{"rendered":"https:\/\/polarisum.com\/?page_id=4785"},"modified":"2023-06-28T17:09:53","modified_gmt":"2023-06-28T15:09:53","slug":"politica-de-privacidad","status":"publish","type":"page","link":"https:\/\/polarisum.com\/fr\/politica-de-privacidad\/","title":{"rendered":"POLITIQUE DE CONFIDENTIALIT\u00c9"},"content":{"rendered":"\t\t<div data-elementor-type=\"wp-page\" data-elementor-id=\"4785\" class=\"elementor elementor-4785 elementor-3\">\n\t\t\t\t\t\t<section class=\"elementor-section elementor-top-section elementor-element elementor-element-7754b7e8 elementor-section-boxed elementor-section-height-default elementor-section-height-default\" data-id=\"7754b7e8\" data-element_type=\"section\">\n\t\t\t\t\t\t<div class=\"elementor-container elementor-column-gap-default\">\n\t\t\t\t\t<div class=\"elementor-column elementor-col-100 elementor-top-column elementor-element elementor-element-7682e2ad\" data-id=\"7682e2ad\" data-element_type=\"column\">\n\t\t\t<div class=\"elementor-widget-wrap elementor-element-populated\">\n\t\t\t\t\t\t<div class=\"elementor-element elementor-element-27a1d049 elementor-widget elementor-widget-text-editor\" data-id=\"27a1d049\" data-element_type=\"widget\" data-widget_type=\"text-editor.default\">\n\t\t\t\t<div class=\"elementor-widget-container\">\n\t\t\t\t\t\t\t\t\t<h2>1. DONN\u00c9ES D&#8217;IDENTIFICATION<\/h2><p>Les informations suivantes sont fournies conform\u00e9ment au devoir d&#8217;information stipul\u00e9 par l&#8217;article 10 de la Loi 34\/2002 du 11 juillet, sur les Services de la soci\u00e9t\u00e9 de l&#8217;information et du commerce \u00e9lectronique : l&#8217;entreprise titulaire de\u00a0<a href=\"https:\/\/polarisum.com\/fr\/polarisum.com\">www.polarisum.com<\/a>\u00a0es\u00a0<strong>PESCAPUERTA, S.A.<\/strong>\u00a0code d&#8217;identification fiscale espagnol A36.607.638 et si\u00e9geant, \u00e0 cet effet, Avda. Garc\u00eda Barb\u00f3n N\u00ba 109, 4\u00ba, 36.201, Vigo (Pontevedra &#8211; Espagne), courrier \u00e9lectronique de contact:\u00a0<a href=\"mailto:pescapuerta@pescapuerta.es\">pescapuerta@pescapuerta.es<\/a><\/p><h2>2. UTILISATEURS<\/h2><p>L&#8217;acc\u00e8s et\/ou l&#8217;utilisation du portail\u00a0<strong>PESCAPUERTA, S.A.<\/strong>\u00a0conf\u00e8re le statut d&#8217;UTILISATEUR ; ce dernier accepte, en y acc\u00e9dant et\/ou en l&#8217;utilisant, les Conditions g\u00e9n\u00e9rales d&#8217;utilisation ici \u00e9nonc\u00e9es. Lesdites conditions s&#8217;appliquent ind\u00e9pendamment des Conditions g\u00e9n\u00e9rales d&#8217;achat qui, le cas \u00e9ch\u00e9ant, doivent obligatoirement \u00eatre respect\u00e9es.<\/p><h2>3. UTILISATION DU PORTAIL<\/h2><p><a href=\"https:\/\/polarisum.com\/fr\/polarisum.com\">www.polarisum.com<\/a>\u00a0com fournit l&#8217;acc\u00e8s \u00e0 une multitude d&#8217;informations, de services, de programmes ou de donn\u00e9es (ci-apr\u00e8s \u00ab les contenus \u00bb) sur Internet appartenant \u00e0\u00a0<strong>PESCAPUERTA, S.A.<\/strong>\u00a0auxquels l&#8217;UTILISATEUR pourrait avoir acc\u00e8s. L&#8217;UTILISATEUR assume la responsabilit\u00e9 de l&#8217;utilisation du portail. Cette responsabilit\u00e9 s&#8217;\u00e9tend \u00e0 l&#8217;enregistrement qui pourrait s&#8217;av\u00e9rer n\u00e9cessaire pour acc\u00e9der \u00e0 certains services ou contenus.<\/p><p>Lors de cet enregistrement, l&#8217;UTILISATEUR est tenu de fournir des informations v\u00e9ridiques et licites. Suite \u00e0 cet enregistrement, l&#8217;UTILISATEUR peut se voir attribuer un mot de passe, dont il sera responsable ; il s&#8217;engage d&#8217;ailleurs \u00e0 en faire un usage appropri\u00e9 et confidentiel. L&#8217;UTILISATEUR s&#8217;engage \u00e0 faire un usage appropri\u00e9 des contenus et services que\u00a0<strong>PESCAPUERTA, S.A.<\/strong>\u00a0pr\u00eate par l&#8217;interm\u00e9diaire de son site web et \u00e0 ne pas les utiliser pour des activit\u00e9s qui pourraient \u00eatre illicites, contraires \u00e0 l&#8217;ordre public, \u00e0 la d\u00e9fense nationale ou \u00e0 la sant\u00e9 publique.<\/p><p>Dans tous les cas,\u00a0<strong>PESCAPUERTA, S.A.<\/strong>\u00a0se r\u00e9serve le droit : de modifier unilat\u00e9ralement, \u00e0 tout moment et sans pr\u00e9avis, la structure et le design du site web ; de modifier ou d&#8217;\u00e9liminer des services ou contenus, ainsi que les conditions d&#8217;acc\u00e8s et\/ou d&#8217;utilisation du site web.<\/p><p>De la m\u00eame mani\u00e8re,\u00a0<strong>PESCAPUERTA, S.A.<\/strong>\u00a0se r\u00e9serve le droit de modifier, \u00e0 tout moment, les pr\u00e9sentes conditions d&#8217;utilisation, ainsi que toute autre condition particuli\u00e8re incluse dans le site web\u00a0<a href=\"https:\/\/polarisum.com\/fr\/polarisum.com\">www.polarisum.com<\/a><\/p><h2>4. PROTECTION DES DONN\u00c9ES \u00c0 CARACT\u00c8RE PERSONNEL<\/h2><table border=\"1\" width=\"100%\"><tbody><tr><th colspan=\"2\" scope=\"col\"><strong>INFORMATIONS DE BASE SUR LA PROTECTION DES DONN\u00c9ES<\/strong><\/th><\/tr><tr><td><strong>Responsable<\/strong><\/td><td>PESCAPUERTA, S.A.<\/td><\/tr><tr><td><strong>But<\/strong><\/td><td>Gestion de la demande<\/td><\/tr><tr><td><strong>L\u00e9gitimation<\/strong><\/td><td>Ex\u00e9cution d&#8217;un contrat \/ prestation de services<\/td><\/tr><tr><td><strong>Destinataires<\/strong><\/td><td>Autres entreprises ou filiales du groupe<\/td><\/tr><tr><td><strong>Droits<\/strong><\/td><td>Vous pouvez avoir acc\u00e8s, rectifier, supprimer, limiter, vous opposer et demander la portabilit\u00e9 des donn\u00e9es fournies, comme l&#8217;indiquent les informations suppl\u00e9mentaires.<\/td><\/tr><tr><td><strong>Informations suppl\u00e9mentaires<\/strong><\/td><td>Vous pouvez consulter les informations suppl\u00e9mentaires d\u00e9taill\u00e9es sur la\u00a0<strong>+Protection des donn\u00e9es<\/strong><\/td><\/tr><\/tbody><\/table><h2>POLITIQUE DE CONFIDENTIALIT\u00c9 (II)<br \/>+Protection des donn\u00e9es<\/h2><table border=\"1\" width=\"100%\"><tbody><tr><th colspan=\"2\" scope=\"col\"><strong>INFORMATIONS D\u00c9TAILL\u00c9ES PROTECTION DES DONN\u00c9ES<\/strong><\/th><\/tr><tr><td><strong>Responsable<\/strong><\/td><td><strong>Qui est le Responsable du traitement de vos donn\u00e9es?<\/strong><br \/>Identit\u00e9: PESCAPUERTA, S.A.<br \/>Si\u00e8ge social: Avda. Garc\u00eda Barb\u00f3n N\u00ba 109, 4\u00ba, 36.201, Vigo (Pontevedra)<p>\u00a0<\/p>T\u00e9l\u00e9phone: 986 29 25 50<br \/>Courrier \u00e9lectronique:\u00a0<a href=\"mailto:pescapuerta@pescapuerta.es\">pescapuerta@pescapuerta.es<\/a><br \/>Contact DPD:<\/td><\/tr><tr><td><strong>But<\/strong><\/td><td><strong>Dans quel but traitons-nous vos donn\u00e9es personnelles?<\/strong><br \/><strong>PESCAPUERTA, S.A.<\/strong>\u00a0traite les informations transmises par les personnes int\u00e9ress\u00e9es dans le but de g\u00e9rer l&#8217;envoi d&#8217;informations ou des produits demand\u00e9s.<br \/>Les donn\u00e9es sont trait\u00e9es de mani\u00e8re automatis\u00e9e afin d&#8217;\u00e9laborer des profils \u00e0 partir des services demand\u00e9s ou des achats r\u00e9alis\u00e9s, pour pouvoir vous offrir des promotions, offres ou services auxquels vous avez pr\u00eat\u00e9 un int\u00e9r\u00eat.<br \/><strong>Pendant combien de temps conservons-nous vos donn\u00e9es?<\/strong><br \/>Les donn\u00e9es \u00e0 caract\u00e8re personnel fournies par l&#8217;utilisateur sont conserv\u00e9es tant que ce dernier ne demande pas leur suppression.<\/td><\/tr><tr><td><strong>L\u00e9gitimation<\/strong><\/td><td><p>Le fondement juridique pour le traitement de vos donn\u00e9es est l&#8217;ex\u00e9cution de votre demande.<\/p><\/td><\/tr><tr><td><strong>Destinataires<\/strong><\/td><td><strong>\u00c0 quels destinataires vos donn\u00e9es sont-elles communiqu\u00e9es ?<\/strong><br \/><strong>PESCAPUERTA, S.A.<\/strong>\u00a0peut c\u00e9der vos donn\u00e9es \u00e0 d&#8217;autres entreprises ou filiales du groupe, (telles que ROYAL BENGAL SEAFOOD SL, PESCAPUERTA TRADE SL, LOLIGO SEAFOOD SL, FORTITUDE FISHING SL, MENKENT SL, POLARIS URSAE MINORIS SL et ELMAR FROZEN FOOD SL) \u00e0 des fins administratives et de gestion interne.<\/td><\/tr><tr><td><strong>Droits<\/strong><\/td><td>L&#8217;utilisateur peut exercer \u00e0 tout moment ses droits d&#8217;acc\u00e8s, de rectification, de suppression, de limitation, d&#8217;opposition et de portabilit\u00e9 des donn\u00e9es fournies, au sens des dispositions du R\u00e8glement g\u00e9n\u00e9ral (UE) 2016\/679 sur la Protection des donn\u00e9es, en envoyant un document par \u00e9crit, signalant quel droit il d\u00e9sire exercer, au si\u00e8ge social indiqu\u00e9 ci-avant, en joignant une copie de sa carte d&#8217;identit\u00e9 \u00e0 l&#8217;adresse de courrier \u00e9lectronique\u00a0<a href=\"mailto:pescapuerta@pescapuerta.es\">pescapuerta@pescapuerta.es<\/a><br \/>L&#8217;int\u00e9ress\u00e9 a aussi le droit de d\u00e9poser une r\u00e9clamation aupr\u00e8s de l&#8217;autorit\u00e9 de contr\u00f4le.<\/td><\/tr><\/tbody><\/table><p>\u00a0<\/p><p>Conform\u00e9ment au R\u00e8glement g\u00e9n\u00e9ral (UE) 2016\/679 sur la Protection des donn\u00e9es, nous communiquons \u00e0 l&#8217;utilisateur que les donn\u00e9es \u00e0 caract\u00e8re personnel qu&#8217;il nous fournit volontairement, via les diff\u00e9rents moyens de collecte des informations, vont \u00eatre utilis\u00e9es dans le cadre des Activit\u00e9s de traitement automatis\u00e9 des donn\u00e9es \u00e0 caract\u00e8re personnel appartenant \u00e0\u00a0<strong>PESCAPUERTA, S.A.<\/strong>\u00a0dans le but de pouvoir pr\u00eater nos services et de le maintenir inform\u00e9 sur les aspects concernant l&#8217;activit\u00e9 de l&#8217;entreprise et ses services. Les champs signal\u00e9s par un \u00ab * \u00bb sont obligatoires. S&#8217;ils restent vides, l&#8217;UTILISATEUR ne peut pas profiter de certains des services et des informations propos\u00e9es par le Site. Les donn\u00e9es qu&#8217;ils contiennent sont trait\u00e9es de mani\u00e8re confidentielle.<\/p><p><strong>PESCAPUERTA, S.A.<\/strong>\u00a0respecte honn\u00eatement la l\u00e9gislation en vigueur en mati\u00e8re de protection des donn\u00e9es \u00e0 caract\u00e8re personnel, ainsi que les engagements de confidentialit\u00e9 inh\u00e9rents \u00e0 son activit\u00e9.<\/p><p><strong>PESCAPUERTA, S.A.<\/strong>\u00a0a adopt\u00e9 les mesures techniques n\u00e9cessaires pour respecter le niveau de s\u00e9curit\u00e9 exig\u00e9, en fonction du type de donn\u00e9es \u00e0 caract\u00e8re personnel trait\u00e9es et des circonstances de traitement, dans le but d&#8217;\u00e9viter, dans la mesure du possible et toujours en fonction de l&#8217;\u00e9tat de la technique, leur modification, leur perte, leur traitement ou un acc\u00e8s non autoris\u00e9. Pour la gestion susmentionn\u00e9e, les donn\u00e9es peuvent \u00eatre c\u00e9d\u00e9es \u00e0 des responsables du traitement, \u00e0 des entreprises collaboratrices et \u00e0 des administrations publiques (qui peuvent v\u00e9rifier la v\u00e9racit\u00e9 des donn\u00e9es).<\/p><p>Si l&#8217;UTILISATEUR transmet des donn\u00e9es \u00e0 caract\u00e8re personnel concernant des personnes physiques autres que lui-m\u00eame, l&#8217;UTILISATEUR doit, avant de les saisir, les informer du contenu de la pr\u00e9sente clause, conform\u00e9ment au R\u00e8glement g\u00e9n\u00e9ral (UE) 2016\/679 sur la Protection des donn\u00e9es.<\/p><p><strong>PESCAPUERTA, S.A.<\/strong>\u00a0en tant que responsable de l&#8217;Activit\u00e9 de traitement, garantit l&#8217;exercice des droits d&#8217;acc\u00e8s, de rectification, de suppression, de limitation, d&#8217;opposition et de portabilit\u00e9 des donn\u00e9es fournies, au sens des dispositions du R\u00e8glement g\u00e9n\u00e9ral (UE) 2016\/679 sur la Protection des donn\u00e9es ; l&#8217;UTILISATEUR peut exercer \u00e0 tout moment ces droits en contactant par \u00e9crit le si\u00e8ge social, en joignant une copie de sa carte d&#8217;identit\u00e9 ou de son passeport.<\/p><p><strong>PESCAPUERTA, S.A.<\/strong>\u00a0garantit que toute la correspondance commerciale envoy\u00e9e \u00e0 ses clients respecte la r\u00e9glementation en vigueur.<\/p><p>En cons\u00e9quence, conform\u00e9ment \u00e0 la Loi 34\/2002 sur les services de la soci\u00e9t\u00e9 de l&#8217;information et du commerce \u00e9lectronique et \u00e0 la Loi 9\/2014 g\u00e9n\u00e9rale sur les t\u00e9l\u00e9communications, l&#8217;UTILISATEUR est inform\u00e9 que\u00a0<strong>PESCAPUERTA, S.A.<\/strong>\u00a0peut lui envoyer, par des moyens \u00e9lectroniques, des informations sur les produits et services et il y pr\u00eate son consentement.<\/p><p>Il peut, \u00e0 tout moment, r\u00e9voquer cette autorisation en le communiquant au courrier \u00e9lectronique\u00a0<a href=\"mailto:pescapuerta@pescapuerta.es\">pescapuerta@pescapuerta.es<\/a>.<\/p>\t\t\t\t\t\t\t\t<\/div>\n\t\t\t\t<\/div>\n\t\t\t\t\t<\/div>\n\t\t<\/div>\n\t\t\t\t\t<\/div>\n\t\t<\/section>\n\t\t\t\t<\/div>\n\t\t","protected":false},"excerpt":{"rendered":"<p>1. DONN\u00c9ES D&#8217;IDENTIFICATION Les informations suivantes sont fournies conform\u00e9ment au devoir d&#8217;information stipul\u00e9 par l&#8217;article 10 de la&#8230;<\/p>\n","protected":false},"author":1,"featured_media":0,"parent":0,"menu_order":0,"comment_status":"closed","ping_status":"open","template":"","meta":{"footnotes":""},"class_list":["post-4785","page","type-page","status-publish","hentry"],"_links":{"self":[{"href":"https:\/\/polarisum.com\/fr\/wp-json\/wp\/v2\/pages\/4785","targetHints":{"allow":["GET"]}}],"collection":[{"href":"https:\/\/polarisum.com\/fr\/wp-json\/wp\/v2\/pages"}],"about":[{"href":"https:\/\/polarisum.com\/fr\/wp-json\/wp\/v2\/types\/page"}],"author":[{"embeddable":true,"href":"https:\/\/polarisum.com\/fr\/wp-json\/wp\/v2\/users\/1"}],"replies":[{"embeddable":true,"href":"https:\/\/polarisum.com\/fr\/wp-json\/wp\/v2\/comments?post=4785"}],"version-history":[{"count":5,"href":"https:\/\/polarisum.com\/fr\/wp-json\/wp\/v2\/pages\/4785\/revisions"}],"predecessor-version":[{"id":4790,"href":"https:\/\/polarisum.com\/fr\/wp-json\/wp\/v2\/pages\/4785\/revisions\/4790"}],"wp:attachment":[{"href":"https:\/\/polarisum.com\/fr\/wp-json\/wp\/v2\/media?parent=4785"}],"curies":[{"name":"wp","href":"https:\/\/api.w.org\/{rel}","templated":true}]}}