{"id":4822,"date":"2023-06-15T16:39:25","date_gmt":"2023-06-15T14:39:25","guid":{"rendered":"https:\/\/polarisum.com\/?page_id=4822"},"modified":"2023-06-28T17:15:05","modified_gmt":"2023-06-28T15:15:05","slug":"cookies","status":"publish","type":"page","link":"https:\/\/polarisum.com\/fr\/cookies\/","title":{"rendered":"POLITIQUE EN MATI\u00c8RE DE COOKIES"},"content":{"rendered":"\t\t<div data-elementor-type=\"wp-page\" data-elementor-id=\"4822\" class=\"elementor elementor-4822 elementor-3812\">\n\t\t\t\t\t\t<section class=\"elementor-section elementor-top-section elementor-element elementor-element-052369f elementor-section-boxed elementor-section-height-default elementor-section-height-default\" data-id=\"052369f\" data-element_type=\"section\">\n\t\t\t\t\t\t<div class=\"elementor-container elementor-column-gap-default\">\n\t\t\t\t\t<div class=\"elementor-column elementor-col-100 elementor-top-column elementor-element elementor-element-7d2a59a\" data-id=\"7d2a59a\" data-element_type=\"column\">\n\t\t\t<div class=\"elementor-widget-wrap elementor-element-populated\">\n\t\t\t\t\t\t<div class=\"elementor-element elementor-element-114e10c elementor-widget elementor-widget-text-editor\" data-id=\"114e10c\" data-element_type=\"widget\" data-widget_type=\"text-editor.default\">\n\t\t\t\t<div class=\"elementor-widget-container\">\n\t\t\t\t\t\t\t\t\t<p>Conform\u00e9ment \u00e0 la norme espagnole r\u00e9glementant l&#8217;utilisation des cookies n\u00e9cessaires \u00e0 la prestation de services de la soci\u00e9t\u00e9 de l&#8217;information, \u00e9nonc\u00e9e par l&#8217;alin\u00e9a deux de l&#8217;article 22 de la Loi 34\/2002, du 11 juillet, sur les services de la soci\u00e9t\u00e9 de l&#8217;information et du commerce \u00e9lectronique, apr\u00e8s sa modification par le D\u00e9cret royal loi 13\/2012, du 30 mars, nous vous informons sur les cookies utilis\u00e9s par le site web\u00a0<a href=\"https:\/\/polarisum.com\/fr\/pescapuerta.es\">www.pescapuerta.es<\/a>\u00a0et sur le motif de leur utilisation. Aussi, nous vous informons que, conform\u00e9ment \u00e0 la loi, il est entendu que (i) l&#8217;UTILISATEUR donne son consentement pour pouvoir les utiliser, s&#8217;il modifie la configuration de son navigateur en d\u00e9sactivant les restrictions emp\u00eachant l&#8217;entr\u00e9e des cookies et (ii) que ce consentement-ci n&#8217;est pas n\u00e9cessaire pour l&#8217;installation des cookies qui sont uniquement n\u00e9cessaires pour pr\u00eater un service express\u00e9ment demand\u00e9 par l&#8217;UTILISATEUR.<\/p><h2>QUE SONT LES COOKIES ?<\/h2><p>Les cookies sont des petits fichiers de texte qui s&#8217;installent dans le navigateur de l&#8217;ordinateur de l&#8217;UTILISATEUR, pour enregistrer son activit\u00e9, en envoyant une identification anonyme qui y reste stock\u00e9e, afin que la navigation soit plus simple. De cette mani\u00e8re, les UTILISATEURS pr\u00e9alablement enregistr\u00e9s ont acc\u00e8s aux zones, services ou promotions qui leur sont exclusivement r\u00e9serv\u00e9s sans devoir r\u00e9aliser l&#8217;enregistrement lors de chaque visite. Ils peuvent d&#8217;ailleurs \u00eatre utilis\u00e9s pour mesurer l&#8217;audience, des param\u00e8tres de trafic et de navigation, la dur\u00e9e de la session et\/ou contr\u00f4ler la progression et le nombre d&#8217;entr\u00e9es. Les cookies sont associ\u00e9s uniquement \u00e0 un utilisateur anonyme et \u00e0 son ordinateur ou dispositif, sans fournir de r\u00e9f\u00e9rences permettant d&#8217;avoir acc\u00e8s \u00e0 ses donn\u00e9es personnelles.<\/p><h2>TYPES DE COOKIES<\/h2><p>1.- Cookies propres: Ce sont ceux envoy\u00e9s aux \u00e9quipements terminaux de l&#8217;utilisateur \u00e0 partir d&#8217;un \u00e9quipement ou d&#8217;un domaine g\u00e9r\u00e9 par le propre \u00e9diteur et depuis lequel le service demand\u00e9 par l&#8217;utilisateur est pr\u00eat\u00e9.<\/p><p>2.- Cookies de tiers: Ce sont ceux envoy\u00e9s aux \u00e9quipements terminaux de l&#8217;utilisateur par un \u00e9quipement ou un domaine qui n&#8217;est pas g\u00e9r\u00e9 par l&#8217;\u00e9diteur, mais par une autre entit\u00e9 qui traite les donn\u00e9es obtenues \u00e0 partir des cookies.<\/p><p>3.- Cookies de session: Ce sont ceux con\u00e7us pour recueillir et stocker des donn\u00e9es pendant que l&#8217;utilisateur acc\u00e8de \u00e0 un site web.<\/p><p>4.- Cookies persistants: Avec ces cookies, les donn\u00e9es restent enregistr\u00e9es sur le terminal et elles peuvent \u00eatre consult\u00e9es et trait\u00e9es pendant une dur\u00e9e, pouvant aller de quelques minutes \u00e0 plusieurs ann\u00e9es, d\u00e9finie par le responsable du cookie.<\/p><p>5.- Cookies techniques: Ces cookies permettent \u00e0 l&#8217;utilisateur de naviguer sur un site web et d&#8217;utiliser les diff\u00e9rentes options ou services qui y figurent tels que, par exemple, contr\u00f4ler le trafic et la communication de donn\u00e9es, identifier la session, acc\u00e9der aux parties \u00e0 l&#8217;acc\u00e8s restreint, r\u00e9cup\u00e9rer les \u00e9l\u00e9ments qui composent une commande, stocker des contenus pour la diffusion de vid\u00e9os ou de son ou partager des contenus via les r\u00e9seaux sociaux.<\/p><p>6.- Cookies de personnalisation: Gr\u00e2ce \u00e0 ces cookies, l&#8217;utilisateur peut acc\u00e9der au service avec certaines caract\u00e9ristiques g\u00e9n\u00e9rales pr\u00e9d\u00e9termin\u00e9es en fonction d&#8217;une s\u00e9rie de crit\u00e8res sur l&#8217;\u00e9quipement terminal de l&#8217;utilisateur, tels que, par exemple, la langue, le type de navigateur via lequel l&#8217;acc\u00e8s au service est r\u00e9alis\u00e9, etc.<\/p><p>7.- Cookies d&#8217;analyse: Ces cookies, trait\u00e9s par nous ou par des tiers, permettent de quantifier le nombre d&#8217;utilisateurs et ainsi r\u00e9aliser la mesure et l&#8217;analyse statistique de l&#8217;utilisation que les utilisateurs font du service propos\u00e9. Pour ce faire, votre navigation sur notre site web est analys\u00e9e afin d&#8217;am\u00e9liorer l&#8217;offre de produits ou de services que nous proposons.<\/p><p>8.- Cookies publicitaires: Ces cookies permettent de g\u00e9rer, de la fa\u00e7on la plus efficace possible, des espaces publicitaires que l&#8217;\u00e9diteur a inclus, le cas \u00e9ch\u00e9ant, dans un site web, une application ou une plate-forme \u00e0 partir duquel ou de laquelle il fournit le service demand\u00e9 sur la base de crit\u00e8res tels que le contenu \u00e9dit\u00e9 ou la fr\u00e9quence \u00e0 laquelle les publicit\u00e9s sont affich\u00e9es.<\/p><p>9.- Cookies de publicit\u00e9 comportementale: Ces cookies permettent de g\u00e9rer, de la fa\u00e7on la plus efficace possible, des espaces publicitaires que l&#8217;\u00e9diteur a inclus, le cas \u00e9ch\u00e9ant, dans un site web, une application ou une plate-forme \u00e0 partir duquel ou de laquelle il fournit le service demand\u00e9. Ces cookies stockent des informations sur le comportement des utilisateurs obtenues via l&#8217;observation continue de ses habitudes de navigation, permettant ainsi d&#8217;\u00e9tablir un profil sp\u00e9cifique afin d&#8217;afficher la publicit\u00e9 en fonction de ce dernier.<\/p><h2>TYPES DE COOKIES UTILIS\u00c9S PAR LE PR\u00c9SENT SITE INTERNET<\/h2><p>Les cookies utilis\u00e9s par notre site Web sont de session et de tiers. Ils nous permettent de sauvegarder et d&#8217;avoir acc\u00e8s aux informations sur la langue, le type de navigateur utilis\u00e9 et d&#8217;autres caract\u00e9ristiques g\u00e9n\u00e9rales pr\u00e9d\u00e9finies par l&#8217;utilisateur, ainsi que de suivre et d&#8217;analyser l&#8217;activit\u00e9 r\u00e9alis\u00e9e, dans le but d&#8217;introduire des am\u00e9liorations et de pr\u00eater nos services d&#8217;une mani\u00e8re plus efficace et personnalis\u00e9e.\u00a0<strong>PESCAPUERTA, S.A.<\/strong>\u00a0n&#8217;utilise pas des cookies publicitaires ou de publicit\u00e9 comportementale.<\/p><p>L&#8217;utilisation des cookies offre des avantages pour la prestation de services, \u00e9tant donn\u00e9 que la navigation et l&#8217;acc\u00e8s aux diff\u00e9rents services offerts par le site sont facilit\u00e9s pour l&#8217;utilisateur ; elle \u00e9vite \u00e0 l&#8217;utilisateur de devoir configurer les caract\u00e9ristiques pr\u00e9d\u00e9finies chaque fois qu&#8217;il visite un site ; et elle permet d&#8217;am\u00e9liorer le fonctionnement et les services pr\u00eat\u00e9s par le site, apr\u00e8s l&#8217;analyse correspondante des informations obtenues gr\u00e2ce aux cookies install\u00e9s.<\/p><table border=\"1\" width=\"100%\"><tbody><tr><th scope=\"col\"><strong>Cookie<\/strong><\/th><th scope=\"col\"><strong>Nom<\/strong><\/th><th scope=\"col\"><strong>Type<\/strong><\/th><th scope=\"col\"><strong>But<\/strong><\/th><th scope=\"col\"><strong>Dur\u00e9e<\/strong><\/th><th scope=\"col\"><strong>En savoir plus<\/strong><\/th><\/tr><tr><td rowspan=\"3\" align=\"center\" valign=\"middle\"><strong>pescapuerta.es<\/strong><\/td><td align=\"center\" valign=\"middle\">_ga<\/td><td rowspan=\"3\" align=\"center\" valign=\"middle\">De tiers: Google Analytics<\/td><td align=\"center\" valign=\"middle\">Il est utilis\u00e9 pour faire la diff\u00e9rence entre les utilisateurs et les sessions. Le cookie est cr\u00e9\u00e9 lors du chargement de la biblioth\u00e8que javascript, s&#8217;il n&#8217;y a pas d\u00e9j\u00e0 une version du cookie _ga. Ce cookie est mis \u00e0 jour chaque fois qu&#8217;il envoie les donn\u00e9es \u00e0 Google Analytics.<\/td><td align=\"center\" valign=\"middle\">2 ans<\/td><td rowspan=\"3\" align=\"center\" valign=\"middle\"><a href=\"https:\/\/developers.google.com\/analytics\/devguides\/collection\/analyticsjs\/cookie-usage?hl=es-419\" target=\"_blank\" rel=\"noopener\">https:\/\/developers.google.com\/analytics\/devguides\/collection\/analyticsjs\/cookie-usage?hl=es-419<\/a><\/td><\/tr><tr><td align=\"center\" valign=\"middle\">_gat<\/td><td align=\"center\" valign=\"middle\">Il est utilis\u00e9 pour faire la diff\u00e9rence entre les diff\u00e9rents objets de suivi cr\u00e9\u00e9s lors de la session. Le cookie est cr\u00e9\u00e9 lors du chargement de la biblioth\u00e8que javascript, s&#8217;il n&#8217;y a pas d\u00e9j\u00e0 une version du cookie _gat. Ce cookie est mis \u00e0 jour chaque fois qu&#8217;il envoie les donn\u00e9es \u00e0 Google Analytics.<\/td><td align=\"center\" valign=\"middle\">1 minute<\/td><\/tr><tr><td align=\"center\" valign=\"middle\">_gid<\/td><td align=\"center\" valign=\"middle\">Il est utilis\u00e9 pour distinguer les utilisateurs.<\/td><td align=\"center\" valign=\"middle\">1 jour<\/td><\/tr><\/tbody><\/table><p>REMARQUE: Certaines pages de ce site pr\u00e9sentent un contenu int\u00e9gr\u00e9 ou invoqu\u00e9 \u00e0 partir duquel des cookies de tiers peuvent \u00eatre install\u00e9s. M\u00eame si la page est v\u00e9rifi\u00e9e souvent, il se peut que la liste des cookies ne soit pas \u00e0 jour. Si vous d\u00e9sirez poser des questions sur les cookies install\u00e9s via notre site, veuillez nous contacter.<\/p><h2>D\u00c9SACTIVATION DES COOKIES<\/h2><p>En tant qu&#8217;utilisateur, vous pouvez avoir acc\u00e8s \u00e0 tout moment \u00e0 la configuration de votre navigateur pour accepter ou refuser tous les cookies ou pour choisir ceux dont vous accepter l&#8217;installation ou pas, en suivant certaines consignes qui varient en fonction du navigateur utilis\u00e9 :<\/p><p>Comme chaque navigateur permet de le faire diff\u00e9remment, consultez la fonction d&#8217;aide de votre navigateur.<\/p><ul><li><strong>InternetExplorer:<\/strong>\u00a0<a href=\"https:\/\/support.microsoft.com\/en-us\/help\/17442\/windows-internet-explorer-delete-manage-cookies\" target=\"_blank\" rel=\"noopener\">windows.microsoft.com\/es-xl\/internet-explorer\/delete-manage-cookies#ie=&#8221;ie-10&#8243;<\/a><\/li><li><strong>FireFox:<\/strong>\u00a0<a href=\"http:\/\/support.mozilla.org\/es\/kb\/Borrar%20cookies\" target=\"_blank\" rel=\"noopener\">support.mozilla.org\/es\/kb\/Borrar%20cookies<\/a><\/li><li><strong>Chrome:<\/strong>\u00a0<a href=\"http:\/\/support.google.com\/chrome\/answer\/95647?hl=\" target=\"_blank\" rel=\"noopener\">support.google.com\/chrome\/answer\/95647?hl=&#8221;es&#8221;<\/a><\/li><li><strong>Safari:<\/strong>\u00a0<a href=\"http:\/\/www.apple.com\/es\/privacy\/use-of-cookies\/\" target=\"_blank\" rel=\"noopener\">www.apple.com\/es\/privacy\/use-of-cookies\/<\/a><\/li><\/ul><p>Tous les navigateurs vous laissent changer la configuration des Cookies. Ces param\u00e8tres se trouvent habituellement dans la rubrique \u00ab options \u00bb ou \u00ab Pr\u00e9f\u00e9rences \u00bb du menu de votre navigateur. Ci-apr\u00e8s, vous trouverez des informations pour avoir acc\u00e8s au menu de configuration des cookies et, le cas \u00e9ch\u00e9ant, \u00e0 la navigation priv\u00e9e depuis les principaux navigateurs :<\/p><p><strong>InternetExplorer:<\/strong>\u00a0Outils -&gt; Options Internet -&gt; Confidentialit\u00e9 -&gt; Param\u00e8tres.<br \/>Pour plus d&#8217;informations, veuillez consulter\u00a0<a href=\"https:\/\/support.microsoft.com\/en-us\/products\/windows%20-%20top-solutions=windows-7\" target=\"_blank\" rel=\"noopener\">soporte de Microsoft<\/a>\u00a0ou l&#8217;aide de votre navigateur.<\/p><p><strong>Firefox:<\/strong>\u00a0Outils -&gt; Options Internet -&gt; Confidentialit\u00e9 -&gt; Historique -&gt; Configuration personnalis\u00e9e.<br \/>Pour plus d&#8217;informations, veuillez consulter\u00a0<a href=\"https:\/\/support.mozilla.org\/es\/\" target=\"_blank\" rel=\"noopener\">l&#8217;assistance Mozilla<\/a>\u00a0ou l&#8217;aide de votre navigateur.<\/p><p><strong>Chrome:<\/strong>\u00a0Param\u00e8tres -&gt; Param\u00e8tres avanc\u00e9s -&gt; Confidentialit\u00e9 -&gt; Param\u00e8tres du contenu.<br \/>Pour plus d&#8217;informations, veuillez consulter\u00a0<a href=\"https:\/\/support.google.com\/chrome\/?hl=es%20-%20topic=3227046\" target=\"_blank\" rel=\"noopener\">l&#8217;assistance Google<\/a>\u00a0ou l&#8217;aide de votre navigateur.<\/p><p><strong>Safari:<\/strong>\u00a0Pr\u00e9f\u00e9rences -&gt; S\u00e9curit\u00e9.<br \/>Pour plus d&#8217;informations, veuillez consulter\u00a0<a href=\"https:\/\/support.apple.com\/es-es\/safari7\" target=\"_blank\" rel=\"noopener\">l&#8217;assistance Apple<\/a>\u00a0ou l&#8217;aide de votre navigateur.<\/p><p>Pour de plus amples informations, n&#8217;h\u00e9sitez pas \u00e0 nous contacter \u00e0 l&#8217;adresse de courrier \u00e9lectronique suivanteo:\u00a0<a href=\"mailto:pescapuerta@pescapuerta.es\">pescapuerta@pescapuerta.es<\/a><\/p>\t\t\t\t\t\t\t\t<\/div>\n\t\t\t\t<\/div>\n\t\t\t\t\t<\/div>\n\t\t<\/div>\n\t\t\t\t\t<\/div>\n\t\t<\/section>\n\t\t\t\t<\/div>\n\t\t","protected":false},"excerpt":{"rendered":"<p>Conform\u00e9ment \u00e0 la norme espagnole r\u00e9glementant l&#8217;utilisation des cookies n\u00e9cessaires \u00e0 la prestation de services de la soci\u00e9t\u00e9&#8230;<\/p>\n","protected":false},"author":1,"featured_media":0,"parent":0,"menu_order":0,"comment_status":"closed","ping_status":"closed","template":"","meta":{"footnotes":""},"class_list":["post-4822","page","type-page","status-publish","hentry"],"_links":{"self":[{"href":"https:\/\/polarisum.com\/fr\/wp-json\/wp\/v2\/pages\/4822","targetHints":{"allow":["GET"]}}],"collection":[{"href":"https:\/\/polarisum.com\/fr\/wp-json\/wp\/v2\/pages"}],"about":[{"href":"https:\/\/polarisum.com\/fr\/wp-json\/wp\/v2\/types\/page"}],"author":[{"embeddable":true,"href":"https:\/\/polarisum.com\/fr\/wp-json\/wp\/v2\/users\/1"}],"replies":[{"embeddable":true,"href":"https:\/\/polarisum.com\/fr\/wp-json\/wp\/v2\/comments?post=4822"}],"version-history":[{"count":5,"href":"https:\/\/polarisum.com\/fr\/wp-json\/wp\/v2\/pages\/4822\/revisions"}],"predecessor-version":[{"id":4827,"href":"https:\/\/polarisum.com\/fr\/wp-json\/wp\/v2\/pages\/4822\/revisions\/4827"}],"wp:attachment":[{"href":"https:\/\/polarisum.com\/fr\/wp-json\/wp\/v2\/media?parent=4822"}],"curies":[{"name":"wp","href":"https:\/\/api.w.org\/{rel}","templated":true}]}}