{"id":3494,"date":"2020-09-24T10:02:53","date_gmt":"2020-09-24T08:02:53","guid":{"rendered":"https:\/\/websgalicia.es\/test\/polarisum\/?post_type=product&#038;p=3494"},"modified":"2023-06-16T11:49:52","modified_gmt":"2023-06-16T09:49:52","slug":"crevette-rouge-dargentine-entiere","status":"publish","type":"product","link":"https:\/\/polarisum.com\/fr\/crevette\/crevette-rouge-dargentine-entiere\/","title":{"rendered":"Crevette rouge d&#8217;Argentine enti\u00e8re"},"content":{"rendered":"<div class=\"table-responsive\">\n<table class=\"table\">\n<thead>\n<tr>\n<td>Codification<\/td>\n<td>Moule<\/td>\n<td>Pr\u00e9sentation<\/td>\n<td>Poids net<\/td>\n<\/tr>\n<\/thead>\n<tbody>\n<tr>\n<td>N\u00ba 1<\/td>\n<td>10-20 pi\u00e8ces\/kg<\/td>\n<td>\u00c9tui<\/td>\n<td>10&#215;1 Kg, 6&#215;2 Kg<\/td>\n<\/tr>\n<tr>\n<td>N\u00ba 2<\/td>\n<td>21-30 pi\u00e8ces\/kg<\/td>\n<td>\u00c9tui<\/td>\n<td>0x1 Kg, 6&#215;2 Kg<\/td>\n<\/tr>\n<tr>\n<td>N\u00ba 3<\/td>\n<td>31-40 pi\u00e8ces\/kg<\/td>\n<td>\u00c9tui<\/td>\n<td>10&#215;1 Kg, 6&#215;2 Kg<\/td>\n<\/tr>\n<tr>\n<td>N\u00ba 4<\/td>\n<td>41-60 pi\u00e8ces\/kg<\/td>\n<td>\u00c9tui<\/td>\n<td>10&#215;1 Kg, 6&#215;2 Kg<\/td>\n<\/tr>\n<tr>\n<td>N\u00ba 5<\/td>\n<td>61-80 pi\u00e8ces\/kg<\/td>\n<td>\u00c9tui<\/td>\n<td>10&#215;1 Kg, 6&#215;2 Kg<\/td>\n<\/tr>\n<\/tbody>\n<\/table>\n<\/div>\n<hr \/>\n<p style=\"text-align: center;\"><strong>Des \u00e9tablissements producteurs agr\u00e9\u00e9s UE<\/strong><br \/>\n<strong>Argentina: MARA I 2690, Estrella Patag\u00f3nica S.A. 3890<\/strong><\/p>\n","protected":false},"excerpt":{"rendered":"<p><strong>Nom scientifique<\/strong><br \/>\nPleoticus muelleri<\/p>\n<p><strong>Description<\/strong><br \/>\nQueues de crevette rouge d&#8217;Argentine avec peau<\/p>\n<p><strong>Surg\u00e9lation<\/strong><br \/>\nSite et \u00c0 bord<\/p>\n","protected":false},"featured_media":2900,"template":"","meta":[],"product_cat":[116],"product_tag":[],"class_list":{"0":"post-3494","1":"product","2":"type-product","3":"status-publish","4":"has-post-thumbnail","6":"product_cat-crevette","8":"first","9":"instock","10":"shipping-taxable","11":"product-type-simple"},"_links":{"self":[{"href":"https:\/\/polarisum.com\/fr\/wp-json\/wp\/v2\/product\/3494","targetHints":{"allow":["GET"]}}],"collection":[{"href":"https:\/\/polarisum.com\/fr\/wp-json\/wp\/v2\/product"}],"about":[{"href":"https:\/\/polarisum.com\/fr\/wp-json\/wp\/v2\/types\/product"}],"wp:featuredmedia":[{"embeddable":true,"href":"https:\/\/polarisum.com\/fr\/wp-json\/wp\/v2\/media\/2900"}],"wp:attachment":[{"href":"https:\/\/polarisum.com\/fr\/wp-json\/wp\/v2\/media?parent=3494"}],"wp:term":[{"taxonomy":"product_cat","embeddable":true,"href":"https:\/\/polarisum.com\/fr\/wp-json\/wp\/v2\/product_cat?post=3494"},{"taxonomy":"product_tag","embeddable":true,"href":"https:\/\/polarisum.com\/fr\/wp-json\/wp\/v2\/product_tag?post=3494"}],"curies":[{"name":"wp","href":"https:\/\/api.w.org\/{rel}","templated":true}]}}