{"id":3500,"date":"2023-06-12T17:15:50","date_gmt":"2023-06-12T15:15:50","guid":{"rendered":"https:\/\/websgalicia.es\/test\/polarisum\/?post_type=product&#038;p=3500"},"modified":"2023-06-16T11:50:53","modified_gmt":"2023-06-16T09:50:53","slug":"queues-de-crevette-rouge-dargentine-avec-peau","status":"publish","type":"product","link":"https:\/\/polarisum.com\/fr\/crevette\/queues-de-crevette-rouge-dargentine-avec-peau\/","title":{"rendered":"Queues de crevette rouge d&#8217;Argentine avec peau"},"content":{"rendered":"<div class=\"table-responsive\">\n<table class=\"table\">\n<thead>\n<tr>\n<td>Codification<\/td>\n<td>Moule<\/td>\n<td>Pr\u00e9sentation<\/td>\n<td>Poids net<\/td>\n<\/tr>\n<\/thead>\n<tbody>\n<tr>\n<td>C1<\/td>\n<td>30-55 pi\u00e8ces\/kg<\/td>\n<td>\u00c9tui<\/td>\n<td>6&#215;2 Kg<\/td>\n<\/tr>\n<tr>\n<td>C2<\/td>\n<td>55-80 pi\u00e8ces\/kg<\/td>\n<td>\u00c9tui<\/td>\n<td>6&#215;2 Kg<\/td>\n<\/tr>\n<tr>\n<td>C3<\/td>\n<td>&gt;80 pi\u00e8ces\/kg<\/td>\n<td>\u00c9tui<\/td>\n<td>6&#215;2 Kg<\/td>\n<\/tr>\n<tr>\n<td>S\/C<\/td>\n<td>S\/C<\/td>\n<td>\u00c9tui<\/td>\n<td>6&#215;2 Kg<\/td>\n<\/tr>\n<\/tbody>\n<\/table>\n<\/div>\n<hr>\n<p style=\"text-align: center;\"><strong>Des \u00e9tablissements producteurs agr\u00e9\u00e9s UE<\/strong><br \/>\n<strong>Argentina: MARA I 2690, Estrella Patag\u00f3nica S.A. 3890<\/strong><\/p>\n","protected":false},"excerpt":{"rendered":"<p><strong>Nom scientifique<\/strong><br \/>\nPleoticus muelleri<\/p>\n<p><strong>Description<\/strong><br \/>\nQueues pel\u00e9es de crevette rouge d&#8217;Argentine<br \/>\n<strong><br \/>\nSurg\u00e9lation<\/strong><br \/>\nSite et \u00c0 bord<\/p>\n","protected":false},"featured_media":2893,"template":"","meta":[],"product_cat":[116],"product_tag":[],"class_list":{"0":"post-3500","1":"product","2":"type-product","3":"status-publish","4":"has-post-thumbnail","6":"product_cat-crevette","8":"first","9":"instock","10":"shipping-taxable","11":"product-type-simple"},"_links":{"self":[{"href":"https:\/\/polarisum.com\/fr\/wp-json\/wp\/v2\/product\/3500","targetHints":{"allow":["GET"]}}],"collection":[{"href":"https:\/\/polarisum.com\/fr\/wp-json\/wp\/v2\/product"}],"about":[{"href":"https:\/\/polarisum.com\/fr\/wp-json\/wp\/v2\/types\/product"}],"wp:featuredmedia":[{"embeddable":true,"href":"https:\/\/polarisum.com\/fr\/wp-json\/wp\/v2\/media\/2893"}],"wp:attachment":[{"href":"https:\/\/polarisum.com\/fr\/wp-json\/wp\/v2\/media?parent=3500"}],"wp:term":[{"taxonomy":"product_cat","embeddable":true,"href":"https:\/\/polarisum.com\/fr\/wp-json\/wp\/v2\/product_cat?post=3500"},{"taxonomy":"product_tag","embeddable":true,"href":"https:\/\/polarisum.com\/fr\/wp-json\/wp\/v2\/product_tag?post=3500"}],"curies":[{"name":"wp","href":"https:\/\/api.w.org\/{rel}","templated":true}]}}