{"id":3506,"date":"2023-06-12T19:12:27","date_gmt":"2023-06-12T17:12:27","guid":{"rendered":"https:\/\/websgalicia.es\/test\/polarisum\/?post_type=product&#038;p=3506"},"modified":"2023-06-16T12:49:45","modified_gmt":"2023-06-16T10:49:45","slug":"queues-pelees-de-crevette-rouge-dargentine","status":"publish","type":"product","link":"https:\/\/polarisum.com\/fr\/crevette\/queues-pelees-de-crevette-rouge-dargentine\/","title":{"rendered":"Queues pel\u00e9es de crevette rouge d&#8217;Argentine"},"content":{"rendered":"<div class=\"table-responsive\">\n<table class=\"table\">\n<thead>\n<tr>\n<td>Moule<\/td>\n<td>Pr\u00e9sentation<\/td>\n<td>Poids net<\/td>\n<\/tr>\n<\/thead>\n<tbody>\n<tr>\n<td>50-70 unit\u00e9s\/sachet<\/td>\n<td>Sachet<\/td>\n<td>5&#215;1 Kg<\/td>\n<\/tr>\n<\/tbody>\n<\/table>\n<\/div>\n<hr \/>\n<p style=\"text-align: center;\"><strong>Des \u00e9tablissements producteurs agr\u00e9\u00e9s UE<\/strong><br \/>\n<strong>Argentina: <\/strong><\/p>\n","protected":false},"excerpt":{"rendered":"<p><strong>Nom scientifique<\/strong><br \/>\nPleoticus muelleri<\/p>\n<p><strong>Description<\/strong><br \/>\nMerlu austral sans t\u00eate, sans queue, sans visc\u00e8re<\/p>\n<p><strong>Surg\u00e9lation<\/strong><br \/>\nSite<\/p>\n","protected":false},"featured_media":2946,"template":"","meta":[],"product_cat":[116],"product_tag":[],"class_list":{"0":"post-3506","1":"product","2":"type-product","3":"status-publish","4":"has-post-thumbnail","6":"product_cat-crevette","8":"first","9":"instock","10":"shipping-taxable","11":"product-type-simple"},"_links":{"self":[{"href":"https:\/\/polarisum.com\/fr\/wp-json\/wp\/v2\/product\/3506","targetHints":{"allow":["GET"]}}],"collection":[{"href":"https:\/\/polarisum.com\/fr\/wp-json\/wp\/v2\/product"}],"about":[{"href":"https:\/\/polarisum.com\/fr\/wp-json\/wp\/v2\/types\/product"}],"wp:featuredmedia":[{"embeddable":true,"href":"https:\/\/polarisum.com\/fr\/wp-json\/wp\/v2\/media\/2946"}],"wp:attachment":[{"href":"https:\/\/polarisum.com\/fr\/wp-json\/wp\/v2\/media?parent=3506"}],"wp:term":[{"taxonomy":"product_cat","embeddable":true,"href":"https:\/\/polarisum.com\/fr\/wp-json\/wp\/v2\/product_cat?post=3506"},{"taxonomy":"product_tag","embeddable":true,"href":"https:\/\/polarisum.com\/fr\/wp-json\/wp\/v2\/product_tag?post=3506"}],"curies":[{"name":"wp","href":"https:\/\/api.w.org\/{rel}","templated":true}]}}