{"id":3522,"date":"2023-06-12T19:23:38","date_gmt":"2023-06-12T17:23:38","guid":{"rendered":"https:\/\/websgalicia.es\/test\/polarisum\/?post_type=product&#038;p=3522"},"modified":"2023-06-16T12:51:58","modified_gmt":"2023-06-16T10:51:58","slug":"merlu-argentin-hgt","status":"publish","type":"product","link":"https:\/\/polarisum.com\/fr\/merlu\/merlu-argentin-hgt\/","title":{"rendered":"Merlu argentin HGT"},"content":{"rendered":"<div class=\"table-responsive\">\n<table class=\"table\">\n<thead>\n<tr>\n<td>Codification<\/td>\n<td>Moule<\/td>\n<td>Pr\u00e9sentation<\/td>\n<td>Poids net<\/td>\n<\/tr>\n<\/thead>\n<tbody>\n<tr>\n<td>N\u00ba 00<\/td>\n<td>80-200 g<\/td>\n<td>Film\u00e9<\/td>\n<td>15-18 Kg<\/td>\n<\/tr>\n<tr>\n<td>N\u00ba 0<\/td>\n<td>200-300 g<\/td>\n<td>Film\u00e9<\/td>\n<td>15-18 Kg<\/td>\n<\/tr>\n<tr>\n<td>N\u00ba 1X<\/td>\n<td>300-400 g<\/td>\n<td>Film\u00e9<\/td>\n<td>15-18 Kg<\/td>\n<\/tr>\n<tr>\n<td>N\u00ba 1<\/td>\n<td>400-500 g<\/td>\n<td>IWP<\/td>\n<td>10-15 Kg<\/td>\n<\/tr>\n<tr>\n<td>N\u00ba 2<\/td>\n<td>500-800 g<\/td>\n<td>IWP<\/td>\n<td>10-15 Kg<\/td>\n<\/tr>\n<tr>\n<td>N\u00ba 3C<\/td>\n<td>800-1200 g<\/td>\n<td>IWP<\/td>\n<td>10-15 Kg<\/td>\n<\/tr>\n<tr>\n<td>N\u00ba 3L<\/td>\n<td>1200-1500 g<\/td>\n<td>IWP<\/td>\n<td>10-15 Kg<\/td>\n<\/tr>\n<tr>\n<td>N\u00ba 4<\/td>\n<td>1500-2000 g<\/td>\n<td>IWP<\/td>\n<td>10-15 Kg<\/td>\n<\/tr>\n<tr>\n<td>N\u00ba 5<\/td>\n<td>>2000 g<\/td>\n<td>IWP<\/td>\n<td>10-15 Kg<\/td>\n<\/tr>\n<\/tbody>\n<\/table>\n<\/div>\n<hr \/>\n<p style=\"text-align: center;\"><strong>Des \u00e9tablissements producteurs agr\u00e9\u00e9s UE<\/strong><br \/>\n<strong>Argentina: Anabella M 3167, Carolina P 3166<\/strong><\/p>\n","protected":false},"excerpt":{"rendered":"<p><strong>Nom scientifique<\/strong><br \/>\nMerluccius hubbsi<\/p>\n<p><strong>Description<\/strong><br \/>\nFilets de merlu sans peau, avec peu d&#8217;arr\u00eates<\/p>\n<p><strong>Surg\u00e9lation<\/strong><br \/>\n\u00c0 bord<\/p>\n","protected":false},"featured_media":3048,"template":"","meta":[],"product_cat":[117],"product_tag":[],"class_list":{"0":"post-3522","1":"product","2":"type-product","3":"status-publish","4":"has-post-thumbnail","6":"product_cat-merlu","8":"first","9":"instock","10":"shipping-taxable","11":"product-type-simple"},"_links":{"self":[{"href":"https:\/\/polarisum.com\/fr\/wp-json\/wp\/v2\/product\/3522","targetHints":{"allow":["GET"]}}],"collection":[{"href":"https:\/\/polarisum.com\/fr\/wp-json\/wp\/v2\/product"}],"about":[{"href":"https:\/\/polarisum.com\/fr\/wp-json\/wp\/v2\/types\/product"}],"wp:featuredmedia":[{"embeddable":true,"href":"https:\/\/polarisum.com\/fr\/wp-json\/wp\/v2\/media\/3048"}],"wp:attachment":[{"href":"https:\/\/polarisum.com\/fr\/wp-json\/wp\/v2\/media?parent=3522"}],"wp:term":[{"taxonomy":"product_cat","embeddable":true,"href":"https:\/\/polarisum.com\/fr\/wp-json\/wp\/v2\/product_cat?post=3522"},{"taxonomy":"product_tag","embeddable":true,"href":"https:\/\/polarisum.com\/fr\/wp-json\/wp\/v2\/product_tag?post=3522"}],"curies":[{"name":"wp","href":"https:\/\/api.w.org\/{rel}","templated":true}]}}