{"id":3541,"date":"2023-06-12T19:23:39","date_gmt":"2023-06-12T17:23:39","guid":{"rendered":"https:\/\/websgalicia.es\/test\/polarisum\/?post_type=product&#038;p=3541"},"modified":"2023-06-16T12:52:18","modified_gmt":"2023-06-16T10:52:18","slug":"filets-de-merlu-argentin-sans-peau","status":"publish","type":"product","link":"https:\/\/polarisum.com\/fr\/merlu\/filets-de-merlu-argentin-sans-peau\/","title":{"rendered":"Filets de merlu argentin sans peau"},"content":{"rendered":"<div class=\"table-responsive\">\n<table class=\"table\">\n<thead>\n<tr>\n<td>Codification<\/td>\n<td>Moule<\/td>\n<td>Pr\u00e9sentation<\/td>\n<td>Poids net<\/td>\n<\/tr>\n<\/thead>\n<tbody>\n<tr>\n<td>N\u00ba 0<\/td>\n<td>40-60 g<\/td>\n<td>Film\u00e9<\/td>\n<td>14 Kg (2&#215;7 Kg) circa.<\/td>\n<\/tr>\n<tr>\n<td>N\u00ba 1<\/td>\n<td>60-100 g<\/td>\n<td>Film\u00e9<\/td>\n<td>14 Kg (2&#215;7 Kg) circa.<\/td>\n<\/tr>\n<tr>\n<td>N\u00ba 2<\/td>\n<td>100-140 g<\/td>\n<td>Film\u00e9<\/td>\n<td>14 Kg (2&#215;7 Kg) circa.<\/td>\n<\/tr>\n<tr>\n<td>N\u00ba 3<\/td>\n<td>140-180 g<\/td>\n<td>Film\u00e9<\/td>\n<td>14 Kg (2&#215;7 Kg) circa.<\/td>\n<\/tr>\n<tr>\n<td>N\u00ba 4<\/td>\n<td>180-220 g<\/td>\n<td>Film\u00e9<\/td>\n<td>14 Kg (2&#215;7 Kg) circa.<\/td>\n<\/tr>\n<\/tbody>\n<\/table>\n<\/div>\n<hr \/>\n<p style=\"text-align: center;\"><strong>Des \u00e9tablissements producteurs agr\u00e9\u00e9s UE<\/strong><br \/>\n<strong>Argentina: Anabella M 3167, Carolina P 3166<\/strong><\/p>\n","protected":false},"excerpt":{"rendered":"<p><strong>Nom scientifique<\/strong><br \/>\nMerluccius hubbsi<br \/>\n<strong><br \/>\nDescription<\/strong><br \/>\nFilets et chutes de filets de merlu sans peau<\/p>\n<p><strong>Surg\u00e9lation<\/strong><br \/>\n\u00c0 bord<\/p>\n","protected":false},"featured_media":3100,"template":"","meta":[],"product_cat":[117],"product_tag":[],"class_list":{"0":"post-3541","1":"product","2":"type-product","3":"status-publish","4":"has-post-thumbnail","6":"product_cat-merlu","8":"first","9":"instock","10":"shipping-taxable","11":"product-type-simple"},"_links":{"self":[{"href":"https:\/\/polarisum.com\/fr\/wp-json\/wp\/v2\/product\/3541","targetHints":{"allow":["GET"]}}],"collection":[{"href":"https:\/\/polarisum.com\/fr\/wp-json\/wp\/v2\/product"}],"about":[{"href":"https:\/\/polarisum.com\/fr\/wp-json\/wp\/v2\/types\/product"}],"wp:featuredmedia":[{"embeddable":true,"href":"https:\/\/polarisum.com\/fr\/wp-json\/wp\/v2\/media\/3100"}],"wp:attachment":[{"href":"https:\/\/polarisum.com\/fr\/wp-json\/wp\/v2\/media?parent=3541"}],"wp:term":[{"taxonomy":"product_cat","embeddable":true,"href":"https:\/\/polarisum.com\/fr\/wp-json\/wp\/v2\/product_cat?post=3541"},{"taxonomy":"product_tag","embeddable":true,"href":"https:\/\/polarisum.com\/fr\/wp-json\/wp\/v2\/product_tag?post=3541"}],"curies":[{"name":"wp","href":"https:\/\/api.w.org\/{rel}","templated":true}]}}