{"id":3559,"date":"2023-06-12T19:23:39","date_gmt":"2023-06-12T17:23:39","guid":{"rendered":"https:\/\/websgalicia.es\/test\/polarisum\/?post_type=product&#038;p=3559"},"modified":"2023-08-21T13:21:30","modified_gmt":"2023-08-21T11:21:30","slug":"filet-de-merlu-argentin-sans-peau-au-detail","status":"publish","type":"product","link":"https:\/\/polarisum.com\/fr\/merlu\/filet-de-merlu-argentin-sans-peau-au-detail\/","title":{"rendered":"Filet de Merlu Argentin ans Peau"},"content":{"rendered":"<div class=\"table-responsive\">\n<table class=\"table\">\n<thead>\n<tr>\n<td>Pr\u00e9sentation<\/td>\n<td>Poids net<\/td>\n<\/tr>\n<\/thead>\n<tbody>\n<tr>\n<td>Sachet<\/td>\n<td>350g<\/td>\n<\/tr>\n<\/tbody>\n<\/table>\n<\/div>\n<hr \/>\n<p style=\"text-align: center;\"><strong>Des \u00e9tablissements producteurs agr\u00e9\u00e9s UE<\/strong><br \/>\n<strong>Argentina: Atl\u00e1ntico Sudoeste (\u00c1rea FAO n\u00ba41)<\/strong><\/p>\n","protected":false},"excerpt":{"rendered":"<p><strong>Nom scientifique<\/strong><br \/>\nMerluccius hubbsi<\/p>\n<p><strong>Description<\/strong><br \/>\nFilet de Merlu Argentin ans Peau<\/p>\n<p><strong>Surg\u00e9lation<\/strong><\/p>\n","protected":false},"featured_media":3092,"template":"","meta":[],"product_cat":[117],"product_tag":[],"class_list":{"0":"post-3559","1":"product","2":"type-product","3":"status-publish","4":"has-post-thumbnail","6":"product_cat-merlu","8":"first","9":"instock","10":"shipping-taxable","11":"product-type-simple"},"_links":{"self":[{"href":"https:\/\/polarisum.com\/fr\/wp-json\/wp\/v2\/product\/3559","targetHints":{"allow":["GET"]}}],"collection":[{"href":"https:\/\/polarisum.com\/fr\/wp-json\/wp\/v2\/product"}],"about":[{"href":"https:\/\/polarisum.com\/fr\/wp-json\/wp\/v2\/types\/product"}],"wp:featuredmedia":[{"embeddable":true,"href":"https:\/\/polarisum.com\/fr\/wp-json\/wp\/v2\/media\/3092"}],"wp:attachment":[{"href":"https:\/\/polarisum.com\/fr\/wp-json\/wp\/v2\/media?parent=3559"}],"wp:term":[{"taxonomy":"product_cat","embeddable":true,"href":"https:\/\/polarisum.com\/fr\/wp-json\/wp\/v2\/product_cat?post=3559"},{"taxonomy":"product_tag","embeddable":true,"href":"https:\/\/polarisum.com\/fr\/wp-json\/wp\/v2\/product_tag?post=3559"}],"curies":[{"name":"wp","href":"https:\/\/api.w.org\/{rel}","templated":true}]}}