{"id":3562,"date":"2023-06-12T19:23:40","date_gmt":"2023-06-12T17:23:40","guid":{"rendered":"https:\/\/websgalicia.es\/test\/polarisum\/?post_type=product&#038;p=3562"},"modified":"2023-08-30T12:43:09","modified_gmt":"2023-08-30T10:43:09","slug":"tubes-dencornets-argentins","status":"publish","type":"product","link":"https:\/\/polarisum.com\/fr\/encornet\/tubes-dencornets-argentins\/","title":{"rendered":"Tubes d&#8217;encornets Argentins"},"content":{"rendered":"<div class=\"table-responsive\">\n<table class=\"table\">\n<thead>\n<tr>\n<td>Codification<\/td>\n<td>Moule<\/td>\n<td>Pr\u00e9sentation<\/td>\n<td>Poids net<\/td>\n<\/tr>\n<\/thead>\n<tbody>\n<tr>\n<td>N\u00ba 1<\/td>\n<td>18-22 cm<\/td>\n<td>Bloc<\/td>\n<td>18-20 Kg<\/td>\n<\/tr>\n<tr>\n<td>N\u00ba 2<\/td>\n<td>22-25 cm\n        <\/td>\n<td>Bloc<\/td>\n<td>18-20 Kg<\/td>\n<\/tr>\n<tr>\n<td>N\u00ba 3<\/td>\n<td>>25 cm<\/td>\n<td>Bloc<\/td>\n<td>18-20 Kg<\/td>\n<\/tr>\n<\/tbody>\n<\/table>\n<\/div>\n<hr \/>\n<p style=\"text-align: center;\"><strong>Des \u00e9tablissements producteurs agr\u00e9\u00e9s UE<\/strong><br \/>\n<strong>Argentina: Anabella M 3167, Carolina P 3166<\/strong><\/p>\n","protected":false},"excerpt":{"rendered":"<p><strong>Nom scientifique<\/strong><br \/>\nIllex argentinus<\/p>\n<p><strong>Description<\/strong><br \/>\nTentacules d&#8217;encornet propres, sans bec, sans yeux, surgel\u00e9s en bloc<\/p>\n<p><strong>Surg\u00e9lation<\/strong><br \/>\n\u00c0 bord<\/p>\n","protected":false},"featured_media":3130,"template":"","meta":[],"product_cat":[118],"product_tag":[],"class_list":{"0":"post-3562","1":"product","2":"type-product","3":"status-publish","4":"has-post-thumbnail","6":"product_cat-encornet","8":"first","9":"instock","10":"shipping-taxable","11":"product-type-simple"},"_links":{"self":[{"href":"https:\/\/polarisum.com\/fr\/wp-json\/wp\/v2\/product\/3562","targetHints":{"allow":["GET"]}}],"collection":[{"href":"https:\/\/polarisum.com\/fr\/wp-json\/wp\/v2\/product"}],"about":[{"href":"https:\/\/polarisum.com\/fr\/wp-json\/wp\/v2\/types\/product"}],"wp:featuredmedia":[{"embeddable":true,"href":"https:\/\/polarisum.com\/fr\/wp-json\/wp\/v2\/media\/3130"}],"wp:attachment":[{"href":"https:\/\/polarisum.com\/fr\/wp-json\/wp\/v2\/media?parent=3562"}],"wp:term":[{"taxonomy":"product_cat","embeddable":true,"href":"https:\/\/polarisum.com\/fr\/wp-json\/wp\/v2\/product_cat?post=3562"},{"taxonomy":"product_tag","embeddable":true,"href":"https:\/\/polarisum.com\/fr\/wp-json\/wp\/v2\/product_tag?post=3562"}],"curies":[{"name":"wp","href":"https:\/\/api.w.org\/{rel}","templated":true}]}}