{"id":3576,"date":"2023-06-12T19:23:40","date_gmt":"2023-06-12T17:23:40","guid":{"rendered":"https:\/\/websgalicia.es\/test\/polarisum\/?post_type=product&#038;p=3576"},"modified":"2023-06-16T12:57:46","modified_gmt":"2023-06-16T10:57:46","slug":"tentacules-dencornet-argentin","status":"publish","type":"product","link":"https:\/\/polarisum.com\/fr\/encornet\/tentacules-dencornet-argentin\/","title":{"rendered":"Tentacules d&#8217;encornet argentin"},"content":{"rendered":"<div class=\"table-responsive\">\n<table class=\"table\">\n<thead>\n<tr>\n<td>Pr\u00e9sentation<\/td>\n<td>Poids net<\/td>\n<\/tr>\n<\/thead>\n<tbody>\n<tr>\n<td>Bloc<\/td>\n<td>16-18 Kg<\/td>\n<\/tr>\n<\/tbody>\n<\/table>\n<\/div>\n<hr \/>\n<p style=\"text-align: center;\"><strong>Des \u00e9tablissements producteurs agr\u00e9\u00e9s UE<\/strong><br \/>\n<strong>Argentina: Anabella M 3167, Carolina P 3166<\/strong><\/p>\n","protected":false},"excerpt":{"rendered":"<p><strong>Nom scientifique<\/strong><br \/>\nIllex argentinus<br \/>\n<strong><br \/>\nDescription<\/strong><br \/>\nGaine d&#8217;encornet propre (sans visc\u00e8re, sans peau, sans nageoire)<\/p>\n<p><strong>Surg\u00e9lation<\/strong><br \/>\n\u00c0 bord<\/p>\n","protected":false},"featured_media":3151,"template":"","meta":[],"product_cat":[118],"product_tag":[],"class_list":{"0":"post-3576","1":"product","2":"type-product","3":"status-publish","4":"has-post-thumbnail","6":"product_cat-encornet","8":"first","9":"instock","10":"shipping-taxable","11":"product-type-simple"},"_links":{"self":[{"href":"https:\/\/polarisum.com\/fr\/wp-json\/wp\/v2\/product\/3576","targetHints":{"allow":["GET"]}}],"collection":[{"href":"https:\/\/polarisum.com\/fr\/wp-json\/wp\/v2\/product"}],"about":[{"href":"https:\/\/polarisum.com\/fr\/wp-json\/wp\/v2\/types\/product"}],"wp:featuredmedia":[{"embeddable":true,"href":"https:\/\/polarisum.com\/fr\/wp-json\/wp\/v2\/media\/3151"}],"wp:attachment":[{"href":"https:\/\/polarisum.com\/fr\/wp-json\/wp\/v2\/media?parent=3576"}],"wp:term":[{"taxonomy":"product_cat","embeddable":true,"href":"https:\/\/polarisum.com\/fr\/wp-json\/wp\/v2\/product_cat?post=3576"},{"taxonomy":"product_tag","embeddable":true,"href":"https:\/\/polarisum.com\/fr\/wp-json\/wp\/v2\/product_tag?post=3576"}],"curies":[{"name":"wp","href":"https:\/\/api.w.org\/{rel}","templated":true}]}}