{"id":3592,"date":"2023-06-12T19:23:41","date_gmt":"2023-06-12T17:23:41","guid":{"rendered":"https:\/\/websgalicia.es\/test\/polarisum\/?post_type=product&#038;p=3592"},"modified":"2023-06-16T12:58:17","modified_gmt":"2023-06-16T10:58:17","slug":"gaine-dencornet-argentin-2","status":"publish","type":"product","link":"https:\/\/polarisum.com\/fr\/encornet\/gaine-dencornet-argentin-2\/","title":{"rendered":"Gaine d&#8217;encornet argentin"},"content":{"rendered":"<div class=\"table-responsive\">\n<table class=\"table\">\n<thead>\n<tr>\n<td>Codification<\/td>\n<td>Moule<\/td>\n<td>Pr\u00e9sentation<\/td>\n<td>Poids net<\/td>\n<\/tr>\n<\/thead>\n<tbody>\n<tr>\n<td>N\u00ba 0<\/td>\n<td><18 cm<\/td>\n<td>Film\u00e9<\/td>\n<td>7 Kg \/ 2&#215;7 Kg<\/td>\n<\/tr>\n<tr>\n<td>N\u00ba 1<\/td>\n<td>18-22 cm<\/td>\n<td>Film\u00e9<\/td>\n<td>7 Kg \/ 2&#215;7 Kg<\/td>\n<\/tr>\n<tr>\n<td>N\u00ba 2<\/td>\n<td>22-25 cm<\/td>\n<td>Film\u00e9<\/td>\n<td>7 Kg \/ 2&#215;7 Kg<\/td>\n<\/tr>\n<tr>\n<td>N\u00ba 3<\/td>\n<td>>25 cm<\/td>\n<td>Film\u00e9<\/td>\n<td>7 Kg \/ 2&#215;7 Kg<\/td>\n<\/tr>\n<\/tbody>\n<\/table>\n<\/div>\n<hr \/>\n<p style=\"text-align: center;\"><strong>Des \u00e9tablissements producteurs agr\u00e9\u00e9s UE<\/strong><br \/>\n<strong>Argentina: Estrella Patag\u00f3nica 3890<\/strong><\/p>\n","protected":false},"excerpt":{"rendered":"<p><strong>Nombre cient\u00edfico<\/strong><br \/>\nIllex argentinus<\/p>\n<p><strong>Descripci\u00f3n<\/strong><br \/>\nTubo de Pota limpio (sin v\u00edsceras, sin piel, sin alas)<\/p>\n<p><strong>Congelaci\u00f3n<\/strong><br \/>\nFactor\u00eda<\/p>\n","protected":false},"featured_media":3158,"template":"","meta":[],"product_cat":[118],"product_tag":[],"class_list":{"0":"post-3592","1":"product","2":"type-product","3":"status-publish","4":"has-post-thumbnail","6":"product_cat-encornet","8":"first","9":"instock","10":"shipping-taxable","11":"product-type-simple"},"_links":{"self":[{"href":"https:\/\/polarisum.com\/fr\/wp-json\/wp\/v2\/product\/3592","targetHints":{"allow":["GET"]}}],"collection":[{"href":"https:\/\/polarisum.com\/fr\/wp-json\/wp\/v2\/product"}],"about":[{"href":"https:\/\/polarisum.com\/fr\/wp-json\/wp\/v2\/types\/product"}],"wp:featuredmedia":[{"embeddable":true,"href":"https:\/\/polarisum.com\/fr\/wp-json\/wp\/v2\/media\/3158"}],"wp:attachment":[{"href":"https:\/\/polarisum.com\/fr\/wp-json\/wp\/v2\/media?parent=3592"}],"wp:term":[{"taxonomy":"product_cat","embeddable":true,"href":"https:\/\/polarisum.com\/fr\/wp-json\/wp\/v2\/product_cat?post=3592"},{"taxonomy":"product_tag","embeddable":true,"href":"https:\/\/polarisum.com\/fr\/wp-json\/wp\/v2\/product_tag?post=3592"}],"curies":[{"name":"wp","href":"https:\/\/api.w.org\/{rel}","templated":true}]}}