{"id":3628,"date":"2023-06-12T19:23:42","date_gmt":"2023-06-12T17:23:42","guid":{"rendered":"https:\/\/websgalicia.es\/test\/polarisum\/?post_type=product&#038;p=3628"},"modified":"2023-06-16T13:04:11","modified_gmt":"2023-06-16T11:04:11","slug":"moride-tetard-hgt","status":"publish","type":"product","link":"https:\/\/polarisum.com\/fr\/autres-especes-argentine\/moride-tetard-hgt\/","title":{"rendered":"Moride t\u00eatard HGT"},"content":{"rendered":"<div class=\"table-responsive\">\n<table class=\"table\">\n<thead>\n<tr>\n<td>Codification<\/td>\n<td>Moule<\/td>\n<td>Pr\u00e9sentation<\/td>\n<td>Poids net<\/td>\n<\/tr>\n<\/thead>\n<tbody>\n<tr>\n<td>BT 00<\/td>\n<td>80-250 g<\/td>\n<td>Film\u00e9<\/td>\n<td>14-18 Kg<\/td>\n<\/tr>\n<tr>\n<td>BT 0<\/td>\n<td>250-500 g<\/td>\n<td>Film\u00e9<\/td>\n<td>14-18 Kg<\/td>\n<\/tr>\n<tr>\n<td>BT 1<\/td>\n<td>500-1000 g\n        <\/td>\n<td>IWP<\/td>\n<td>14-18 Kg<\/td>\n<\/tr>\n<tr>\n<td>BT 2<\/td>\n<td>1000-1500 g\n        <\/td>\n<td>IWP<\/td>\n<td>14-18 Kg<\/td>\n<\/tr>\n<tr>\n<td>BT 3<\/td>\n<td>>1500 g\n        <\/td>\n<td>IWP<\/td>\n<td>14-18 Kg<\/td>\n<\/tr>\n<\/tbody>\n<\/table>\n<\/div>\n<hr \/>\n<p style=\"text-align: center;\"><strong>Des \u00e9tablissements producteurs agr\u00e9\u00e9s UE<\/strong><br \/>\n<strong>Argentina: Anabella M 3167, Carolina P 3166<\/strong><\/p>\n","protected":false},"excerpt":{"rendered":"<p><strong>Nom scientifique<\/strong><br \/>\nSalilota australis<\/p>\n<p><strong>Description<\/strong><br \/>\nAiles de raie sans peau<\/p>\n<p><strong>Surg\u00e9lation<\/strong><br \/>\n\u00c0 bord<\/p>\n","protected":false},"featured_media":3219,"template":"","meta":[],"product_cat":[119],"product_tag":[],"class_list":{"0":"post-3628","1":"product","2":"type-product","3":"status-publish","4":"has-post-thumbnail","6":"product_cat-autres-especes-argentine","8":"first","9":"instock","10":"shipping-taxable","11":"product-type-simple"},"_links":{"self":[{"href":"https:\/\/polarisum.com\/fr\/wp-json\/wp\/v2\/product\/3628","targetHints":{"allow":["GET"]}}],"collection":[{"href":"https:\/\/polarisum.com\/fr\/wp-json\/wp\/v2\/product"}],"about":[{"href":"https:\/\/polarisum.com\/fr\/wp-json\/wp\/v2\/types\/product"}],"wp:featuredmedia":[{"embeddable":true,"href":"https:\/\/polarisum.com\/fr\/wp-json\/wp\/v2\/media\/3219"}],"wp:attachment":[{"href":"https:\/\/polarisum.com\/fr\/wp-json\/wp\/v2\/media?parent=3628"}],"wp:term":[{"taxonomy":"product_cat","embeddable":true,"href":"https:\/\/polarisum.com\/fr\/wp-json\/wp\/v2\/product_cat?post=3628"},{"taxonomy":"product_tag","embeddable":true,"href":"https:\/\/polarisum.com\/fr\/wp-json\/wp\/v2\/product_tag?post=3628"}],"curies":[{"name":"wp","href":"https:\/\/api.w.org\/{rel}","templated":true}]}}