{"id":3634,"date":"2023-06-12T19:23:42","date_gmt":"2023-06-12T17:23:42","guid":{"rendered":"https:\/\/websgalicia.es\/test\/polarisum\/?post_type=product&#038;p=3634"},"modified":"2023-06-16T13:05:54","modified_gmt":"2023-06-16T11:05:54","slug":"ailes-de-raie-sans-peau","status":"publish","type":"product","link":"https:\/\/polarisum.com\/fr\/autres-especes-argentine\/ailes-de-raie-sans-peau\/","title":{"rendered":"Ailes de raie sans peau"},"content":{"rendered":"<div class=\"table-responsive\">\n<table class=\"table\">\n<thead>\n<tr>\n<td>Codification<\/td>\n<td>Moule<\/td>\n<td>Pr\u00e9sentation<\/td>\n<td>Poids net<\/td>\n<\/tr>\n<\/thead>\n<tbody>\n<tr>\n<td>N\u00ba 0<\/td>\n<td>150-300 g<\/td>\n<td>IWP<\/td>\n<td>14-17 Kg<\/td>\n<\/tr>\n<tr>\n<td>N\u00ba 1<\/td>\n<td>300-500 g\n        <\/td>\n<td>IWP<\/td>\n<td>14-17 Kg<\/td>\n<\/tr>\n<tr>\n<td>N\u00ba 2<\/td>\n<td>500-1000 g\n        <\/td>\n<td>IWP<\/td>\n<td>14-17 Kg<\/td>\n<\/tr>\n<tr>\n<td>N\u00ba 3<\/td>\n<td>>1000 g\n        <\/td>\n<td>IWP<\/td>\n<td>14-17 Kg<\/td>\n<\/tr>\n<\/tbody>\n<\/table>\n<\/div>\n<hr \/>\n<p style=\"text-align: center;\"><strong>Des \u00e9tablissements producteurs agr\u00e9\u00e9s UE<\/strong><br \/>\n<strong>Argentina: Anabella M 3167, Carolina P 3166<\/strong><\/p>\n","protected":false},"excerpt":{"rendered":"<p><strong>Nom scientifique<\/strong><br \/>\nRaja castelnaui<\/p>\n<p><strong>Description<\/strong><br \/>\nL\u00e9gine australe sans t\u00eate, sans queue, sans visc\u00e8re<\/p>\n<p><strong>Surg\u00e9lation<\/strong><br \/>\n\u00c0 bord<\/p>\n","protected":false},"featured_media":3234,"template":"","meta":[],"product_cat":[119],"product_tag":[],"class_list":{"0":"post-3634","1":"product","2":"type-product","3":"status-publish","4":"has-post-thumbnail","6":"product_cat-autres-especes-argentine","8":"first","9":"instock","10":"shipping-taxable","11":"product-type-simple"},"_links":{"self":[{"href":"https:\/\/polarisum.com\/fr\/wp-json\/wp\/v2\/product\/3634","targetHints":{"allow":["GET"]}}],"collection":[{"href":"https:\/\/polarisum.com\/fr\/wp-json\/wp\/v2\/product"}],"about":[{"href":"https:\/\/polarisum.com\/fr\/wp-json\/wp\/v2\/types\/product"}],"wp:featuredmedia":[{"embeddable":true,"href":"https:\/\/polarisum.com\/fr\/wp-json\/wp\/v2\/media\/3234"}],"wp:attachment":[{"href":"https:\/\/polarisum.com\/fr\/wp-json\/wp\/v2\/media?parent=3634"}],"wp:term":[{"taxonomy":"product_cat","embeddable":true,"href":"https:\/\/polarisum.com\/fr\/wp-json\/wp\/v2\/product_cat?post=3634"},{"taxonomy":"product_tag","embeddable":true,"href":"https:\/\/polarisum.com\/fr\/wp-json\/wp\/v2\/product_tag?post=3634"}],"curies":[{"name":"wp","href":"https:\/\/api.w.org\/{rel}","templated":true}]}}