{"id":4695,"date":"2023-06-15T16:36:53","date_gmt":"2023-06-15T14:36:53","guid":{"rendered":"https:\/\/websgalicia.es\/test\/polarisum\/?page_id=4695"},"modified":"2023-06-28T17:03:32","modified_gmt":"2023-06-28T15:03:32","slug":"aviso-legal","status":"publish","type":"page","link":"https:\/\/polarisum.com\/it\/aviso-legal\/","title":{"rendered":"AVVERTENZE LEGALI"},"content":{"rendered":"\t\t<div data-elementor-type=\"wp-page\" data-elementor-id=\"4695\" class=\"elementor elementor-4695 elementor-3808\">\n\t\t\t\t\t\t<section class=\"elementor-section elementor-top-section elementor-element elementor-element-34d0d3d elementor-section-boxed elementor-section-height-default elementor-section-height-default\" data-id=\"34d0d3d\" data-element_type=\"section\">\n\t\t\t\t\t\t<div class=\"elementor-container elementor-column-gap-default\">\n\t\t\t\t\t<div class=\"elementor-column elementor-col-100 elementor-top-column elementor-element elementor-element-85d1fd1\" data-id=\"85d1fd1\" data-element_type=\"column\">\n\t\t\t<div class=\"elementor-widget-wrap elementor-element-populated\">\n\t\t\t\t\t\t<div class=\"elementor-element elementor-element-7c54085 elementor-widget elementor-widget-text-editor\" data-id=\"7c54085\" data-element_type=\"widget\" data-widget_type=\"text-editor.default\">\n\t\t\t\t<div class=\"elementor-widget-container\">\n\t\t\t\t\t\t\t\t\t<h2>1. DATI IDENTIFICATIVI<\/h2><p>In ottemperanza all&#8217;obbligo d\u2019informazione di cui all&#8217;articolo 10 della Legge 34\/2002, dell&#8217;11 luglio sui Servizi della Societ\u00e0 dell\u2019Informazione e del Commercio elettronico, si riportano di seguito i seguenti dati: l\u2019azienda di titolarit\u00e0 di\u00a0<a href=\"http:\/\/polarisum.com\/\">www.polarisum.com<\/a>\u00a0es\u00a0<strong>PESCAPUERTA, S.A.<\/strong>, S.A con Codice Fiscale A 36.607.638 e con sede legale presso Avda. Garc\u00eda Barb\u00f3n N\u00ba 109, 4\u00ba, 36.201, Vigo (Pontevedra), e munita di email di contatto :\u00a0<a href=\"mailto:pescapuerta@pescapuerta.es\">pescapuerta@pescapuerta.es<\/a><\/p><h2>2. UTENTI<\/h2><p>L&#8217;accesso e\/o l&#8217;utilizzo del portale di\u00a0<strong>PESCAPUERTA, S.A.<\/strong>\u00a0attribuisce a chi ne fa uso la condizione di UTENTE, il quale accetta, nel momento in cui accede e\/o utilizza il sito di cui sopra, le Condizioni Generali di utilizzo di seguito riportate. Le presenti condizioni generali saranno applicate indipendentemente dalle Condizioni Generali d\u2019Acquisto che possano essere eventualmente obbligatorie e vincolanti.<\/p><h2>3. USO DEL PORTALE<\/h2><p><a href=\"http:\/\/polarisum.com\/\">www.polarisum.com<\/a>\u00a0fornisce l&#8217;accesso a molteplici informazioni, servizi, programmi o dati (di seguito &#8216;i contenuti&#8217;) su Internet appartenenti a\u00a0<strong>PESCAPUERTA, S.A.<\/strong>\u00a0a cui l&#8217;UTENTE pu\u00f2 avere accesso. L&#8217;UTENTE si assume la responsabilit\u00e0 di utilizzare correttamente il portale. La suddetta responsabilit\u00e0 si estende alla registrazione eventualmente necessaria per accedere a determinati servizi o contenuti. In tal caso, l\u2019UTENTE sar\u00e0 responsabile di fornire informazioni veritiere e lecite. Registrandosi, l&#8217;UTENTE potr\u00e0 ricevere una password di cui sar\u00e0 responsabile e, pertanto, s\u2019impegna a farne un uso diligente e confidenziale. L&#8217;UTENTE si impegna a fare un uso appropriato dei contenuti e dei servizi offerti da\u00a0<strong>PESCAPUERTA, S.A.<\/strong>\u00a0sul proprio sito Web e si impegna a non utilizzarli per attivit\u00e0 ritenute illecite, contrarie all&#8217;ordine pubblico, alla difesa nazionale o alla salute pubblica.<\/p><p>In ogni caso,\u00a0<strong>PESCAPUERTA, S.A.<\/strong>\u00a0si riserva il diritto di modificare unilateralmente, in qualsiasi momento e senza preavviso, la struttura e la grafica del sito Web: modificare o eliminare servizi o contenuti, nonch\u00e9 le condizioni di accesso e\/o utilizzo del sito Web.<\/p><p><strong>PESCAPUERTA, S.A.<\/strong>\u00a0si riserva, inoltre, il diritto di modificare in qualsiasi momento le presenti condizioni di utilizzo, nonch\u00e9 ogni eventuale altra condizione particolare contenuta sul sito Web\u00a0<a href=\"http:\/\/polarisum.com\/\">www.polarisum.com<\/a><\/p><h2>4. PROTEZIONE DEI DATI PERSONALI<\/h2><p>In conformit\u00e0 con le disposizioni del Regolamento Generale (UE) 2016\/679 sulla Protezione dei Dati, informiamo l&#8217;utente che i dati personali da Lei forniti volontariamente, con qualsiasi mezzo di raccolta d\u2019informazioni, saranno incorporati nelle Attivit\u00e0 di Trattamento automatizzato dei dati personali di propriet\u00e0 di\u00a0<strong>PESCAPUERTA, S.A.<\/strong>\u00a0allo scopo di poter fornire i nostri servizi, nonch\u00e9 informarLa in merito a questioni relative all&#8217;attivit\u00e0 dell&#8217;azienda e ai suoi servizi. I campi contrassegnati da un &#8221;*&#8221; sono obbligatori, pertanto la mancata compilazione di questi campi impedir\u00e0 all&#8217;UTENTE di usufruire di alcuni Servizi e informazioni offerti sul Web. I dati in essi contenuti saranno trattati in modo confidenziale.<\/p><p><strong>PESCAPUERTA, S.A.<\/strong>\u00a0rispetta pienamente la legislazione vigente in materia di protezione dei dati personali e gli impegni di riservatezza inerenti alla sua attivit\u00e0.<\/p><p><strong>PESCAPUERTA, S.A.<\/strong>\u00a0ha adottato le misure tecniche necessarie per mantenere il livello di sicurezza richiesto, in funzione della natura dei dati personali trattati e delle circostanze del trattamento, al fine di evitarne, per quanto possibile e sempre in base allo stato della tecnica, alterazione, perdita, trattamento o accesso non autorizzato. Per l&#8217;esecuzione della suddetta gestione potrebbe essere necessario cedere i dati agli addetti responsabili del trattamento, societ\u00e0 collaboratrici e pubbliche amministrazioni (che possono verificare la veridicit\u00e0 dei dati).<\/p><p>Qualora l\u2019UTENTE fornisca dati di carattere personale relativi a persone fisiche diverse da se stesso, l\u2019UTENTE dovr\u00e0 prima di fornirli, informare gli interessati del contenuto della presente clausola, in conformit\u00e0 alle disposizioni del Regolamento Generale (UE) 2016\/679 sulla Protezione dei Dati.<\/p><p><strong>PESCAPUERTA, S.A.<\/strong>\u00a0in qualit\u00e0 di responsabile dell\u2019Attivit\u00e0 de Trattamento, garantisce l&#8217;esercizio dei diritti di accesso, rettifica, soppressione, limitazione, opposizione e portabilit\u00e0 dei dati forniti, ai sensi delle disposizioni del Regolamento Generale (UE) 2016\/679 sulla Protezione dei Dati; l&#8217;UTENTE potr\u00e0 esercitare i suddetti diritti in qualsiasi momento, inviando una comunicazione per iscritto alla sede legale, allegando copia della Carta d\u2019Identit\u00e0 o del Passaporto.<\/p><p><strong>PESCAPUERTA, S.A.<\/strong>\u00a0garantisce che tutte le comunicazioni commerciali indirizzate ai propri clienti rispettano la normativa vigente.<\/p><p>A tal fine, in conformit\u00e0 con la legge 34\/2002 sui Servizi della Societ\u00e0 dell\u2019Informazione e il Commercio Elettronico e la Legge Generale sulle Telecomunicazioni 9\/2014, s\u2019informa l\u2019UTENTE che PESCAPUERTA, S.A potr\u00e0 inviargli per via elettronica informazioni su prodotti e servizi di Suo interesse e che a tal fine l\u2019Utente ne d\u00e0 il proprio consenso.<\/p><p>Potr\u00e0 revocare in qualsiasi momento questa autorizzazione scrivendo all\u2019indirizzo email\u00a0<a href=\"mailto:pescapuerta@pescapuerta.es\">pescapuerta@pescapuerta.es<\/a>.<\/p><h2>5. USO DI COOKIE<\/h2><p>Si avvisa l&#8217;UTENTE che questo sito Web utilizza cookie. I cookies sono piccoli file di testo che vengono installati nel browser del computer dell&#8217;UTENTE per registrarne l\u2019attivit\u00e0, mediante l\u2019invio di un&#8217;identificazione anonima in esso memorizzata, allo scopo di rendere pi\u00f9 semplice la navigazione, consentendo, ad esempio, l&#8217;accesso agli UTENTI precedentemente registrati e l&#8217;accesso ad aree, servizi, promozioni o concorsi ad essi esclusivamente riservati, senza doversi registrare a ogni visita. Possono anche essere utilizzati per misurare l\u2019audience, i parametri di traffico e navigazione, il tempo di sessione, e\/o per controllare l&#8217;andamento e il numero di visite.\u00a0<strong>PESCAPUERTA, S.A.<\/strong>\u00a0cercher\u00e0 in ogni momento di stabilire meccanismi adeguati per ottenere il consenso dell\u2019UTENTE per l&#8217;installazione dei cookie che cos\u00ec lo richiedano. Fermo restando quanto suddetto, occorre tener presente che, ai sensi di legge, resta inteso che (i) l&#8217;UTENTE ha dato il proprio consenso qualora modifichi la configurazione del browser, disattivando le restrizioni che impediscono l&#8217;inserimento di cookies e (ii) che il suddetto consenso non sar\u00e0 necessario per l&#8217;installazione dei cookies strettamente necessari per l&#8217;erogazione di un servizio espressamente richiesto dall&#8217;UTENTE (precedenetemente registrato).<\/p><p>Potrebbe succedere che alcuni cookie utilizzati in questo sito Web non abbiano a che vedere con\u00a0<strong>PESCAPUERTA, S.A.<\/strong>\u00a0Questo perch\u00e9 sul sito Web potrebbero essere stati inseriti contenuti provenienti da siti web di terze parti (come ad esempio un video di YouTube).<\/p><p>Poich\u00e9 il suddetto contenuto proviene da un altro sito web, PESCAPUERTA, non controlla la configurazione di tali cookie. Se desidera modificare le preferenze d\u2019impostazione dei cookie, \u00e8 necessario controllare i siti Web di tali terze parti per poter ottenere maggiori informazioni.<\/p><h2>6. PROPRIET\u00c0 INTELLETTUALE E INDUSTRIALE:<\/h2><p><strong>PESCAPUERTA, S.A.<\/strong>\u00a0da sola o in qualit\u00e0 di cessionaria, \u00e8 titolare di tutti i diritti di propriet\u00e0 intellettuale e industriale del suo sito Web, nonch\u00e9 degli elementi in esso contenuti (solo a titolo enunciativo, immagini, suoni, audio, video, software o testi; marchi o loghi, combinazioni di colori, struttura e design&#8230;.), e ne vieta espressamente la riproduzione, distribuzione e comunicazione pubblica, compresa la modalit\u00e0 di messa a disposizione di tutti o parte dei contenuti di questo sito Web, su qualsiasi supporto e con qualsiasi mezzo tecnico, senza l&#8217;autorizzazione di\u00a0<strong>PESCAPUERTA, S.A.<\/strong>.<\/p><p>L&#8217;UTENTE si impegna a rispettare i diritti di Propriet\u00e0 Intellettuale e Industriale di propriet\u00e0 di\u00a0<strong>PESCAPUERTA, S.A.<\/strong>\u00a0L&#8217;UTENTE dovr\u00e0 altres\u00ec astenersi dal rimuovere, alterare, eludere o manipolare qualsiasi dispositivo di protezione o sistema di sicurezza eventualmente installato sul sito Web.<\/p><h2>7. ESCLUSIONE DI GARANZIE E RESPONSABILIT\u00c0:<\/h2><p><strong>PESCAPUERTA, S.A.<\/strong>\u00a0non si assumer\u00e0 alcuna responsabilit\u00e0, in nessun caso, per eventuali danni, di qualsiasi natura quali, a titolo enunciativo: errori od omissioni nei contenuti, mancata disponibilit\u00e0 del sito Web o trasmissione di virus oppure programmi malevoli o dannosi nei contenuti, pur avendo adottato tutte le misure tecnologiche necessarie per evitarlo.<\/p><p>Carenze nel servizio, nelle reti di comunicazione, problemi derivanti dal malfunzionamento o dall&#8217;uso di versioni non ottimizzate di qualsiasi browser, possibili errori di sicurezza che possano verificarsi o eventuali danni nel sistema informatico dell&#8217;UTENTE, nei file o nei documenti in esso conservati, come conseguenza della presenza di un virus nel computer che l\u2019UTENTE ha utilizzato per connettersi ai servizi e ai contenuti del sito Web; guasti telefonici, interferenze, omissioni o disconnessioni nel funzionamento operativo del sistema elettronico dovuti a cause estranee a\u00a0<strong>PESCAPUERTA, S.A.<\/strong>\u00a0rispetto alla conoscenza che terzi non autorizzati possano avere del tipo, condizioni, caratteristiche e circostanze di accesso e di utilizzo che gli UTENTI fanno del sito Web e delle informazioni e dei servizi. Dell&#8217;uso illecito, negligente, fraudolento, contrario alle presenti Condizioni Generali, alla buona fede, agli usi generalmente accettati o all&#8217;ordine pubblico, del sito Web, dei suoi servizi o contenuti, da parte degli UTENTI<\/p><h2>8. MODIFICHE<\/h2><p><strong>PESCAPUERTA, S.A.<\/strong>\u00a0si riserva il diritto di effettuare senza preavviso le opportune modifiche sul sito Web, potendo cambiare, sopprimere o aggiungere i contenuti e i servizi in essa prestati, nonch\u00e9 la forma utilizzata per presentarli o localizzarli sul portale.<\/p><h2>9. LINK<\/h2><p>Nel caso in cui\u00a0<a href=\"http:\/\/polarisum.com\/\">www.polarisum.com<\/a>\u00a0contenga link o collegamenti ipertestuali che rimandino ad altri siti Internet,\u00a0<strong>PESCAPUERTA, S.A.<\/strong>\u00a0non eserciter\u00e0 alcun tipo di controllo su tali siti e contenuti. In nessun caso\u00a0<strong>PESCAPUERTA, S.A.<\/strong>\u00a0si assumer\u00e0 alcuna responsabilit\u00e0 per il contenuto di qualsiasi link appartenente a un altro sito Web estraneo, n\u00e9 garantir\u00e0 la disponibilit\u00e0 tecnica, la qualit\u00e0, l&#8217;affidabilit\u00e0, l&#8217;accuratezza, la completezza, la veridicit\u00e0, la validit\u00e0 e la costituzionalit\u00e0 di qualsiasi materiale o informazione contenuta in uno qualsiasi di questi collegamenti ipertestuali o altri siti Internet. Analogamente, l&#8217;inclusione di tali collegamenti esterni non comporter\u00e0 alcun tipo di associazione, fusione o partecipazione con le entit\u00e0 collegate.<\/p><h2>10. DIRITTO DI ESCLUSIONE<\/h2><p><strong>PESCAPUERTA, S.A.<\/strong>\u00a0si riserva il diritto di bloccare l&#8217;accesso di un UTENTE qualora riscontri qualsiasi indizio di utilizzo fraudolento dei servizi offerti, senza preavviso, su richiesta di terzi o per iniziativa propria, a quegli utenti che non rispettano le presenti Condizioni Generali d&#8217;Uso.<\/p><h2>11. GENERALITA<\/h2><p><strong>PESCAPUERTA, S.A.<\/strong>\u00a0perseguir\u00e0 la violazione delle presenti condizioni nonch\u00e9 l&#8217;uso improprio del suo portale, esercitando tutte le azioni civili e penali eventualmente applicabili in giurisprudenza.<\/p><h2>12. MODIFICA DELLE PRESENTI CONDIZIONI E DURATA<\/h2><p><strong>PESCAPUERTA, S.A.<\/strong>\u00a0potr\u00e0 modificare in qualsiasi momento le condizioni qui stabilite, pubblicandole correttamente cos\u00ec come appaiono qui. La validit\u00e0 di queste condizioni dipender\u00e0 dalla loro esposizione e rimarranno in vigore fino a quando non saranno modificate da altre debitamente pubblicate.<\/p><h2>13. LEGGE APPLICABILE E GIURISDIZIONE:<\/h2><p>La relazione tra\u00a0<strong>PESCAPUERTA, S.A.<\/strong>\u00a0e l&#8217;UTENTE sar\u00e0 disciplinata dalla legislazione spagnola vigente e qualsiasi controversia sar\u00e0 sottoposta alle Corti e ai Tribunali di Vigo.<\/p>\t\t\t\t\t\t\t\t<\/div>\n\t\t\t\t<\/div>\n\t\t\t\t\t<\/div>\n\t\t<\/div>\n\t\t\t\t\t<\/div>\n\t\t<\/section>\n\t\t\t\t<\/div>\n\t\t","protected":false},"excerpt":{"rendered":"<p>1. DATI IDENTIFICATIVI In ottemperanza all&#8217;obbligo d\u2019informazione di cui all&#8217;articolo 10 della Legge 34\/2002, dell&#8217;11 luglio sui Servizi&#8230;<\/p>\n","protected":false},"author":1,"featured_media":0,"parent":0,"menu_order":0,"comment_status":"closed","ping_status":"closed","template":"","meta":{"footnotes":""},"class_list":["post-4695","page","type-page","status-publish","hentry"],"_links":{"self":[{"href":"https:\/\/polarisum.com\/it\/wp-json\/wp\/v2\/pages\/4695","targetHints":{"allow":["GET"]}}],"collection":[{"href":"https:\/\/polarisum.com\/it\/wp-json\/wp\/v2\/pages"}],"about":[{"href":"https:\/\/polarisum.com\/it\/wp-json\/wp\/v2\/types\/page"}],"author":[{"embeddable":true,"href":"https:\/\/polarisum.com\/it\/wp-json\/wp\/v2\/users\/1"}],"replies":[{"embeddable":true,"href":"https:\/\/polarisum.com\/it\/wp-json\/wp\/v2\/comments?post=4695"}],"version-history":[{"count":5,"href":"https:\/\/polarisum.com\/it\/wp-json\/wp\/v2\/pages\/4695\/revisions"}],"predecessor-version":[{"id":4767,"href":"https:\/\/polarisum.com\/it\/wp-json\/wp\/v2\/pages\/4695\/revisions\/4767"}],"wp:attachment":[{"href":"https:\/\/polarisum.com\/it\/wp-json\/wp\/v2\/media?parent=4695"}],"curies":[{"name":"wp","href":"https:\/\/api.w.org\/{rel}","templated":true}]}}