{"id":4797,"date":"2023-06-12T08:52:53","date_gmt":"2023-06-12T06:52:53","guid":{"rendered":"https:\/\/polarisum.com\/?page_id=4797"},"modified":"2023-06-28T17:11:10","modified_gmt":"2023-06-28T15:11:10","slug":"politica-de-privacidad","status":"publish","type":"page","link":"https:\/\/polarisum.com\/it\/politica-de-privacidad\/","title":{"rendered":"PRIVACY"},"content":{"rendered":"\t\t<div data-elementor-type=\"wp-page\" data-elementor-id=\"4797\" class=\"elementor elementor-4797 elementor-3\">\n\t\t\t\t\t\t<section class=\"elementor-section elementor-top-section elementor-element elementor-element-7754b7e8 elementor-section-boxed elementor-section-height-default elementor-section-height-default\" data-id=\"7754b7e8\" data-element_type=\"section\">\n\t\t\t\t\t\t<div class=\"elementor-container elementor-column-gap-default\">\n\t\t\t\t\t<div class=\"elementor-column elementor-col-100 elementor-top-column elementor-element elementor-element-7682e2ad\" data-id=\"7682e2ad\" data-element_type=\"column\">\n\t\t\t<div class=\"elementor-widget-wrap elementor-element-populated\">\n\t\t\t\t\t\t<div class=\"elementor-element elementor-element-27a1d049 elementor-widget elementor-widget-text-editor\" data-id=\"27a1d049\" data-element_type=\"widget\" data-widget_type=\"text-editor.default\">\n\t\t\t\t<div class=\"elementor-widget-container\">\n\t\t\t\t\t\t\t\t\t<h2>1. DATI IDENTIFICATIVI<\/h2><p>In ottemperanza all&#8217;obbligo d\u2019informazione di cui all&#8217;articolo 10 della Legge 34\/2002, dell&#8217;11 luglio, sui Servizi della Societ\u00e0 dell\u2019Informazione e del Commercio elettronico, si riportano di seguito i seguenti dati: l\u2019azienda di titolarit\u00e0 di\u00a0<a href=\"https:\/\/polarisum.com\/it\/polarisum.com\">www.polarisum.com<\/a>\u00a0es\u00a0<strong>PESCAPUERTA, S.A.<\/strong>\u00a0con Codice Fiscale A 36.607.638 e con sede legale presso Avda. Garc\u00eda Barb\u00f3n N\u00ba 109, 4\u00ba, 36.201, Vigo (Pontevedra) e munita di email di contatto:\u00a0<a href=\"mailto:pescapuerta@pescapuerta.es\">pescapuerta@pescapuerta.es<\/a><\/p><h2>2. UTENTI<\/h2><p>L&#8217;accesso e\/o l&#8217;utilizzo del portale di\u00a0<strong>PESCAPUERTA, S.A.<\/strong>\u00a0attribuisce a chi ne fa uso la condizione di UTENTE, il quale accetta, nel momento in cui accede e\/o utilizza il sito di cui sopra, le Condizioni Generali di utilizzo di seguito riportate. Le presenti condizioni generali saranno applicate indipendentemente dalle Condizioni Generali d\u2019Acquisto che possano essere eventualmente obbligatorie e vincolanti.<\/p><h2>3. USO DEL PORTALE<\/h2><p><a href=\"https:\/\/polarisum.com\/it\/polarisum.com\">www.polarisum.com<\/a>\u00a0fornisce l&#8217;accesso a molteplici informazioni, servizi, programmi o dati (di seguito &#8221;i contenuti&#8221;) su Internet appartenenti a\u00a0<strong>PESCAPUERTA, S.A.<\/strong>\u00a0a cui l&#8217;UTENTE pu\u00f2 avere accesso. L&#8217;UTENTE si assume la responsabilit\u00e0 di utilizzare correttamente il portale. La suddetta responsabilit\u00e0 si estende alla registrazione eventualmente necessaria per accedere a determinati servizi o contenuti.<\/p><p>In tal caso, l\u2019UTENTE sar\u00e0 responsabile di fornire informazioni veritiere e lecite. Registrandosi, l&#8217;UTENTE potr\u00e0 ricevere una password di cui sar\u00e0 responsabile e, pertanto, s\u2019impegna a farne un uso diligente e confidenziale. L&#8217;UTENTE si impegna a fare un uso appropriato dei contenuti e dei servizi offerti da\u00a0<strong>PESCAPUERTA, S.A.<\/strong>\u00a0sul proprio sito Web e si impegna a non utilizzarli per attivit\u00e0 ritenute illecite, contrarie all&#8217;ordine pubblico, alla difesa nazionale o alla salute pubblica.<\/p><p>In ogni caso,\u00a0<strong>PESCAPUERTA, S.A.<\/strong>\u00a0si riserva il diritto di modificare unilateralmente, in qualsiasi momento e senza preavviso, la struttura e la grafica del sito web: modificare o eliminare servizi o contenuti, nonch\u00e9 le condizioni di accesso e\/o utilizzo del sito Web.<\/p><p><strong>PESCAPUERTA, S.A.<\/strong>\u00a0si riserva, inoltre, il diritto di modificare in qualsiasi momento le presenti condizioni di utilizzo, nonch\u00e9 ogni eventuale altra condizione particolare contenuta sul sito Web\u00a0<a href=\"https:\/\/polarisum.com\/it\/polarisum.com\">www.polarisum.com<\/a><\/p><h2>4. PROTEZIONE DEI DATI PERSONALI<\/h2><table border=\"1\" width=\"100%\"><tbody><tr><th colspan=\"2\" scope=\"col\"><strong>INFORMAZIONE ESSENZIALE SULLA PROTEZIONE DEI DATI PERSONALI<\/strong><\/th><\/tr><tr><td><strong>Responsabile<\/strong><\/td><td>PESCAPUERTA, S.A.<\/td><\/tr><tr><td><strong>Scopo<\/strong><\/td><td>Gestione della richiesta<\/td><\/tr><tr><td><strong>Legittimazione<\/strong><\/td><td>Esecuzione di un contratto \/ prestazione di servizi<\/td><\/tr><tr><td><strong>Destinatari<\/strong><\/td><td>Altre aziende o succursali del gruppo<\/td><\/tr><tr><td><strong>Diritti<\/strong><\/td><td>Potr\u00e0 esercitare i diritti di accesso, rettifica, cancellazione, limitazione, opposizione e portabilit\u00e0 dei dati forniti, come indicato nell\u2019informazione aggiuntiva.<\/td><\/tr><tr><td><strong>Informazione Aggiuntiva<\/strong><\/td><td>\u00c8 possibile consultare l\u2019informazione aggiuntiva e dettagliata sulla\u00a0<strong>Protezione dei Dati<\/strong><\/td><\/tr><\/tbody><\/table><h2>&lt;h2 &#8216;=&#8221;&#8221;&gt;PRIVACY (II)<br \/>+Protezione dei Dati<\/h2><table border=\"1\" width=\"100%\"><tbody><tr><th colspan=\"2\" scope=\"col\"><strong>INFORMAZIONE DETTAGLIATA SULLA PROTEZIONE DEI DATI PERSONALI:<\/strong><\/th><\/tr><tr><td><strong>Responsabile<\/strong><\/td><td><strong>Chi \u00e8 il responsabile del trattamento dei Suoi dati?<\/strong><br \/>Identit\u00e0: PESCAPUERTA, S.A.<br \/>Sede legale: Avda. Garc\u00eda Barb\u00f3n N\u00ba 109, 4\u00ba, 36.201, Vigo (Pontevedra)<p>\u00a0<\/p>Telefono: 986 29 25 50<br \/>Email:\u00a0<a href=\"mailto:pescapuerta@pescapuerta.es\">pescapuerta@pescapuerta.es<\/a><br \/>Contatto DPD:<\/td><\/tr><tr><td><strong>Scopo<\/strong><\/td><td><strong>A che scopo trattiamo i Suoi dati personali?<\/strong><br \/><strong>PESCAPUERTA, S.A.<\/strong>\u00a0tratter\u00e0 i dati forniti dagli interessati al fine di gestire l&#8217;invio delle informazioni o dei prodotti richiesti.<br \/>Il trattamento automatizzato dei dati sar\u00e0 effettuato allo scopo di elaborare profili con i servizi richiesti o gli acquisti effettuati, in modo da poter offrire promozioni, offerte o servizi verso i quali \u00e8 stato mostrato un certo interesse.<br \/><strong>Per quanto tempo conserveremo i Suoi dati?<\/strong><br \/>I dati personali forniti dall&#8217;utente saranno conservati fino a quando non ne verr\u00e0 richiesta la soppressione dal diretto interessato.<\/td><\/tr><tr><td><strong>Legittimazione<\/strong><\/td><td><p>La base giuridica per il trattamento dei Suoi dati \u00e8 l&#8217;esecuzione della Sua richiesta.<\/p><\/td><\/tr><tr><td><strong>Destinatari<\/strong><\/td><td><strong>A quali destinatari saranno comunicati i Suoi dati?<\/strong><br \/><strong>PESCAPUERTA, S.A.<\/strong>\u00a0potr\u00e0 cedere i Suoi dati ad altre societ\u00e0 o filiali del gruppo, che sono (ROYAL BENGAL SEAFOOD S.L., PESCAPUERTA TRADE S.L., LOLIGO SEAFOOD S.L., FORTITUDE FISHING S.L., MENKENT S.L., POLARIS URSAE MINORIS S.L. e ELMAR FROZEN FOOD S.L.) per scopi amministrativi e di gestione interna.<\/td><\/tr><tr><td><strong>Diritti<\/strong><\/td><td>L\u2019utente potr\u00e0 in qualsiasi momento esercitare i propri diritti di accesso, rettifica, soppressione, limitazione, opposizione e portabilit\u00e0 dei dati forniti, ai sensi delle disposizioni del Regolamento Generale (UE) 2016\/679 sulla Protezione dei Dati, mediante comunicazione inviata per iscritto, all\u2019indirizzo email\u00a0<a href=\"mailto:'pescapuerta@pescapuerta.es'\">pescapuerta@pescapuerta.es<\/a>, in cui bisogner\u00e0 specificare il diritto che si vuole esercitare, allegando copia del documento ufficiale d\u2019identit\u00e0.<br \/>L&#8217;interessato potr\u00e0, inoltre, presentare un reclamo all&#8217;Autorit\u00e0 di Controllo.<\/td><\/tr><\/tbody><\/table><p>\u00a0<\/p><p>In conformit\u00e0 con le disposizioni del Regolamento Generale (UE) 2016\/679 sulla Protezione dei Dati, informiamo l&#8217;utente che i dati personali da Lei forniti volontariamente, con qualsiasi mezzo di raccolta, saranno incorporati nelle Attivit\u00e0 di Trattamento automatizzato dei dati personali di propriet\u00e0 di\u00a0<strong>PESCAPUERTA, S.A.<\/strong>\u00a0allo scopo di poter fornire i nostri servizi, nonch\u00e9 informarLa in merito alle questioni relative all&#8217;attivit\u00e0 dell&#8217;azienda e ai suoi servizi. I campi contrassegnati da un &#8221;*&#8221; sono obbligatori, pertanto la mancata compilazione di questi campi impedir\u00e0 all&#8217;UTENTE di usufruire di alcuni Servizi e informazioni offerti sul Web. I dati in essi contenuti saranno trattati in modo confidenziale.<\/p><p><strong>PESCAPUERTA, S.A.<\/strong>\u00a0rispetta pienamente la legislazione vigente in materia di protezione dei dati personali e gli impegni di riservatezza inerenti alla propria attivit\u00e0.<\/p><p><strong>PESCAPUERTA, S.A.<\/strong>\u00a0ha adottato le misure tecniche necessarie per mantenere il livello di sicurezza richiesto, in funzione della natura dei dati personali trattati e delle circostanze del trattamento, al fine di evitarne, per quanto possibile e sempre in base allo stato della tecnica, alterazione, perdita, trattamento o accesso non autorizzato. Per l&#8217;esecuzione della suddetta gestione potrebbe essere necessario cedere i dati agli addetti responsabili del trattamento, societ\u00e0 collaboratrici e pubbliche amministrazioni (che possono verificare la veridicit\u00e0 dei dati).<\/p><p>Qualora l\u2019UTENTE fornisca dati di carattere personale relativi a persone fisiche diverse da se stesso, l\u2019UTENTE dovr\u00e0 prima di fornirli, informare gli interessati del contenuto della presente clausola, in conformit\u00e0 alle disposizioni del Regolamento Generale (UE) 2016\/679 sulla Protezione dei Dati.<\/p><p><strong>PESCAPUERTA, S.A.<\/strong>\u00a0in qualit\u00e0 di responsabile dell\u2019Attivit\u00e0 de Trattamento, garantisce l&#8217;esercizio dei diritti di accesso, rettifica, soppressione, limitazione, opposizione e portabilit\u00e0 dei dati forniti, ai sensi delle disposizioni del Regolamento Generale (UE) 2016\/679 sulla Protezione dei Dati; l&#8217;UTENTE potr\u00e0 esercitare i suddetti diritti in qualsiasi momento, inviando una comunicazione per iscritto alla sede legale, allegando copia della Carta d\u2019Identit\u00e0 o del Passaporto.<\/p><p><strong>PESCAPUERTA, S.A.<\/strong>\u00a0garantisce che tutte le comunicazioni commerciali indirizzate ai propri clienti rispettano normativa vigente.<\/p><p>A tal fine, in conformit\u00e0 con la legge 34\/2002 sui Servizi della Societ\u00e0 dell\u2019Informazione e il Commercio elettronico e la Legge Generale sulle Telecomunicazioni 9\/2014, s\u2019informa l\u2019UTENTE che PESCAPUERTA, S.A potr\u00e0 inviargli per via elettronica informazioni su prodotti e servizi di Suo interesse e che a tal fine l\u2019Utente ne d\u00e0 il proprio consenso.<\/p><p>Potr\u00e0 revocare in qualsiasi momento questa autorizzazione scrivendo all\u2019indirizzo email\u00a0<a href=\"mailto:pescapuerta@pescapuerta.es\">pescapuerta@pescapuerta.es<\/a>.<\/p>\t\t\t\t\t\t\t\t<\/div>\n\t\t\t\t<\/div>\n\t\t\t\t\t<\/div>\n\t\t<\/div>\n\t\t\t\t\t<\/div>\n\t\t<\/section>\n\t\t\t\t<\/div>\n\t\t","protected":false},"excerpt":{"rendered":"<p>1. DATI IDENTIFICATIVI In ottemperanza all&#8217;obbligo d\u2019informazione di cui all&#8217;articolo 10 della Legge 34\/2002, dell&#8217;11 luglio, sui Servizi&#8230;<\/p>\n","protected":false},"author":1,"featured_media":0,"parent":0,"menu_order":0,"comment_status":"closed","ping_status":"open","template":"","meta":{"footnotes":""},"class_list":["post-4797","page","type-page","status-publish","hentry"],"_links":{"self":[{"href":"https:\/\/polarisum.com\/it\/wp-json\/wp\/v2\/pages\/4797","targetHints":{"allow":["GET"]}}],"collection":[{"href":"https:\/\/polarisum.com\/it\/wp-json\/wp\/v2\/pages"}],"about":[{"href":"https:\/\/polarisum.com\/it\/wp-json\/wp\/v2\/types\/page"}],"author":[{"embeddable":true,"href":"https:\/\/polarisum.com\/it\/wp-json\/wp\/v2\/users\/1"}],"replies":[{"embeddable":true,"href":"https:\/\/polarisum.com\/it\/wp-json\/wp\/v2\/comments?post=4797"}],"version-history":[{"count":5,"href":"https:\/\/polarisum.com\/it\/wp-json\/wp\/v2\/pages\/4797\/revisions"}],"predecessor-version":[{"id":4802,"href":"https:\/\/polarisum.com\/it\/wp-json\/wp\/v2\/pages\/4797\/revisions\/4802"}],"wp:attachment":[{"href":"https:\/\/polarisum.com\/it\/wp-json\/wp\/v2\/media?parent=4797"}],"curies":[{"name":"wp","href":"https:\/\/api.w.org\/{rel}","templated":true}]}}