{"id":4834,"date":"2023-06-15T16:39:25","date_gmt":"2023-06-15T14:39:25","guid":{"rendered":"https:\/\/polarisum.com\/?page_id=4834"},"modified":"2023-06-28T17:17:25","modified_gmt":"2023-06-28T15:17:25","slug":"cookies","status":"publish","type":"page","link":"https:\/\/polarisum.com\/it\/cookies\/","title":{"rendered":"POLITICA DEI COOKIE"},"content":{"rendered":"\t\t<div data-elementor-type=\"wp-page\" data-elementor-id=\"4834\" class=\"elementor elementor-4834 elementor-3812\">\n\t\t\t\t\t\t<section class=\"elementor-section elementor-top-section elementor-element elementor-element-052369f elementor-section-boxed elementor-section-height-default elementor-section-height-default\" data-id=\"052369f\" data-element_type=\"section\">\n\t\t\t\t\t\t<div class=\"elementor-container elementor-column-gap-default\">\n\t\t\t\t\t<div class=\"elementor-column elementor-col-100 elementor-top-column elementor-element elementor-element-7d2a59a\" data-id=\"7d2a59a\" data-element_type=\"column\">\n\t\t\t<div class=\"elementor-widget-wrap elementor-element-populated\">\n\t\t\t\t\t\t<div class=\"elementor-element elementor-element-114e10c elementor-widget elementor-widget-text-editor\" data-id=\"114e10c\" data-element_type=\"widget\" data-widget_type=\"text-editor.default\">\n\t\t\t\t<div class=\"elementor-widget-container\">\n\t\t\t\t\t\t\t\t\t<p>In conformit\u00e0 con la legislazione spagnola che disciplina l&#8217;uso dei cookie in relazione alla prestazione di servizi della societ\u00e0 dell&#8217;informazione, contenuta nel secondo comma dell&#8217;articolo 22 della Legge 34\/2002 dell&#8217;11 luglio, sui servizi della societ\u00e0 dell&#8217;informazione e il commercio elettronico, come modificato dal Regio Decreto Legge 13\/2012 del 30 marzo, La informiamo in merito ai cookie utilizzati sul sito web.\u00a0<a href=\"https:\/\/polarisum.com\/it\/pescapuerta.es\">www.pescapuerta.es<\/a>\u00a0e il motivo del loro uso. La informiamo, inoltre, che ai sensi di legge (i) l&#8217;UTENTE ha dato il proprio consenso per poterli utilizzare qualora modifichi la configurazione del browser, disattivando le restrizioni che impediscono l&#8217;inserimento di cookies e (ii) che il suddetto consenso non sar\u00e0 necessario per l&#8217;installazione dei cookies strettamente necessari per l&#8217;erogazione di un servizio espressamente richiesto dall&#8217;UTENTE.<\/p><h2>CHE SONO I COOKIE?<\/h2><p>I cookie sono piccoli file di testo che vengono installati nel browser del computer dell&#8217;UTENTE per registrarne l\u2019attivit\u00e0, mediante l\u2019invio di un&#8217;identificazione anonima in esso memorizzata, allo scopo di rendere pi\u00f9 semplice la navigazione, consentendo, ad esempio, l&#8217;accesso agli UTENTI precedentemente registrati e l&#8217;accesso ad aree, servizi, promozioni o concorsi riservati esclusivamente ad essi senza doversi registrare a ogni visita. Possono anche essere utilizzati per misurare l\u2019audience, i parametri di traffico e navigazione, il tempo di sessione, e\/o per controllare l&#8217;andamento e il numero di visite. I cookie sono associati solo a un utente anonimo e al suo computer o dispositivo e non forniscono indizi che ci permettano di conoscerne i dati personali.<\/p><h2>TIPO DI COOKIE<\/h2><p>1.- Cookie propri:Sono quelli che vengono inviati al computer dell&#8217;utente da un computer o dominio gestito dall&#8217;editore e da cui viene prestato il servizio richiesto dall&#8217;utente.<\/p><p>2.- Cookie di terzi: Sono quelli che vengono inviati al computer dell&#8217;utente da un computer o dominio che non \u00e8 gestito dall\u2019editore, bens\u00ec da un altro ente che tratta i dati ottenuti mediante i cookie.<\/p><p>3.- Cookie di sessione: Si tratta di un tipo di cookie utilizzati per raccogliere e memorizzare dati mentre l&#8217;utente accede a un sito web.<\/p><p>4.- Cookies persistenti: Si tratta di un tipo di cookie in cui i dati sono ancora memorizzati nel terminale e possono essere consultati ed elaborati per un periodo di tempo definito dal responsabile dei cookie, che pu\u00f2 variare da pochi minuti a diversi anni.<\/p><p>5.- Cookie tecnici: Sono quelli che permettono all&#8217;utente di navigare su un sito web e di utilizzare le diverse opzioni o i servizi in esso contenuti, come, per esempio, il controllo del traffico e la comunicazione dei dati, l&#8217;identificazione della sessione, l&#8217;accesso a zone con accesso limitato, ricordare gli elementi che compongono un ordine, memorizzare i contenuti per la diffusione di video o audio oppure condividere contenuti attraverso i social network.<\/p><p>6.- Cookie di personalizzazione: Sono quelli che permettono all&#8217;utente di accedere al servizio con alcune caratteristiche generali predefinite in funzione di una serie di criteri presenti nel terminale dell&#8217;utente quali, ad esempio, la lingua, il tipo di browser attraverso il quale si accede al servizio, ecc.<\/p><p>7.- Cookie di analisi: Sono quelli che, trattati da noi o da terzi, ci permettono di quantificare il numero di utenti e quindi di effettuare la misurazione e l&#8217;analisi statistica dell&#8217;utilizzo che gli utenti fanno del servizio offerto. A tal fine, analizziamo la Sua navigazione sul nostro sito allo scopo di migliorare la gamma dei prodotti o dei servizi offerti.<\/p><p>8.- Cookies pubblicitari: Sono quelli che consentono di gestire, nel modo pi\u00f9 efficiente possibile, gli spazi pubblicitari che, ove opportuno, l&#8217;editore ha inserito su un sito web, applicazione o piattaforma da cui presta il servizio richiesto, sulla base di criteri quali il contenuto editato o la frequenza di visualizzazione degli annunci.<\/p><p>9.- Cookie di pubblicit\u00e0 comportamentali: Sono quelli che consentono di gestire, nel modo pi\u00f9 efficiente possibile, gli spazi pubblicitari che, ove opportuno, l&#8217;editore ha inserito su un sito web, applicazione o piattaforma da cui presta il servizio richiesto. Questi cookie memorizzano le informazioni sul comportamento degli utenti ottenute attraverso la continua osservazione delle loro abitudini di navigazione, consentendo, cos\u00ec, di sviluppare un profilo specifico in base al quale mostrare gli annunci pubblicitari.<\/p><h2>TIPO DI COOKIES UTILIZZATI DA QUESTO SITO WEB<\/h2><p>I cookie utilizzati sul nostro sito web sono di sessione e di terze parti, e ci permettono di memorizzare e accedere alle informazioni relative alla lingua, al tipo di browser utilizzato, e ad altre caratteristiche generali predefinite dall&#8217;utente, cos\u00ec come seguire e analizzare l&#8217;attivit\u00e0 svolta, al fine di introdurre miglioramenti e fornire i nostri servizi nel modo pi\u00f9 efficiente e personalizzato possibile.\u00a0<strong>PESCAPUERTA, S.A.<\/strong>\u00a0non utilizza cookie pubblicitari o di pubblicit\u00e0 comportamentale.<\/p><p>L&#8217;utilizzo dei cookie offre vantaggi nella prestazione dei servizi, poich\u00e9 semplifica la navigazione dell&#8217;utente e l&#8217;accesso ai diversi servizi offerti da questo sito web; evita che l&#8217;utente debba configurare le caratteristiche generali predefinite ogni volta che accede al sito web; favorisce il miglioramento del funzionamento e dei servizi forniti attraverso questo sito web, dopo aver analizzato le informazioni ottenute attraverso i cookie installati.<\/p><table border=\"1\" width=\"100%\"><tbody><tr><th scope=\"col\"><strong>Cookie<\/strong><\/th><th scope=\"col\"><strong>Nome<\/strong><\/th><th scope=\"col\"><strong>Tipo<\/strong><\/th><th scope=\"col\"><strong>Scopo<\/strong><\/th><th scope=\"col\"><strong>Durata<\/strong><\/th><th scope=\"col\"><strong>Maggiori informazioni<\/strong><\/th><\/tr><tr><td rowspan=\"3\" align=\"center\" valign=\"middle\"><strong>pescapuerta.es<\/strong><\/td><td align=\"center\" valign=\"middle\">_ga<\/td><td rowspan=\"3\" align=\"center\" valign=\"middle\">Di terzi: Google Analytics<\/td><td align=\"center\" valign=\"middle\">Si usa per differenziare utenti e sessioni. I cookie si creano quando viene caricata la libreria javascript e non esiste una versione precedente del cookie _ga. I cookie si aggiornano ogni volta che inviano dati a Google Analytics.<\/td><td align=\"center\" valign=\"middle\">2 anni<\/td><td rowspan=\"3\" align=\"center\" valign=\"middle\"><a href=\"https:\/\/developers.google.com\/analytics\/devguides\/collection\/analyticsjs\/cookie-usage?hl=es-419\" target=\"_blank\" rel=\"noopener\">https:\/\/developers.google.com\/analytics\/devguides\/collection\/analyticsjs\/cookie-usage?hl=es-419<\/a><\/td><\/tr><tr><td align=\"center\" valign=\"middle\">_gat<\/td><td align=\"center\" valign=\"middle\">Si utilizzano per differenziare i tracciamenti creati nella sessione. I cookie si creano quando viene caricata la libreria javascript e non esiste una versione precedente del cookie _gat. I cookie si aggiornano ogni volta che inviano dati a Google Analytics<\/td><td align=\"center\" valign=\"middle\">1 minuto<\/td><\/tr><tr><td align=\"center\" valign=\"middle\">_gid<\/td><td align=\"center\" valign=\"middle\">Si usano per differenziare gli utenti<\/td><td align=\"center\" valign=\"middle\">1 giorno<\/td><\/tr><\/tbody><\/table><p>&lt;p &#8216;=&#8221;&#8221;&gt;NOTA: Su alcune pagine di questo sito web vengono mostrati contenuti incorporati o invocati attraverso i quali potrebbero essere installati cookie di terze parti. Sebbene il sito venga rivisto con una certa frequenza, \u00e8 possibile che l&#8217;elenco dei cookie non sia aggiornato. In caso di eventuali chiarimenti sui cookie installati su questo sito web, La preghiamo di contattarci.<\/p><h2>DISABILITARE I COOKIE<\/h2><p>In qualit\u00e0 di utente, potr\u00e0 accedere in ogni momento alla configurazione del browser accettando o rifiutando tutti i cookie, oppure selezionando quelli di cui accetta l&#8217;installazione e quelli che invece rifiuta, seguendo una delle seguenti procedure, a seconda del browser utilizzato:<\/p><p>Poich\u00e9 ogni browser utilizza una procedura diversa, la funzione di aiuto del Suo browser Le indicher\u00e0 come farlo.<\/p><ul><li><strong>InternetExplorer:<\/strong>\u00a0<a href=\"https:\/\/support.microsoft.com\/en-us\/help\/17442\/windows-internet-explorer-delete-manage-cookies\" target=\"_blank\" rel=\"noopener\">windows.microsoft.com\/es-xl\/internet-explorer\/delete-manage-cookies#ie=&#8221;ie-10&#8243;<\/a><\/li><li><strong>FireFox:<\/strong>\u00a0<a href=\"http:\/\/support.mozilla.org\/es\/kb\/Borrar%20cookies\" target=\"_blank\" rel=\"noopener\">support.mozilla.org\/es\/kb\/Borrar%20cookies<\/a><\/li><li><strong>Chrome:<\/strong>\u00a0<a href=\"http:\/\/support.google.com\/chrome\/answer\/95647?hl=\" target=\"_blank\" rel=\"noopener\">support.google.com\/chrome\/answer\/95647?hl=&#8221;es&#8221;<\/a><\/li><li><strong>Safari:<\/strong>\u00a0<a href=\"http:\/\/www.apple.com\/es\/privacy\/use-of-cookies\/\" target=\"_blank\" rel=\"noopener\">www.apple.com\/es\/privacy\/use-of-cookies\/<\/a><\/li><\/ul><p>Tutti i browser consentono di modificare le impostazioni dei Cookie. Queste impostazioni si trovano di solito nelle &#8221;opzioni&#8221; o &#8221;Preferenze&#8221; del men\u00f9 del browser. Di seguito riportiamo le informazioni sui passaggi necessari per accedere al men\u00f9 delle impostazione dei cookie e, se presente, della navigazione privata in ciascuno dei principali browser:<\/p><p><strong>InternetExplorer:<\/strong>\u00a0Strumenti -&gt; Opzioni Internet -&gt; Privacy -&gt; Impostazioni.<br \/>Per maggiori informazioni consultare il\u00a0<a href=\"https:\/\/support.microsoft.com\/en-us\/products\/windows%20-%20top-solutions=windows-7\" target=\"_blank\" rel=\"noopener\">supporto di Microsoft<\/a>\u00a0o l\u2019Aiuto del browser. el o la Ayuda del navegador.<\/p><p><strong>Firefox:<\/strong>\u00a0Strumenti -&gt; Opzioni -&gt; Privacy -&gt; Cronologia -&gt; Impostazioni personalizzate.<br \/>Per maggiori informazioni consultare il\u00a0<a href=\"https:\/\/support.mozilla.org\/es\/\" target=\"_blank\" rel=\"noopener\">supporto di Mozila<\/a>\u00a0o l\u2019Aiuto del browser.<\/p><p><strong>Chrome:<\/strong>\u00a0Configurazione -&gt; Mostra opzioni avanzate -&gt; Privacy -&gt; Configurazione dei contenuti.<br \/>Per maggiori informazioni consultare il\u00a0<a href=\"https:\/\/support.google.com\/chrome\/?hl=es%20-%20topic=3227046\" target=\"_blank\" rel=\"noopener\">o l\u2019Aiuto del browser.<\/a><\/p><p><a href=\"https:\/\/support.google.com\/chrome\/?hl=es%20-%20topic=3227046\" target=\"_blank\" rel=\"noopener\"><strong>Safari:<\/strong>\u00a0Preferenze-&gt;Sicurezza.<br \/>Per maggiori informazioni consultare il\u00a0<\/a><a href=\"https:\/\/support.apple.com\/es-es\/safari7\" target=\"_blank\" rel=\"noopener\">supporto di Apple<\/a>\u00a0o l\u2019Aiuto del browser.<\/p><p>Per qualsiasi consulenza pu\u00f2 contattarci al seguente indirizzo email:\u00a0<a href=\"mailto:pescapuerta@pescapuerta.es\">pescapuerta@pescapuerta.es<\/a><\/p>\t\t\t\t\t\t\t\t<\/div>\n\t\t\t\t<\/div>\n\t\t\t\t\t<\/div>\n\t\t<\/div>\n\t\t\t\t\t<\/div>\n\t\t<\/section>\n\t\t\t\t<\/div>\n\t\t","protected":false},"excerpt":{"rendered":"<p>In conformit\u00e0 con la legislazione spagnola che disciplina l&#8217;uso dei cookie in relazione alla prestazione di servizi della&#8230;<\/p>\n","protected":false},"author":1,"featured_media":0,"parent":0,"menu_order":0,"comment_status":"closed","ping_status":"closed","template":"","meta":{"footnotes":""},"class_list":["post-4834","page","type-page","status-publish","hentry"],"_links":{"self":[{"href":"https:\/\/polarisum.com\/it\/wp-json\/wp\/v2\/pages\/4834","targetHints":{"allow":["GET"]}}],"collection":[{"href":"https:\/\/polarisum.com\/it\/wp-json\/wp\/v2\/pages"}],"about":[{"href":"https:\/\/polarisum.com\/it\/wp-json\/wp\/v2\/types\/page"}],"author":[{"embeddable":true,"href":"https:\/\/polarisum.com\/it\/wp-json\/wp\/v2\/users\/1"}],"replies":[{"embeddable":true,"href":"https:\/\/polarisum.com\/it\/wp-json\/wp\/v2\/comments?post=4834"}],"version-history":[{"count":5,"href":"https:\/\/polarisum.com\/it\/wp-json\/wp\/v2\/pages\/4834\/revisions"}],"predecessor-version":[{"id":4839,"href":"https:\/\/polarisum.com\/it\/wp-json\/wp\/v2\/pages\/4834\/revisions\/4839"}],"wp:attachment":[{"href":"https:\/\/polarisum.com\/it\/wp-json\/wp\/v2\/media?parent=4834"}],"curies":[{"name":"wp","href":"https:\/\/api.w.org\/{rel}","templated":true}]}}