{"id":3909,"date":"2023-06-12T12:59:14","date_gmt":"2023-06-12T10:59:14","guid":{"rendered":"https:\/\/websgalicia.es\/test\/polarisum\/polaris\/"},"modified":"2023-06-16T14:01:19","modified_gmt":"2023-06-16T12:01:19","slug":"polaris","status":"publish","type":"page","link":"https:\/\/polarisum.com\/pt\/polaris\/","title":{"rendered":"CAMAR\u00c3O"},"content":{"rendered":"\t\t<div data-elementor-type=\"wp-page\" data-elementor-id=\"3909\" class=\"elementor elementor-3909 elementor-2577\">\n\t\t\t\t\t\t<section class=\"elementor-section elementor-top-section elementor-element elementor-element-b2d2b93 elementor-section-boxed elementor-section-height-default elementor-section-height-default\" data-id=\"b2d2b93\" data-element_type=\"section\">\n\t\t\t\t\t\t<div class=\"elementor-container elementor-column-gap-default\">\n\t\t\t\t\t<div class=\"elementor-column elementor-col-100 elementor-top-column elementor-element elementor-element-5d68150\" data-id=\"5d68150\" data-element_type=\"column\">\n\t\t\t<div class=\"elementor-widget-wrap elementor-element-populated\">\n\t\t\t\t\t\t<div class=\"elementor-element elementor-element-68d651d elementor-widget elementor-widget-text-editor\" data-id=\"68d651d\" data-element_type=\"widget\" data-widget_type=\"text-editor.default\">\n\t\t\t\t<div class=\"elementor-widget-container\">\n\t\t\t\t\t\t\t\t\t<p><strong>O Camar\u00e3o Austral<\/strong> \u00e9 um dos nossos produtos de destaque e caracteriza-se principalmente pela sua textura firme e sabor delicioso. A seguir, poder\u00e1 descobrir mais pormenores sobre este produto t\u00e3o apreciado na gastronomia espanhola e cada vez mais consumido noutros pa\u00edses:<\/p>\t\t\t\t\t\t\t\t<\/div>\n\t\t\t\t<\/div>\n\t\t\t\t<div class=\"elementor-element elementor-element-842189e elementor-widget elementor-widget-spacer\" data-id=\"842189e\" data-element_type=\"widget\" data-widget_type=\"spacer.default\">\n\t\t\t\t<div class=\"elementor-widget-container\">\n\t\t\t\t\t\t\t<div class=\"elementor-spacer\">\n\t\t\t<div class=\"elementor-spacer-inner\"><\/div>\n\t\t<\/div>\n\t\t\t\t\t\t<\/div>\n\t\t\t\t<\/div>\n\t\t\t\t<div class=\"elementor-element elementor-element-c56fe37 elementor-widget elementor-widget-image\" data-id=\"c56fe37\" data-element_type=\"widget\" data-widget_type=\"image.default\">\n\t\t\t\t<div class=\"elementor-widget-container\">\n\t\t\t\t\t\t\t\t\t\t\t\t\t\t\t\t<a href=\"https:\/\/polarisum.com\/wp-content\/uploads\/2023\/06\/infografia_pt.png\" data-elementor-open-lightbox=\"yes\" data-elementor-lightbox-title=\"infografia_pt\" data-e-action-hash=\"#elementor-action%3Aaction%3Dlightbox%26settings%3DeyJpZCI6NDA2MSwidXJsIjoiaHR0cHM6XC9cL3BvbGFyaXN1bS5jb21cL3dwLWNvbnRlbnRcL3VwbG9hZHNcLzIwMjNcLzA2XC9pbmZvZ3JhZmlhX3B0LnBuZyJ9\">\n\t\t\t\t\t\t\t<img fetchpriority=\"high\" decoding=\"async\" width=\"2560\" height=\"1440\" src=\"https:\/\/polarisum.com\/wp-content\/uploads\/2023\/06\/infografia_pt.png\" class=\"attachment-full size-full wp-image-4061\" alt=\"\" srcset=\"https:\/\/polarisum.com\/wp-content\/uploads\/2023\/06\/infografia_pt.png 2560w, https:\/\/polarisum.com\/wp-content\/uploads\/2023\/06\/infografia_pt-300x169.png 300w, https:\/\/polarisum.com\/wp-content\/uploads\/2023\/06\/infografia_pt-1024x576.png 1024w, https:\/\/polarisum.com\/wp-content\/uploads\/2023\/06\/infografia_pt-768x432.png 768w, https:\/\/polarisum.com\/wp-content\/uploads\/2023\/06\/infografia_pt-1536x864.png 1536w, https:\/\/polarisum.com\/wp-content\/uploads\/2023\/06\/infografia_pt-2048x1152.png 2048w, https:\/\/polarisum.com\/wp-content\/uploads\/2023\/06\/infografia_pt-285x160.png 285w, https:\/\/polarisum.com\/wp-content\/uploads\/2023\/06\/infografia_pt-1600x900.png 1600w, https:\/\/polarisum.com\/wp-content\/uploads\/2023\/06\/infografia_pt-660x371.png 660w, https:\/\/polarisum.com\/wp-content\/uploads\/2023\/06\/infografia_pt-150x84.png 150w\" sizes=\"(max-width: 2560px) 100vw, 2560px\" \/>\t\t\t\t\t\t\t\t<\/a>\n\t\t\t\t\t\t\t\t\t\t\t\t\t\t\t<\/div>\n\t\t\t\t<\/div>\n\t\t\t\t\t<\/div>\n\t\t<\/div>\n\t\t\t\t\t<\/div>\n\t\t<\/section>\n\t\t\t\t<\/div>\n\t\t","protected":false},"excerpt":{"rendered":"<p>O Camar\u00e3o Austral \u00e9 um dos nossos produtos de destaque e caracteriza-se principalmente pela sua textura firme e&#8230;<\/p>\n","protected":false},"author":1,"featured_media":0,"parent":0,"menu_order":0,"comment_status":"closed","ping_status":"closed","template":"elementor_header_footer","meta":{"footnotes":""},"class_list":["post-3909","page","type-page","status-publish","hentry"],"_links":{"self":[{"href":"https:\/\/polarisum.com\/pt\/wp-json\/wp\/v2\/pages\/3909","targetHints":{"allow":["GET"]}}],"collection":[{"href":"https:\/\/polarisum.com\/pt\/wp-json\/wp\/v2\/pages"}],"about":[{"href":"https:\/\/polarisum.com\/pt\/wp-json\/wp\/v2\/types\/page"}],"author":[{"embeddable":true,"href":"https:\/\/polarisum.com\/pt\/wp-json\/wp\/v2\/users\/1"}],"replies":[{"embeddable":true,"href":"https:\/\/polarisum.com\/pt\/wp-json\/wp\/v2\/comments?post=3909"}],"version-history":[{"count":3,"href":"https:\/\/polarisum.com\/pt\/wp-json\/wp\/v2\/pages\/3909\/revisions"}],"predecessor-version":[{"id":4070,"href":"https:\/\/polarisum.com\/pt\/wp-json\/wp\/v2\/pages\/3909\/revisions\/4070"}],"wp:attachment":[{"href":"https:\/\/polarisum.com\/pt\/wp-json\/wp\/v2\/media?parent=3909"}],"curies":[{"name":"wp","href":"https:\/\/api.w.org\/{rel}","templated":true}]}}