{"id":3923,"date":"2018-07-17T14:43:20","date_gmt":"2018-07-17T12:43:20","guid":{"rendered":"https:\/\/websgalicia.es\/test\/polarisum\/home\/"},"modified":"2023-08-30T13:12:59","modified_gmt":"2023-08-30T11:12:59","slug":"home","status":"publish","type":"page","link":"https:\/\/polarisum.com\/pt\/","title":{"rendered":"Home"},"content":{"rendered":"\t\t<div data-elementor-type=\"wp-post\" data-elementor-id=\"3923\" class=\"elementor elementor-3923 elementor-1470\">\n\t\t\t\t\t\t<section class=\"elementor-section elementor-top-section elementor-element elementor-element-774e979 elementor-section-full_width elementor-section-content-middle elementor-section-height-default elementor-section-height-default\" data-id=\"774e979\" data-element_type=\"section\">\n\t\t\t\t\t\t<div class=\"elementor-container elementor-column-gap-default\">\n\t\t\t\t\t<div class=\"elementor-column elementor-col-100 elementor-top-column elementor-element elementor-element-38d1b647\" data-id=\"38d1b647\" data-element_type=\"column\">\n\t\t\t<div class=\"elementor-widget-wrap elementor-element-populated\">\n\t\t\t\t\t\t<div class=\"elementor-element elementor-element-5e97a01c elementor-widget elementor-widget-slider_revolution\" data-id=\"5e97a01c\" data-element_type=\"widget\" data-widget_type=\"slider_revolution.default\">\n\t\t\t\t<div class=\"elementor-widget-container\">\n\t\t\t\t\t\n\t\t<div class=\"wp-block-themepunch-revslider\">\n\t\t\t<!-- START Slider ES REVOLUTION SLIDER 6.6.12 --><p class=\"rs-p-wp-fix\"><\/p>\n\t\t\t<rs-module-wrap id=\"rev_slider_1_1_wrapper\" data-source=\"gallery\" style=\"visibility:hidden;background:transparent;padding:0;margin:0px auto;margin-top:0;margin-bottom:0;\">\n\t\t\t\t<rs-module id=\"rev_slider_1_1\" style=\"\" data-version=\"6.6.12\">\n\t\t\t\t\t<rs-slides style=\"overflow: hidden; position: absolute;\">\n\t\t\t\t\t\t<rs-slide style=\"position: absolute;\" data-key=\"rs-2\" data-title=\"Slide\" data-thumb=\"\/\/websgalicia.es\/test\/polarisum\/wp-content\/uploads\/2023\/06\/polaris_img_slider_1.jpg\" data-in=\"prst:rndslide;o:0;y:100%;\" data-out=\"a:false;\">\n\t\t\t\t\t\t\t<img fetchpriority=\"high\" decoding=\"async\" src=\"\/\/polarisum.com\/wp-content\/plugins\/revslider\/public\/assets\/assets\/dummy.png\" alt=\"\" title=\"polaris_img_slider_1\" width=\"2560\" height=\"1440\" class=\"rev-slidebg tp-rs-img rs-lazyload\" data-lazyload=\"\/\/websgalicia.es\/test\/polarisum\/wp-content\/uploads\/2023\/06\/polaris_img_slider_1.jpg\" data-no-retina>\n<!--\n\t\t\t\t\t\t\t--><rs-layer\n\t\t\t\t\t\t\t\tid=\"slider-1-slide-2-layer-3\" \n\t\t\t\t\t\t\t\tdata-type=\"shape\"\n\t\t\t\t\t\t\t\tdata-rsp_ch=\"on\"\n\t\t\t\t\t\t\t\tdata-xy=\"x:c;y:210px;\"\n\t\t\t\t\t\t\t\tdata-text=\"w:normal;\"\n\t\t\t\t\t\t\t\tdata-dim=\"w:877px;h:180;\"\n\t\t\t\t\t\t\t\tdata-vbility=\"f,f,f,f\"\n\t\t\t\t\t\t\t\tdata-basealign=\"slide\"\n\t\t\t\t\t\t\t\tdata-border=\"bor:5px,5px,5px,5px;\"\n\t\t\t\t\t\t\t\tdata-frame_999=\"o:0;st:w;\"\n\t\t\t\t\t\t\t\tstyle=\"z-index:6;background-color:rgba(250,250,250,0.5);\"\n\t\t\t\t\t\t\t> \n\t\t\t\t\t\t\t<\/rs-layer><!--\n\n\t\t\t\t\t\t\t--><rs-layer\n\t\t\t\t\t\t\t\tid=\"slider-1-slide-2-layer-4\" \n\t\t\t\t\t\t\t\tdata-type=\"text\"\n\t\t\t\t\t\t\t\tdata-color=\"#225787\"\n\t\t\t\t\t\t\t\tdata-rsp_ch=\"on\"\n\t\t\t\t\t\t\t\tdata-xy=\"x:c;y:224px;\"\n\t\t\t\t\t\t\t\tdata-text=\"s:30;l:43;ls:1;a:center;\"\n\t\t\t\t\t\t\t\tdata-dim=\"w:729;h:45;minh:0;\"\n\t\t\t\t\t\t\t\tdata-vbility=\"f,f,f,f\"\n\t\t\t\t\t\t\t\tdata-frame_999=\"o:0;st:w;\"\n\t\t\t\t\t\t\t\tstyle=\"z-index:9;font-family:'Roboto';text-transform:uppercase;\"\n\t\t\t\t\t\t\t>Seleccionamos los mejores productos \n\t\t\t\t\t\t\t<\/rs-layer><!--\n\n\t\t\t\t\t\t\t--><rs-layer\n\t\t\t\t\t\t\t\tid=\"slider-1-slide-2-layer-6\" \n\t\t\t\t\t\t\t\tdata-type=\"text\"\n\t\t\t\t\t\t\t\tdata-color=\"#225787\"\n\t\t\t\t\t\t\t\tdata-rsp_ch=\"on\"\n\t\t\t\t\t\t\t\tdata-xy=\"x:c;y:c;yo:2px;\"\n\t\t\t\t\t\t\t\tdata-text=\"s:39;l:56;ls:1;fw:900;a:center;\"\n\t\t\t\t\t\t\t\tdata-dim=\"w:854;h:62;minh:0;\"\n\t\t\t\t\t\t\t\tdata-vbility=\"f,f,f,f\"\n\t\t\t\t\t\t\t\tdata-frame_999=\"o:0;st:w;\"\n\t\t\t\t\t\t\t\tstyle=\"z-index:7;font-family:'Roboto';text-transform:uppercase;\"\n\t\t\t\t\t\t\t>mimamos el proceso de elaboraci\u00f3n \n\t\t\t\t\t\t\t<\/rs-layer><!--\n\n\t\t\t\t\t\t\t--><rs-layer\n\t\t\t\t\t\t\t\tid=\"slider-1-slide-2-layer-8\" \n\t\t\t\t\t\t\t\tdata-type=\"text\"\n\t\t\t\t\t\t\t\tdata-color=\"#225787\"\n\t\t\t\t\t\t\t\tdata-rsp_ch=\"on\"\n\t\t\t\t\t\t\t\tdata-xy=\"x:c;y:332px;\"\n\t\t\t\t\t\t\t\tdata-text=\"s:30;l:43;ls:1;a:center;\"\n\t\t\t\t\t\t\t\tdata-dim=\"w:729;h:45;minh:0;\"\n\t\t\t\t\t\t\t\tdata-vbility=\"f,f,f,f\"\n\t\t\t\t\t\t\t\tdata-frame_999=\"o:0;st:w;\"\n\t\t\t\t\t\t\t\tstyle=\"z-index:8;font-family:'Roboto';text-transform:uppercase;\"\n\t\t\t\t\t\t\t>seguimos estrictos controles de calidad \n\t\t\t\t\t\t\t<\/rs-layer><!--\n-->\t\t\t\t\t\t<\/rs-slide>\n\t\t\t\t\t\t<rs-slide style=\"position: absolute;\" data-key=\"rs-3\" data-title=\"Slide\" data-thumb=\"\/\/websgalicia.es\/test\/polarisum\/wp-content\/uploads\/2023\/06\/polaris_img_slider_3.jpg\" data-in=\"prst:rndslide;y:(-100%);col:5;\">\n\t\t\t\t\t\t\t<img decoding=\"async\" src=\"\/\/polarisum.com\/wp-content\/plugins\/revslider\/public\/assets\/assets\/dummy.png\" alt=\"\" title=\"polaris_img_slider_3\" width=\"2560\" height=\"1440\" class=\"rev-slidebg tp-rs-img rs-lazyload\" data-lazyload=\"\/\/websgalicia.es\/test\/polarisum\/wp-content\/uploads\/2023\/06\/polaris_img_slider_3.jpg\" data-no-retina>\n<!---->\t\t\t\t\t\t<\/rs-slide>\n\t\t\t\t\t\t<rs-slide style=\"position: absolute;\" data-key=\"rs-4\" data-title=\"Slide\" data-thumb=\"\/\/polarisum.com\/wp-content\/uploads\/2023\/06\/polaris_img_slider_2-50x100.jpg\" data-anim=\"d:20;f:slidebased;\" data-in=\"prst:rndslide;o:-0.5;y:(15%);sx:0.8;sy:0.8;row:5;col:5;\">\n\t\t\t\t\t\t\t<img decoding=\"async\" src=\"\/\/polarisum.com\/wp-content\/plugins\/revslider\/public\/assets\/assets\/dummy.png\" alt=\"\" title=\"polaris_img_slider_2\" width=\"2560\" height=\"1440\" class=\"rev-slidebg tp-rs-img rs-lazyload\" data-lazyload=\"\/\/polarisum.com\/wp-content\/uploads\/2023\/06\/polaris_img_slider_2.jpg\" data-no-retina>\n<!---->\t\t\t\t\t\t<\/rs-slide>\n\t\t\t\t\t\t<rs-slide style=\"position: absolute;\" data-key=\"rs-5\" data-title=\"Slide\" data-thumb=\"\/\/polarisum.com\/wp-content\/uploads\/2023\/06\/polaris_img_slider_4-50x100.jpg\" data-anim=\"d:20;f:center;\" data-in=\"prst:rndslide;o:0;x:(100%);sx:2;sy:2;m:true;row:5;col:5;\">\n\t\t\t\t\t\t\t<img loading=\"lazy\" decoding=\"async\" src=\"\/\/polarisum.com\/wp-content\/plugins\/revslider\/public\/assets\/assets\/dummy.png\" alt=\"\" title=\"polaris_img_slider_4\" width=\"2560\" height=\"1440\" class=\"rev-slidebg tp-rs-img rs-lazyload\" data-lazyload=\"\/\/polarisum.com\/wp-content\/uploads\/2023\/06\/polaris_img_slider_4.jpg\" data-no-retina>\n<!---->\t\t\t\t\t\t<\/rs-slide>\n\t\t\t\t\t<\/rs-slides>\n\t\t\t\t<\/rs-module>\n\t\t\t\t<script>\n\t\t\t\t\tsetREVStartSize({c: 'rev_slider_1_1',rl:[1240,1024,778,480],el:[600],gw:[1240],gh:[600],type:'standard',justify:'',layout:'fullwidth',mh:\"0\"});if (window.RS_MODULES!==undefined && window.RS_MODULES.modules!==undefined && window.RS_MODULES.modules[\"revslider11\"]!==undefined) {window.RS_MODULES.modules[\"revslider11\"].once = false;window.revapi1 = undefined;if (window.RS_MODULES.checkMinimal!==undefined) window.RS_MODULES.checkMinimal()}\n\t\t\t\t<\/script>\n\t\t\t<\/rs-module-wrap>\n\t\t\t<!-- END REVOLUTION SLIDER -->\n<\/div>\n\n\t\t\t\t\t\t<\/div>\n\t\t\t\t<\/div>\n\t\t\t\t\t<\/div>\n\t\t<\/div>\n\t\t\t\t\t<\/div>\n\t\t<\/section>\n\t\t\t\t<section class=\"elementor-align-center elementor-section elementor-top-section elementor-element elementor-element-b40cb78 elementor-section-boxed elementor-section-height-default elementor-section-height-default\" data-id=\"b40cb78\" data-element_type=\"section\">\n\t\t\t\t\t\t<div class=\"elementor-container elementor-column-gap-default\">\n\t\t\t\t\t<div class=\"elementor-column elementor-col-100 elementor-top-column elementor-element elementor-element-5ea4ec1e\" data-id=\"5ea4ec1e\" data-element_type=\"column\">\n\t\t\t<div class=\"elementor-widget-wrap elementor-element-populated\">\n\t\t\t\t\t\t<div class=\"elementor-element elementor-element-55dbd858 elementor-invisible elementor-widget elementor-widget-heading\" data-id=\"55dbd858\" data-element_type=\"widget\" data-settings=\"{&quot;_animation&quot;:&quot;fadeInUp&quot;}\" data-widget_type=\"heading.default\">\n\t\t\t\t<div class=\"elementor-widget-container\">\n\t\t\t\t\t<h1 class=\"elementor-heading-title elementor-size-default elementor-heading-title elementor-align-after-center\">Polaris Ursae Minoris S.L.<\/h1>\t\t\t\t<\/div>\n\t\t\t\t<\/div>\n\t\t\t\t<div class=\"elementor-element elementor-element-2f7457eb elementor-invisible elementor-widget elementor-widget-heading\" data-id=\"2f7457eb\" data-element_type=\"widget\" data-settings=\"{&quot;_animation&quot;:&quot;fadeInUp&quot;}\" data-widget_type=\"heading.default\">\n\t\t\t\t<div class=\"elementor-widget-container\">\n\t\t\t\t\t<span class=\"elementor-heading-title elementor-size-default elementor-heading-title elementor-align-after-center\">SOMOS GARANTIA DE QUALIDADE, COM O SABOR E A TEXTURA DE UM PRODUTO FRESCO<\/span>\t\t\t\t<\/div>\n\t\t\t\t<\/div>\n\t\t\t\t<div class=\"elementor-element elementor-element-5297345a elementor-widget elementor-widget-html\" data-id=\"5297345a\" data-element_type=\"widget\" data-widget_type=\"html.default\">\n\t\t\t\t<div class=\"elementor-widget-container\">\n\t\t\t\t\t<div class=\"cms-heading layout1 heading-center\"><span class=\"heading-underline solid\"> <span><\/span> <\/span><\/div>\t\t\t\t<\/div>\n\t\t\t\t<\/div>\n\t\t\t\t<div class=\"elementor-element elementor-element-36d268d0 elementor-widget elementor-widget-text-editor\" data-id=\"36d268d0\" data-element_type=\"widget\" data-widget_type=\"text-editor.default\">\n\t\t\t\t<div class=\"elementor-widget-container\">\n\t\t\t\t\t\t\t\t\t<p>Os pilares da <strong>Polaris Ursae Minoris<\/strong> assentam numa integra\u00e7\u00e3o vertical que vai desde a obten\u00e7\u00e3o dos produtos que comercializa at\u00e9 \u00e0 coloca\u00e7\u00e3o de pescado congelado nos mercados. Fornecemos uma vasta gama de produtos da melhor qualidade e com um servi\u00e7o adaptado a cada necessidade.<br \/><br \/>O nosso cat\u00e1logo inclui refer\u00eancias como o camar\u00e3o austral, a pescada, a pota e outras esp\u00e9cies.<\/p>\t\t\t\t\t\t\t\t<\/div>\n\t\t\t\t<\/div>\n\t\t\t\t<div class=\"elementor-element elementor-element-2ff81d4e elementor-align-center elementor-widget elementor-widget-button\" data-id=\"2ff81d4e\" data-element_type=\"widget\" data-widget_type=\"button.default\">\n\t\t\t\t<div class=\"elementor-widget-container\">\n\t\t\t\t\t\t\t\t\t<div class=\"elementor-button-wrapper\">\n\t\t\t\t\t<a class=\"elementor-button elementor-button-link elementor-size-md\" href=\"https:\/\/polarisum.com\/pt\/compania\/\">\n\t\t\t\t\t\t<span class=\"elementor-button-content-wrapper\">\n\t\t\t\t\t\t\t\t\t<span class=\"elementor-button-text\">Quem somos<\/span>\n\t\t\t\t\t<\/span>\n\t\t\t\t\t<\/a>\n\t\t\t\t<\/div>\n\t\t\t\t\t\t\t\t<\/div>\n\t\t\t\t<\/div>\n\t\t\t\t\t<\/div>\n\t\t<\/div>\n\t\t\t\t\t<\/div>\n\t\t<\/section>\n\t\t\t\t<section class=\"man_fixed elementor-section elementor-top-section elementor-element elementor-element-4b7f6da3 elementor-section-stretched elementor-section-boxed elementor-section-height-default elementor-section-height-default\" data-stellar-background-ratio=\"0.2\" data-id=\"4b7f6da3\" data-element_type=\"section\" data-settings=\"{&quot;stretch_section&quot;:&quot;section-stretched&quot;,&quot;background_background&quot;:&quot;classic&quot;}\">\n\t\t\t\t\t\t\t<div class=\"elementor-background-overlay\"><\/div>\n\t\t\t\t\t\t\t<div class=\"elementor-container elementor-column-gap-default\">\n\t\t\t\t\t<div class=\"elementor-column elementor-col-33 elementor-top-column elementor-element elementor-element-69ce35e\" data-id=\"69ce35e\" data-element_type=\"column\">\n\t\t\t<div class=\"elementor-widget-wrap\">\n\t\t\t\t\t\t\t<\/div>\n\t\t<\/div>\n\t\t\t\t<div class=\"elementor-column elementor-col-33 elementor-top-column elementor-element elementor-element-3f411fa7\" data-id=\"3f411fa7\" data-element_type=\"column\">\n\t\t\t<div class=\"elementor-widget-wrap elementor-element-populated\">\n\t\t\t\t\t\t<div class=\"elementor-element elementor-element-57fded58 elementor-widget elementor-widget-image\" data-id=\"57fded58\" data-element_type=\"widget\" data-widget_type=\"image.default\">\n\t\t\t\t<div class=\"elementor-widget-container\">\n\t\t\t\t\t\t\t\t\t\t\t\t\t\t\t\t<a href=\"https:\/\/polarisum.com\/pt\/catalogo\/\">\n\t\t\t\t\t\t\t<img loading=\"lazy\" decoding=\"async\" width=\"847\" height=\"847\" src=\"https:\/\/polarisum.com\/wp-content\/uploads\/2023\/08\/nuestro-catalogo-PT.jpg\" class=\"elementor-animation-float attachment-full size-full wp-image-5370\" alt=\"\" srcset=\"https:\/\/polarisum.com\/wp-content\/uploads\/2023\/08\/nuestro-catalogo-PT.jpg 847w, https:\/\/polarisum.com\/wp-content\/uploads\/2023\/08\/nuestro-catalogo-PT-300x300.jpg 300w, https:\/\/polarisum.com\/wp-content\/uploads\/2023\/08\/nuestro-catalogo-PT-150x150.jpg 150w, https:\/\/polarisum.com\/wp-content\/uploads\/2023\/08\/nuestro-catalogo-PT-768x768.jpg 768w, https:\/\/polarisum.com\/wp-content\/uploads\/2023\/08\/nuestro-catalogo-PT-285x285.jpg 285w, https:\/\/polarisum.com\/wp-content\/uploads\/2023\/08\/nuestro-catalogo-PT-660x660.jpg 660w\" sizes=\"(max-width: 847px) 100vw, 847px\" \/>\t\t\t\t\t\t\t\t<\/a>\n\t\t\t\t\t\t\t\t\t\t\t\t\t\t\t<\/div>\n\t\t\t\t<\/div>\n\t\t\t\t\t<\/div>\n\t\t<\/div>\n\t\t\t\t<div class=\"elementor-column elementor-col-33 elementor-top-column elementor-element elementor-element-7abe56b5\" data-id=\"7abe56b5\" data-element_type=\"column\">\n\t\t\t<div class=\"elementor-widget-wrap elementor-element-populated\">\n\t\t\t\t\t\t<div class=\"elementor-element elementor-element-129116fb elementor-widget elementor-widget-image\" data-id=\"129116fb\" data-element_type=\"widget\" data-widget_type=\"image.default\">\n\t\t\t\t<div class=\"elementor-widget-container\">\n\t\t\t\t\t\t\t\t\t\t\t\t\t\t\t\t<a href=\"https:\/\/polarisum.com\/pt\/contacto\/\">\n\t\t\t\t\t\t\t<img loading=\"lazy\" decoding=\"async\" width=\"847\" height=\"847\" src=\"https:\/\/polarisum.com\/wp-content\/uploads\/2023\/08\/donde-estamos-PT.jpg\" class=\"elementor-animation-float attachment-full size-full wp-image-5363\" alt=\"\" srcset=\"https:\/\/polarisum.com\/wp-content\/uploads\/2023\/08\/donde-estamos-PT.jpg 847w, https:\/\/polarisum.com\/wp-content\/uploads\/2023\/08\/donde-estamos-PT-300x300.jpg 300w, https:\/\/polarisum.com\/wp-content\/uploads\/2023\/08\/donde-estamos-PT-150x150.jpg 150w, https:\/\/polarisum.com\/wp-content\/uploads\/2023\/08\/donde-estamos-PT-768x768.jpg 768w, https:\/\/polarisum.com\/wp-content\/uploads\/2023\/08\/donde-estamos-PT-285x285.jpg 285w, https:\/\/polarisum.com\/wp-content\/uploads\/2023\/08\/donde-estamos-PT-660x660.jpg 660w\" sizes=\"(max-width: 847px) 100vw, 847px\" \/>\t\t\t\t\t\t\t\t<\/a>\n\t\t\t\t\t\t\t\t\t\t\t\t\t\t\t<\/div>\n\t\t\t\t<\/div>\n\t\t\t\t\t<\/div>\n\t\t<\/div>\n\t\t\t\t\t<\/div>\n\t\t<\/section>\n\t\t\t\t<section class=\"elementor-section elementor-top-section elementor-element elementor-element-3404200a elementor-section-boxed elementor-section-height-default elementor-section-height-default\" data-id=\"3404200a\" data-element_type=\"section\">\n\t\t\t\t\t\t<div class=\"elementor-container elementor-column-gap-default\">\n\t\t\t\t\t<div class=\"elementor-column elementor-col-100 elementor-top-column elementor-element elementor-element-64d8a066\" data-id=\"64d8a066\" data-element_type=\"column\">\n\t\t\t<div class=\"elementor-widget-wrap elementor-element-populated\">\n\t\t\t\t\t\t<div class=\"elementor-element elementor-element-27647d91 elementor-invisible elementor-widget elementor-widget-heading\" data-id=\"27647d91\" data-element_type=\"widget\" data-settings=\"{&quot;_animation&quot;:&quot;fadeInUp&quot;}\" data-widget_type=\"heading.default\">\n\t\t\t\t<div class=\"elementor-widget-container\">\n\t\t\t\t\t<h1 class=\"elementor-heading-title elementor-size-default elementor-heading-title elementor-align-after-center\">CAT\u00c1LOGO<\/h1>\t\t\t\t<\/div>\n\t\t\t\t<\/div>\n\t\t\t\t<div class=\"elementor-element elementor-element-4555f09a elementor-invisible elementor-widget elementor-widget-heading\" data-id=\"4555f09a\" data-element_type=\"widget\" data-settings=\"{&quot;_animation&quot;:&quot;fadeInUp&quot;}\" data-widget_type=\"heading.default\">\n\t\t\t\t<div class=\"elementor-widget-container\">\n\t\t\t\t\t<span class=\"elementor-heading-title elementor-size-default elementor-heading-title elementor-align-after-center\">Descubra a vasta gama de produtos que comp\u00f5em o cat\u00e1logo da\nPolaris Ursae Minoris, S.L.<\/span>\t\t\t\t<\/div>\n\t\t\t\t<\/div>\n\t\t\t\t<div class=\"elementor-element elementor-element-aa9eadb elementor-widget elementor-widget-html\" data-id=\"aa9eadb\" data-element_type=\"widget\" data-widget_type=\"html.default\">\n\t\t\t\t<div class=\"elementor-widget-container\">\n\t\t\t\t\t<div class=\"cms-heading layout1 heading-center\"><span class=\"heading-underline solid\"> <span><\/span> <\/span><\/div>\t\t\t\t<\/div>\n\t\t\t\t<\/div>\n\t\t\t\t\t<\/div>\n\t\t<\/div>\n\t\t\t\t\t<\/div>\n\t\t<\/section>\n\t\t\t\t<section class=\"elementor-section elementor-top-section elementor-element elementor-element-10234600 elementor-section-boxed elementor-section-height-default elementor-section-height-default\" data-id=\"10234600\" data-element_type=\"section\">\n\t\t\t\t\t\t<div class=\"elementor-container elementor-column-gap-default\">\n\t\t\t\t\t<div class=\"elementor-column elementor-col-50 elementor-top-column elementor-element elementor-element-723493ff\" data-id=\"723493ff\" data-element_type=\"column\">\n\t\t\t<div class=\"elementor-widget-wrap elementor-element-populated\">\n\t\t\t\t\t\t<div class=\"elementor-element elementor-element-775d839e elementor-widget elementor-widget-image\" data-id=\"775d839e\" data-element_type=\"widget\" data-widget_type=\"image.default\">\n\t\t\t\t<div class=\"elementor-widget-container\">\n\t\t\t\t\t\t\t\t\t\t\t\t\t\t\t\t<a href=\"https:\/\/polarisum.com\/pt\/camarao\/\">\n\t\t\t\t\t\t\t<img loading=\"lazy\" decoding=\"async\" width=\"600\" height=\"340\" src=\"https:\/\/polarisum.com\/wp-content\/uploads\/2023\/06\/langostino-1.jpg\" class=\"attachment-full size-full wp-image-3990\" alt=\"\" srcset=\"https:\/\/polarisum.com\/wp-content\/uploads\/2023\/06\/langostino-1.jpg 600w, https:\/\/polarisum.com\/wp-content\/uploads\/2023\/06\/langostino-1-300x170.jpg 300w, https:\/\/polarisum.com\/wp-content\/uploads\/2023\/06\/langostino-1-285x162.jpg 285w, https:\/\/polarisum.com\/wp-content\/uploads\/2023\/06\/langostino-1-150x85.jpg 150w\" sizes=\"(max-width: 600px) 100vw, 600px\" \/>\t\t\t\t\t\t\t\t<\/a>\n\t\t\t\t\t\t\t\t\t\t\t\t\t\t\t<\/div>\n\t\t\t\t<\/div>\n\t\t\t\t<div class=\"elementor-element elementor-element-7bf4cbca elementor-widget elementor-widget-heading\" data-id=\"7bf4cbca\" data-element_type=\"widget\" data-widget_type=\"heading.default\">\n\t\t\t\t<div class=\"elementor-widget-container\">\n\t\t\t\t\t<h3 class=\"elementor-heading-title elementor-size-default elementor-heading-title elementor-align-after-center\">Camar\u00e3o<\/h3>\t\t\t\t<\/div>\n\t\t\t\t<\/div>\n\t\t\t\t\t<\/div>\n\t\t<\/div>\n\t\t\t\t<div class=\"elementor-column elementor-col-50 elementor-top-column elementor-element elementor-element-434cf8d1\" data-id=\"434cf8d1\" data-element_type=\"column\">\n\t\t\t<div class=\"elementor-widget-wrap elementor-element-populated\">\n\t\t\t\t\t\t<div class=\"elementor-element elementor-element-16f38f86 elementor-widget elementor-widget-image\" data-id=\"16f38f86\" data-element_type=\"widget\" data-widget_type=\"image.default\">\n\t\t\t\t<div class=\"elementor-widget-container\">\n\t\t\t\t\t\t\t\t\t\t\t\t\t\t\t\t<a href=\"https:\/\/polarisum.com\/pt\/pescada\/\">\n\t\t\t\t\t\t\t<img loading=\"lazy\" decoding=\"async\" width=\"600\" height=\"340\" src=\"https:\/\/polarisum.com\/wp-content\/uploads\/2023\/06\/merluza-argentina.jpg\" class=\"attachment-full size-full wp-image-2545\" alt=\"\" srcset=\"https:\/\/polarisum.com\/wp-content\/uploads\/2023\/06\/merluza-argentina.jpg 600w, https:\/\/polarisum.com\/wp-content\/uploads\/2023\/06\/merluza-argentina-150x85.jpg 150w, https:\/\/polarisum.com\/wp-content\/uploads\/2023\/06\/merluza-argentina-300x170.jpg 300w, https:\/\/polarisum.com\/wp-content\/uploads\/2023\/06\/merluza-argentina-285x162.jpg 285w\" sizes=\"(max-width: 600px) 100vw, 600px\" \/>\t\t\t\t\t\t\t\t<\/a>\n\t\t\t\t\t\t\t\t\t\t\t\t\t\t\t<\/div>\n\t\t\t\t<\/div>\n\t\t\t\t<div class=\"elementor-element elementor-element-31976bc3 elementor-widget elementor-widget-heading\" data-id=\"31976bc3\" data-element_type=\"widget\" data-widget_type=\"heading.default\">\n\t\t\t\t<div class=\"elementor-widget-container\">\n\t\t\t\t\t<h3 class=\"elementor-heading-title elementor-size-default elementor-heading-title elementor-align-after-center\">Pescada<\/h3>\t\t\t\t<\/div>\n\t\t\t\t<\/div>\n\t\t\t\t\t<\/div>\n\t\t<\/div>\n\t\t\t\t\t<\/div>\n\t\t<\/section>\n\t\t\t\t<section class=\"elementor-section elementor-top-section elementor-element elementor-element-69c2ffd3 elementor-section-boxed elementor-section-height-default elementor-section-height-default\" data-id=\"69c2ffd3\" data-element_type=\"section\">\n\t\t\t\t\t\t<div class=\"elementor-container elementor-column-gap-default\">\n\t\t\t\t\t<div class=\"elementor-column elementor-col-50 elementor-top-column elementor-element elementor-element-533b33d2\" data-id=\"533b33d2\" data-element_type=\"column\">\n\t\t\t<div class=\"elementor-widget-wrap elementor-element-populated\">\n\t\t\t\t\t\t<div class=\"elementor-element elementor-element-687c27b7 elementor-widget elementor-widget-image\" data-id=\"687c27b7\" data-element_type=\"widget\" data-widget_type=\"image.default\">\n\t\t\t\t<div class=\"elementor-widget-container\">\n\t\t\t\t\t\t\t\t\t\t\t\t\t\t\t\t<a href=\"https:\/\/polarisum.com\/pt\/pota\/\">\n\t\t\t\t\t\t\t<img loading=\"lazy\" decoding=\"async\" width=\"600\" height=\"340\" src=\"https:\/\/polarisum.com\/wp-content\/uploads\/2023\/06\/pota-argentina.jpg\" class=\"attachment-full size-full wp-image-2552\" alt=\"\" srcset=\"https:\/\/polarisum.com\/wp-content\/uploads\/2023\/06\/pota-argentina.jpg 600w, https:\/\/polarisum.com\/wp-content\/uploads\/2023\/06\/pota-argentina-150x85.jpg 150w, https:\/\/polarisum.com\/wp-content\/uploads\/2023\/06\/pota-argentina-300x170.jpg 300w, https:\/\/polarisum.com\/wp-content\/uploads\/2023\/06\/pota-argentina-285x162.jpg 285w\" sizes=\"(max-width: 600px) 100vw, 600px\" \/>\t\t\t\t\t\t\t\t<\/a>\n\t\t\t\t\t\t\t\t\t\t\t\t\t\t\t<\/div>\n\t\t\t\t<\/div>\n\t\t\t\t<div class=\"elementor-element elementor-element-7fd84106 elementor-widget elementor-widget-heading\" data-id=\"7fd84106\" data-element_type=\"widget\" data-widget_type=\"heading.default\">\n\t\t\t\t<div class=\"elementor-widget-container\">\n\t\t\t\t\t<h3 class=\"elementor-heading-title elementor-size-default elementor-heading-title elementor-align-after-center\">Pota<\/h3>\t\t\t\t<\/div>\n\t\t\t\t<\/div>\n\t\t\t\t\t<\/div>\n\t\t<\/div>\n\t\t\t\t<div class=\"elementor-column elementor-col-50 elementor-top-column elementor-element elementor-element-2ddbe688\" data-id=\"2ddbe688\" data-element_type=\"column\">\n\t\t\t<div class=\"elementor-widget-wrap elementor-element-populated\">\n\t\t\t\t\t\t<div class=\"elementor-element elementor-element-54df6c15 elementor-widget elementor-widget-image\" data-id=\"54df6c15\" data-element_type=\"widget\" data-widget_type=\"image.default\">\n\t\t\t\t<div class=\"elementor-widget-container\">\n\t\t\t\t\t\t\t\t\t\t\t\t\t\t\t\t<a href=\"https:\/\/polarisum.com\/pt\/outras-especies-argentina\/\">\n\t\t\t\t\t\t\t<img loading=\"lazy\" decoding=\"async\" width=\"600\" height=\"340\" src=\"https:\/\/polarisum.com\/wp-content\/uploads\/2023\/06\/otras-especies-argentina.jpg\" class=\"attachment-full size-full wp-image-2559\" alt=\"\" srcset=\"https:\/\/polarisum.com\/wp-content\/uploads\/2023\/06\/otras-especies-argentina.jpg 600w, https:\/\/polarisum.com\/wp-content\/uploads\/2023\/06\/otras-especies-argentina-150x85.jpg 150w, https:\/\/polarisum.com\/wp-content\/uploads\/2023\/06\/otras-especies-argentina-300x170.jpg 300w, https:\/\/polarisum.com\/wp-content\/uploads\/2023\/06\/otras-especies-argentina-285x162.jpg 285w\" sizes=\"(max-width: 600px) 100vw, 600px\" \/>\t\t\t\t\t\t\t\t<\/a>\n\t\t\t\t\t\t\t\t\t\t\t\t\t\t\t<\/div>\n\t\t\t\t<\/div>\n\t\t\t\t<div class=\"elementor-element elementor-element-7990ab7a elementor-widget elementor-widget-heading\" data-id=\"7990ab7a\" data-element_type=\"widget\" data-widget_type=\"heading.default\">\n\t\t\t\t<div class=\"elementor-widget-container\">\n\t\t\t\t\t<h3 class=\"elementor-heading-title elementor-size-default elementor-heading-title elementor-align-after-center\">Outras Esp\u00e9cies Argentina<\/h3>\t\t\t\t<\/div>\n\t\t\t\t<\/div>\n\t\t\t\t\t<\/div>\n\t\t<\/div>\n\t\t\t\t\t<\/div>\n\t\t<\/section>\n\t\t\t\t<\/div>\n\t\t","protected":false},"excerpt":{"rendered":"<p>Polaris Ursae Minoris S.L. SOMOS GARANTIA DE QUALIDADE, COM O SABOR E A TEXTURA DE UM PRODUTO FRESCO&#8230;<\/p>\n","protected":false},"author":1,"featured_media":0,"parent":0,"menu_order":0,"comment_status":"closed","ping_status":"closed","template":"elementor_header_footer","meta":{"footnotes":""},"class_list":["post-3923","page","type-page","status-publish","hentry"],"_links":{"self":[{"href":"https:\/\/polarisum.com\/pt\/wp-json\/wp\/v2\/pages\/3923","targetHints":{"allow":["GET"]}}],"collection":[{"href":"https:\/\/polarisum.com\/pt\/wp-json\/wp\/v2\/pages"}],"about":[{"href":"https:\/\/polarisum.com\/pt\/wp-json\/wp\/v2\/types\/page"}],"author":[{"embeddable":true,"href":"https:\/\/polarisum.com\/pt\/wp-json\/wp\/v2\/users\/1"}],"replies":[{"embeddable":true,"href":"https:\/\/polarisum.com\/pt\/wp-json\/wp\/v2\/comments?post=3923"}],"version-history":[{"count":18,"href":"https:\/\/polarisum.com\/pt\/wp-json\/wp\/v2\/pages\/3923\/revisions"}],"predecessor-version":[{"id":5419,"href":"https:\/\/polarisum.com\/pt\/wp-json\/wp\/v2\/pages\/3923\/revisions\/5419"}],"wp:attachment":[{"href":"https:\/\/polarisum.com\/pt\/wp-json\/wp\/v2\/media?parent=3923"}],"curies":[{"name":"wp","href":"https:\/\/api.w.org\/{rel}","templated":true}]}}