{"id":4803,"date":"2023-06-12T08:52:53","date_gmt":"2023-06-12T06:52:53","guid":{"rendered":"https:\/\/polarisum.com\/?page_id=4803"},"modified":"2023-06-28T17:11:52","modified_gmt":"2023-06-28T15:11:52","slug":"politica-de-privacidad","status":"publish","type":"page","link":"https:\/\/polarisum.com\/pt\/politica-de-privacidad\/","title":{"rendered":"POL\u00cdTICA DE PRIVACIDADE"},"content":{"rendered":"\t\t<div data-elementor-type=\"wp-page\" data-elementor-id=\"4803\" class=\"elementor elementor-4803 elementor-3\">\n\t\t\t\t\t\t<section class=\"elementor-section elementor-top-section elementor-element elementor-element-7754b7e8 elementor-section-boxed elementor-section-height-default elementor-section-height-default\" data-id=\"7754b7e8\" data-element_type=\"section\">\n\t\t\t\t\t\t<div class=\"elementor-container elementor-column-gap-default\">\n\t\t\t\t\t<div class=\"elementor-column elementor-col-100 elementor-top-column elementor-element elementor-element-7682e2ad\" data-id=\"7682e2ad\" data-element_type=\"column\">\n\t\t\t<div class=\"elementor-widget-wrap elementor-element-populated\">\n\t\t\t\t\t\t<div class=\"elementor-element elementor-element-27a1d049 elementor-widget elementor-widget-text-editor\" data-id=\"27a1d049\" data-element_type=\"widget\" data-widget_type=\"text-editor.default\">\n\t\t\t\t<div class=\"elementor-widget-container\">\n\t\t\t\t\t\t\t\t\t<h2>1. DADOS DE IDENTIFICA\u00c7\u00c3O<\/h2><p>No cumprimento do dever de informa\u00e7\u00e3o consagrado no artigo 10.\u00ba da Lei n.\u00ba 34\/2002, de 11 de julho, relativa aos Servi\u00e7os da Sociedade de Informa\u00e7\u00e3o e de Com\u00e9rcio Eletr\u00f3nico, a seguir s\u00e3o apresentados os dados de identifica\u00e7\u00e3o da empresa titular do dom\u00ednio Internet\u00a0<a href=\"https:\/\/polarisum.com\/pt\/polarisum.com\">www.polarisum.com<\/a>\u00a0\u00e9\u00a0<strong>PESCAPUERTA, S.A.<\/strong>\u00a0com NIF A36607638 e sede social para o efeito em Avda. Garc\u00eda Barb\u00f3n N.\u00ba 109, 4.\u00ba, 36201, Vigo (Pontevedra), Espanha, com o correio eletr\u00f3nico de contacto:\u00a0<a href=\"mailto:pescapuerta@pescapuerta.es\">pescapuerta@pescapuerta.es<\/a><\/p><h2>2. UTILIZADORES<\/h2><p>O acesso e\/ou a utiliza\u00e7\u00e3o deste portal da\u00a0<strong>PESCAPUERTA, S.A.<\/strong>\u00a0atribui a quem os realiza a condi\u00e7\u00e3o de UTILIZADOR, que aceita, a partir do momento desse acesso e\/ou utiliza\u00e7\u00e3o, as Condi\u00e7\u00f5es Gerais de Utiliza\u00e7\u00e3o aqui apresentadas. As referidas condi\u00e7\u00f5es s\u00e3o aplic\u00e1veis independentemente das Condi\u00e7\u00f5es Gerais de Contrata\u00e7\u00e3o que, consoante o caso, resultem de cumprimento obrigat\u00f3rio.<\/p><h2>3. UTILIZA\u00c7\u00c3O DO PORTAL<\/h2><p><a href=\"https:\/\/polarisum.com\/pt\/polarisum.com\">www.polarisum.com<\/a>\u00a0permite o acesso a uma multitude de informa\u00e7\u00f5es, servi\u00e7os, programas ou dados (a seguir designados por \u201cos conte\u00fados\u201d) na Internet pertencentes \u00e0 PESCAPUERTA, S.A aos quais o UTILIZADOR possa ter acesso. O UTILIZADOR assume a responsabilidade pela utiliza\u00e7\u00e3o do portal. Essa responsabilidade \u00e9 extens\u00edvel ao registo necess\u00e1rio para aceder a determinados servi\u00e7os ou conte\u00fados.<\/p><p>Nesse registo o UTILIZADOR ser\u00e1 respons\u00e1vel pela apresenta\u00e7\u00e3o de informa\u00e7\u00f5es verdadeiras e l\u00edcitas. Como consequ\u00eancia deste registo, pode ser fornecida ao UTILIZADOR uma palavra-passe pela qual ser\u00e1 respons\u00e1vel, comprometendo-se a fazer uma utiliza\u00e7\u00e3o diligente e confidencial da mesma. O UTILIZADOR compromete-se a fazer uma utiliza\u00e7\u00e3o adequada dos conte\u00fados e servi\u00e7os fornecidos pela\u00a0<strong>PESCAPUERTA, S.A.<\/strong>\u00a0atrav\u00e9s da sua p\u00e1gina Web, comprometendo-se a n\u00e3o os utilizar para a realiza\u00e7\u00e3o de atividades il\u00edcitas, contr\u00e1rias \u00e0 ordem p\u00fablica, \u00e0 defesa nacional ou \u00e0 sa\u00fade p\u00fablica<\/p><p>De qualquer forma, a\u00a0<strong>PESCAPUERTA, S.A.<\/strong>\u00a0reserva-se o direito de alterar unilateralmente, a qualquer momento e sem necessidade de aviso pr\u00e9vio, a estrutura e o design do site: alterar ou eliminar servi\u00e7os ou conte\u00fados, assim como as condi\u00e7\u00f5es de acesso e\/ou utiliza\u00e7\u00e3o do site.<\/p><p>De igual forma, a\u00a0<strong>PESCAPUERTA, S.A.<\/strong>\u00a0reserva-se o direito de alterar a qualquer momento as presentes condi\u00e7\u00f5es de utiliza\u00e7\u00e3o, assim como quaisquer outras condi\u00e7\u00f5es especiais contidas no site\u00a0<a href=\"https:\/\/polarisum.com\/pt\/polarisum.com\">www.polarisum.com<\/a><\/p><h2>4. PROTE\u00c7\u00c3O DE DADOS PESSOAIS<\/h2><table border=\"1\" width=\"100%\"><tbody><tr><th colspan=\"2\" scope=\"col\"><strong>INFORMA\u00c7\u00c3O B\u00c1SICA SOBRE PROTE\u00c7\u00c3O DE DADOS<\/strong><\/th><\/tr><tr><td><strong>Respons\u00e1vel<\/strong><\/td><td>PESCAPUERTA, S.A.<\/td><\/tr><tr><td><strong>Finalidade<\/strong><\/td><td>Gest\u00e3o do pedido<\/td><\/tr><tr><td><strong>Legitimidade<\/strong><\/td><td>Execu\u00e7\u00e3o de um contrato\/presta\u00e7\u00e3o de servi\u00e7os<\/td><\/tr><tr><td><strong>Destinat\u00e1rios<\/strong><\/td><td>Outras empresas ou filiais do grupo<\/td><\/tr><tr><td><strong>Direitos<\/strong><\/td><td>Pode exercer os direitos de acesso, retifica\u00e7\u00e3o, supress\u00e3o, limita\u00e7\u00e3o, oposi\u00e7\u00e3o e portabilidade dos dados fornecidos, como indicado na informa\u00e7\u00e3o adicional.<\/td><\/tr><tr><td><strong>Informa\u00e7\u00e3o adicional<\/strong><\/td><td>Pode consultar a informa\u00e7\u00e3o adicional e pormenorizada sobre\u00a0<strong>Prote\u00e7\u00e3o de Dados<\/strong><\/td><\/tr><\/tbody><\/table><h2>POL\u00cdTICA DE PRIVACIDADE (II)<br \/>+Info Prote\u00e7\u00e3o de Dados<\/h2><table border=\"1\" width=\"100%\"><tbody><tr><th colspan=\"2\" scope=\"col\"><strong>INFORMA\u00c7\u00c3O PORMENORIZADA SOBRE PROTE\u00c7\u00c3O DE DADOS<\/strong><\/th><\/tr><tr><td><strong>Respons\u00e1vel<\/strong><\/td><td><strong>Quem \u00e9 o Respons\u00e1vel pelo tratamento dos seus dados?<\/strong><br \/>Identidade: PESCAPUERTA, S.A.<br \/>Sede social: Avda. Garc\u00eda Barb\u00f3n N\u00ba 109, 4\u00ba, 36.201, Vigo (Pontevedra)<p>\u00a0<\/p>Telefone: 986 29 25 50<br \/>E-mail:\u00a0<a href=\"mailto:pescapuerta@pescapuerta.es\">pescapuerta@pescapuerta.es<\/a><br \/>Contacto DPD:<\/td><\/tr><tr><td><strong>Finalidade<\/strong><\/td><td><strong>Para que fim tratamos os seus dados pessoais?<\/strong><br \/>En PESCAPUERTA, S.A. tratamos a informa\u00e7\u00e3o que nos \u00e9 facultada pelas pessoas interessadas com o objetivo de gerir o envio da informa\u00e7\u00e3o ou dos produtos solicitados.<br \/>Ser\u00e3o realizados tratamentos de dados automatizados com o objetivo de definir perfis de consumo atrav\u00e9s dos servi\u00e7os solicitados ou das compras realizadas para lhe oferecer promo\u00e7\u00f5es, ofertas ou servi\u00e7os nos quais demonstrou interesse.<br \/><strong>Por quanto tempo conservaremos os seus dados?<\/strong><br \/>Os dados pessoais facilitados pelo utilizador ser\u00e3o conservados at\u00e9 que a supress\u00e3o dos mesmos seja solicitada pelo interessado.<\/td><\/tr><tr><td><strong>Legitimidade<\/strong><\/td><td><p>A base jur\u00eddica do tratamento dos seus dados \u00e9 a execu\u00e7\u00e3o do seu pedido.<\/p><\/td><\/tr><tr><td><strong>Destinat\u00e1rios<\/strong><\/td><td><strong>A que destinat\u00e1rios ser\u00e3o comunicados os seus dados?<\/strong><br \/>PESCAPUERTA, S.A.poder\u00e1 ceder os seus dados a outras empresas ou filiais do grupo, sendo estas ROYAL BENGAL SEAFOOD S.L., PESCAPUERTA TRADE S.L., LOLIGO SEAFOOD S.L., FORTITUDE FISHING S.L., MENKENT S.L., POLARIS URSAE MINORIS S.L. e ELMAR FROZEN FOOD S.L. para fins administrativos e de gest\u00e3o interna.<\/td><\/tr><tr><td><strong>Direitos<\/strong><\/td><td>Em conformidade com o disposto no Regulamento Geral (UE) n.\u00ba 2016\/679 sobre a Prote\u00e7\u00e3o de Dados, o utilizador poder\u00e1 exercer a qualquer momento os direitos de Acesso, Retifica\u00e7\u00e3o, Supress\u00e3o, Limita\u00e7\u00e3o, Oposi\u00e7\u00e3o e Portabilidade dos dados fornecidos dirigindo-se por escrito \u00e0 sede social acima indicada, especificando o direito que pretende exercer e anexando uma c\u00f3pia do documento de identifica\u00e7\u00e3o para o endere\u00e7o de correio eletr\u00f3nico\u00a0<a href=\"mailto:pescapuerta@pescapuerta.es\">pescapuerta@pescapuerta.es<\/a><br \/>Al\u00e9m disso, o interessado pode apresentar uma reclama\u00e7\u00e3o \u00e0 autoridade de controlo.<\/td><\/tr><\/tbody><\/table><p>\u00a0<\/p><p>Em conformidade com o disposto no Regulamento Geral (UE) n.\u00ba 2016\/679 sobre a Prote\u00e7\u00e3o de Dados, comunicamos ao utilizador que os dados pessoais que nos faculte de forma volunt\u00e1ria, por qualquer dos nossos meios de recolha de informa\u00e7\u00e3o, ser\u00e3o integrados nas atividades de tratamento automatizado de dados pessoais realizadas pela\u00a0<strong>PESCAPUERTA, S.A.<\/strong>\u00a0com o fim de poder prestar-lhe os nossos servi\u00e7os, assim como para o manter informado sobre quest\u00f5es relativas \u00e0 atividade da empresa e aos seus respetivos servi\u00e7os. Os campos marcados com \u201c*\u201d s\u00e3o obrigat\u00f3rios, pelo que o n\u00e3o preenchimento desses campos impedir\u00e1 que o UTILIZADOR usufrua de alguns dos servi\u00e7os e informa\u00e7\u00f5es disponibilizados no site. Os dados neles contidos ser\u00e3o tratados de forma confidencial.<\/p><p>A PESCAPUERTA, S.A cumpre integralmente a legisla\u00e7\u00e3o em vigor em mat\u00e9ria de prote\u00e7\u00e3o de dados pessoais e os compromissos de confidencialidade pr\u00f3prios da sua atividade.<\/p><p>A\u00a0<strong>PESCAPUERTA, S.A.<\/strong>\u00a0adotou as medidas t\u00e9cnicas necess\u00e1rias para manter o n\u00edvel de seguran\u00e7a exigido, consoante a natureza dos dados pessoais tratados e as circunst\u00e2ncias do tratamento, com o objetivo de evitar, na medida do poss\u00edvel e sempre consoante o estado da t\u00e9cnica, a altera\u00e7\u00e3o, perda, tratamento ou acesso n\u00e3o autorizado a esses dados. Para a realiza\u00e7\u00e3o da gest\u00e3o anteriormente mencionada pode ser necess\u00e1rio ceder os dados a respons\u00e1veis pelo tratamento, empresas colaboradoras e administra\u00e7\u00f5es p\u00fablicas (as quais podem verificar a veracidade dos dados).<\/p><p>Caso o UTILIZADOR faculte dados pessoais relativos a pessoas singulares que n\u00e3o o utilizador, o UTILIZADOR dever\u00e1, antes da inclus\u00e3o, informar essas pessoas do conte\u00fado da presente cl\u00e1usula, de acordo com o disposto no Regulamento Geral (UE) n.\u00ba 2016\/679 sobre a Prote\u00e7\u00e3o de Dados.<\/p><p>Na qualidade de respons\u00e1vel pela atividade de tratamento, a\u00a0<strong>PESCAPUERTA, S.A.<\/strong>\u00a0garante o exerc\u00edcio dos direitos de acesso, retifica\u00e7\u00e3o, supress\u00e3o, limita\u00e7\u00e3o, oposi\u00e7\u00e3o e portabilidade dos dados fornecidos em conformidade com o Regulamento Geral (UE) n.\u00ba 2016\/679 sobre a Prote\u00e7\u00e3o de Dados. O UTILIZADOR poder\u00e1 exercer esses direitos a qualquer momento, dirigindo-se por escrito \u00e0 sede social e anexando uma c\u00f3pia do Cart\u00e3o de Cidad\u00e3o\/BI ou Passaporte.<\/p><p>A PESCAPUERTA, S.A garante que todas as suas comunica\u00e7\u00f5es comerciais dirigidas aos clientes cumprem as normas vigentes.<\/p><h2>PESCAPUERTA, S.A. poder\u00e1 enviar por meios eletr\u00f3nicos informa\u00e7\u00e3o sobre produtos e servi\u00e7os de interesse com o consentimento do utilizador.<\/h2><p>\u00a0<\/p><p>Pode revogar esta autoriza\u00e7\u00e3o a qualquer momento no endere\u00e7o\u00a0<a href=\"mailto:pescapuerta@pescapuerta.es\">pescapuerta@pescapuerta.es<\/a>.<\/p>\t\t\t\t\t\t\t\t<\/div>\n\t\t\t\t<\/div>\n\t\t\t\t\t<\/div>\n\t\t<\/div>\n\t\t\t\t\t<\/div>\n\t\t<\/section>\n\t\t\t\t<\/div>\n\t\t","protected":false},"excerpt":{"rendered":"<p>1. DADOS DE IDENTIFICA\u00c7\u00c3O No cumprimento do dever de informa\u00e7\u00e3o consagrado no artigo 10.\u00ba da Lei n.\u00ba 34\/2002,&#8230;<\/p>\n","protected":false},"author":1,"featured_media":0,"parent":0,"menu_order":0,"comment_status":"closed","ping_status":"open","template":"","meta":{"footnotes":""},"class_list":["post-4803","page","type-page","status-publish","hentry"],"_links":{"self":[{"href":"https:\/\/polarisum.com\/pt\/wp-json\/wp\/v2\/pages\/4803","targetHints":{"allow":["GET"]}}],"collection":[{"href":"https:\/\/polarisum.com\/pt\/wp-json\/wp\/v2\/pages"}],"about":[{"href":"https:\/\/polarisum.com\/pt\/wp-json\/wp\/v2\/types\/page"}],"author":[{"embeddable":true,"href":"https:\/\/polarisum.com\/pt\/wp-json\/wp\/v2\/users\/1"}],"replies":[{"embeddable":true,"href":"https:\/\/polarisum.com\/pt\/wp-json\/wp\/v2\/comments?post=4803"}],"version-history":[{"count":5,"href":"https:\/\/polarisum.com\/pt\/wp-json\/wp\/v2\/pages\/4803\/revisions"}],"predecessor-version":[{"id":4808,"href":"https:\/\/polarisum.com\/pt\/wp-json\/wp\/v2\/pages\/4803\/revisions\/4808"}],"wp:attachment":[{"href":"https:\/\/polarisum.com\/pt\/wp-json\/wp\/v2\/media?parent=4803"}],"curies":[{"name":"wp","href":"https:\/\/api.w.org\/{rel}","templated":true}]}}