{"id":4840,"date":"2023-06-15T16:39:25","date_gmt":"2023-06-15T14:39:25","guid":{"rendered":"https:\/\/polarisum.com\/?page_id=4840"},"modified":"2023-06-28T17:18:27","modified_gmt":"2023-06-28T15:18:27","slug":"cookies","status":"publish","type":"page","link":"https:\/\/polarisum.com\/pt\/cookies\/","title":{"rendered":"POL\u00cdTICA DE COOKIES"},"content":{"rendered":"\t\t<div data-elementor-type=\"wp-page\" data-elementor-id=\"4840\" class=\"elementor elementor-4840 elementor-3812\">\n\t\t\t\t\t\t<section class=\"elementor-section elementor-top-section elementor-element elementor-element-052369f elementor-section-boxed elementor-section-height-default elementor-section-height-default\" data-id=\"052369f\" data-element_type=\"section\">\n\t\t\t\t\t\t<div class=\"elementor-container elementor-column-gap-default\">\n\t\t\t\t\t<div class=\"elementor-column elementor-col-100 elementor-top-column elementor-element elementor-element-7d2a59a\" data-id=\"7d2a59a\" data-element_type=\"column\">\n\t\t\t<div class=\"elementor-widget-wrap elementor-element-populated\">\n\t\t\t\t\t\t<div class=\"elementor-element elementor-element-114e10c elementor-widget elementor-widget-text-editor\" data-id=\"114e10c\" data-element_type=\"widget\" data-widget_type=\"text-editor.default\">\n\t\t\t\t<div class=\"elementor-widget-container\">\n\t\t\t\t\t\t\t\t\t<p>Em conformidade com a legisla\u00e7\u00e3o espanhola que rege a utiliza\u00e7\u00e3o de cookies em rela\u00e7\u00e3o \u00e0 presta\u00e7\u00e3o de servi\u00e7os da sociedade de informa\u00e7\u00e3o, prevista no n.\u00ba 2 do artigo 22.\u00ba da Lei n.\u00ba 34\/2002, de 11 de julho, relativa aos servi\u00e7os da sociedade de informa\u00e7\u00e3o e de com\u00e9rcio eletr\u00f3nico, ap\u00f3s altera\u00e7\u00e3o no Real Decreto-Lei n.\u00ba 13\/2012 de 30 de mar\u00e7o, informamos sobre os cookies utilizados no site\u00a0<a href=\"https:\/\/polarisum.com\/pt\/pescapuerta.es\">www.pescapuerta.es<\/a>\u00a0e sobre o motivo da utiliza\u00e7\u00e3o dos mesmos. Tamb\u00e9m informamos o utilizador de que em conformidade com a lei (i) o UTILIZADOR d\u00e1 o seu consentimento para poder utiliz\u00e1-los se alterar a configura\u00e7\u00e3o do seu browser desativando as restri\u00e7\u00f5es que impedem a entrada de cookies e (ii) que o referido consentimento n\u00e3o ser\u00e1 necess\u00e1rio para a instala\u00e7\u00e3o de cookies que sejam estritamente necess\u00e1rios para a presta\u00e7\u00e3o de um servi\u00e7o que tenha sido explicitamente solicitado pelo UTILIZADOR.<\/p><h2>O QUE S\u00c3O COOKIES?<\/h2><p>Os cookies s\u00e3o pequenos ficheiros de texto que se instalam no browser do computador do UTILIZADOR para registar a sua atividade enviando uma identifica\u00e7\u00e3o an\u00f3nima que \u00e9 armazenada no respetivo browser com a finalidade de simplificar a navega\u00e7\u00e3o, por exemplo, permitindo que os UTILIZADORES que se tenham registado previamente tenham acesso a \u00e1reas, servi\u00e7os, promo\u00e7\u00f5es ou concursos reservados exclusivamente a esses utilizadores, eliminando a necessidade de terem de registar-se em cada visita ao site. Tamb\u00e9m podem ser utilizados para medir a audi\u00eancia, os par\u00e2metros de tr\u00e1fego e navega\u00e7\u00e3o, o tempo de sess\u00e3o e\/ou para controlar o progresso e n\u00famero de entradas. Os cookies s\u00e3o associados unicamente a um utilizador an\u00f3nimo e ao respetivo computador ou dispositivo e n\u00e3o fornecem refer\u00eancias que permitam conhecer os seus dados pessoais.<\/p><h2>TIPOS DE COOKIES<\/h2><p>1.- Cookies pr\u00f3prios: s\u00e3o aqueles que s\u00e3o enviados para o equipamento terminal do utilizador a partir de um equipamento ou dom\u00ednio gerido pelo pr\u00f3prio editor e a partir do qual o servi\u00e7o solicitado pelo utilizador \u00e9 prestado .<\/p><p>2.- Cookies de terceiros: s\u00e3o aqueles que s\u00e3o enviados para o equipamento terminal do utilizador a partir de um equipamento ou dom\u00ednio n\u00e3o gerido pelo editor, mas por outra entidade que trata os dados obtidos atrav\u00e9s dos cookies .<\/p><p>3.- Cookies de sess\u00e3o: s\u00e3o um tipo de cookies destinados a recolher e armazenar dados durante o acesso a uma p\u00e1gina Web por parte do utilizador.<\/p><p>4.- Cookies permanentes: s\u00e3o um tipo de cookies em que os dados continuam armazenados no equipamento terminal e que podem ser acedidos e tratados durante um per\u00edodo definido pelo respons\u00e1vel pelo cookie, que pode variar entre alguns minutos e v\u00e1rios anos.<\/p><p>5.- Cookies t\u00e9cnicos: s\u00e3o aqueles que permitem que o utilizador navegue por uma p\u00e1gina Web e utilize as diferentes op\u00e7\u00f5es ou servi\u00e7os a\u00ed existentes como, por exemplo, controlar o tr\u00e1fego e a comunica\u00e7\u00e3o de dados, identificar a sess\u00e3o, aceder a partes com acesso restrito, recordar os elementos que integram um pedido, armazenar conte\u00fados para a difus\u00e3o de v\u00eddeos ou som ou partilhar conte\u00fados atrav\u00e9s das redes sociais.<\/p><p>6.- Cookies de personaliza\u00e7\u00e3o: s\u00e3o aqueles que permitem que o utilizador aceda ao servi\u00e7o com determinadas caracter\u00edsticas gerais predefinidas em fun\u00e7\u00e3o de uma s\u00e9rie de crit\u00e9rios no terminal do utilizador como, por exemplo, o idioma, o tipo de browser atrav\u00e9s do qual acede ao servi\u00e7o, etc.<\/p><p>7.- Cookies de an\u00e1lise: s\u00e3o aqueles que, tratados por n\u00f3s ou por terceiros, nos permitem quantificar o n\u00famero de utilizadores e, assim, realizar a medi\u00e7\u00e3o e an\u00e1lise estat\u00edstica da utiliza\u00e7\u00e3o do servi\u00e7o por parte do utilizador. Para este efeito, \u00e9 feita a an\u00e1lise da navega\u00e7\u00e3o do utilizador na nossa p\u00e1gina Web com o objetivo de melhorar a oferta de produtos ou servi\u00e7os por n\u00f3s disponibilizados. .<\/p><p>8.- Cookies publicit\u00e1rios: s\u00e3o aqueles que permitem a gest\u00e3o, da forma mais eficaz poss\u00edvel, dos espa\u00e7os publicit\u00e1rios que, consoante o caso, o editor tenha inclu\u00eddo numa p\u00e1gina Web, aplica\u00e7\u00e3o ou plataforma a partir da qual presta o servi\u00e7o solicitado com base em crit\u00e9rios como o conte\u00fado editado ou a frequ\u00eancia em que os an\u00fancios s\u00e3o apresentados.<\/p><p>9.- Cookies de publicidade comportamental: s\u00e3o aqueles que permitem a gest\u00e3o, da forma mais eficaz poss\u00edvel, dos espa\u00e7os publicit\u00e1rios que, consoante o caso, o editor tenha inclu\u00eddo numa p\u00e1gina Web, aplica\u00e7\u00e3o ou plataforma a partir da qual presta o servi\u00e7o solicitado. Estes cookies armazenam informa\u00e7\u00e3o sobre o comportamento dos utilizadores obtida atrav\u00e9s da observa\u00e7\u00e3o cont\u00ednua dos seus h\u00e1bitos de navega\u00e7\u00e3o, o que permite desenvolver um perfil espec\u00edfico para a apresenta\u00e7\u00e3o de publicidade com base no mesmo.<\/p><h2>TIPOS DE COOKIES UTILIZADOS POR ESTE SITE<\/h2><p>Os cookies utilizados no nosso site s\u00e3o de sess\u00e3o e de terceiros e permitem-nos armazenar e aceder a informa\u00e7\u00e3o relativa ao idioma, ao tipo de browser utilizado e a outras caracter\u00edsticas gerais predefinidas pelo utilizador, assim como acompanhar e analisar a atividade realizada, com o objetivo de introduzir melhorias e prestar os nossos servi\u00e7os de uma maneira mais eficiente e personalizada. A\u00a0<em>PESCAPUERTA, S.A.<\/em>\u00a0n\u00e3o utiliza cookies publicit\u00e1rios ou de publicidade comportamental.<\/p><p>A utiliza\u00e7\u00e3o dos cookies oferece vantagens na presta\u00e7\u00e3o de servi\u00e7os, uma vez que facilita ao utilizador a navega\u00e7\u00e3o e o acesso aos v\u00e1rios servi\u00e7os oferecidos neste site; evita que o utilizador tenha de configurar as caracter\u00edsticas gerais predefinidas cada vez que acede ao site; favorece a melhoria do funcionamento e dos servi\u00e7os prestados atrav\u00e9s deste site, ap\u00f3s a an\u00e1lise correspondente da informa\u00e7\u00e3o obtida atrav\u00e9s dos cookies instalados.<\/p><table border=\"1\" width=\"100%\"><tbody><tr><th scope=\"col\"><strong>Cookie<\/strong><\/th><th scope=\"col\"><strong>Nome<\/strong><\/th><th scope=\"col\"><strong>Tipo<\/strong><\/th><th scope=\"col\"><strong>Finalidade<\/strong><\/th><th scope=\"col\"><strong>Dura\u00e7\u00e3o<\/strong><\/th><th scope=\"col\"><strong>Mais informa\u00e7\u00e3o<\/strong><\/th><\/tr><tr><td rowspan=\"3\" align=\"center\" valign=\"middle\"><strong>pescapuerta.es<\/strong><\/td><td align=\"center\" valign=\"middle\">_ga<\/td><td rowspan=\"3\" align=\"center\" valign=\"middle\">De terceiros: Google Analytics<\/td><td align=\"center\" valign=\"middle\">\u00c9 utilizado para fazer a distin\u00e7\u00e3o entre utilizadores e sess\u00f5es. O cookie \u00e9 criado ao carregar a biblioteca de JavaScript e n\u00e3o existe uma vers\u00e3o anterior do cookie _ga. O cookie \u00e9 atualizado cada vez que envia os dados para o Google Analytics.<\/td><td align=\"center\" valign=\"middle\">2 anos<\/td><td rowspan=\"3\" align=\"center\" valign=\"middle\"><a href=\"https:\/\/developers.google.com\/analytics\/devguides\/collection\/analyticsjs\/cookie-usage?hl=es-419\" target=\"_blank\" rel=\"noopener\">https:\/\/developers.google.com\/analytics\/devguides\/collection\/analyticsjs\/cookie-usage?hl=es-419<\/a><\/td><\/tr><tr><td align=\"center\" valign=\"middle\">_gat<\/td><td align=\"center\" valign=\"middle\">\u00c9 utilizado para distinguir os diferentes objetos de acompanhamento criados na sess\u00e3o. O cookie \u00e9 criado ao carregar a biblioteca de JavaScript e n\u00e3o existe uma vers\u00e3o anterior do cookie _gat. O cookie \u00e9 atualizado cada vez que envia os dados para o Google Analytics.<\/td><td align=\"center\" valign=\"middle\">1 minuto<\/td><\/tr><tr><td align=\"center\" valign=\"middle\">_gid<\/td><td align=\"center\" valign=\"middle\">\u00c9 utilizado para distinguir os utilizadores.<\/td><td align=\"center\" valign=\"middle\">1 dia<\/td><\/tr><\/tbody><\/table><p>NOTA: Em alguma p\u00e1gina deste site \u00e9 apresentado conte\u00fado integrado ou invocado atrav\u00e9s do qual podem estar a ser instalados cookies de terceiros. Embora a p\u00e1gina seja revista regularmente, \u00e9 poss\u00edvel que a lista de cookies n\u00e3o esteja atualizada. Se tiver d\u00favidas relativas aos cookies que s\u00e3o instalados atrav\u00e9s deste site, contacte-nos.<\/p><h2>DESATIVA\u00c7\u00c3O DOS COOKIES<\/h2><p>Como utilizador pode, a qualquer momento, aceder \u00e0 configura\u00e7\u00e3o do seu browser aceitando ou recusando todos os cookies, ou selecionar aqueles cuja instala\u00e7\u00e3o admite e aqueles que n\u00e3o admite, seguindo um dos seguintes procedimentos dependendo do browser utilizado:<\/p><p>Visto que cada browser utiliza uma maneira diferente, a fun\u00e7\u00e3o Ajuda do seu browser mostra-lhe como proceder.<\/p><ul><li><strong>InternetExplorer:<\/strong>\u00a0<a href=\"https:\/\/support.microsoft.com\/en-us\/help\/17442\/windows-internet-explorer-delete-manage-cookies\" target=\"_blank\" rel=\"noopener\">windows.microsoft.com\/es-xl\/internet-explorer\/delete-manage-cookies#ie=&#8221;ie-10&#8243;<\/a><\/li><li><strong>FireFox:<\/strong>\u00a0<a href=\"http:\/\/support.mozilla.org\/es\/kb\/Borrar%20cookies\" target=\"_blank\" rel=\"noopener\">support.mozilla.org\/es\/kb\/Borrar%20cookies<\/a><\/li><li><strong>Chrome:<\/strong>\u00a0<a href=\"http:\/\/support.google.com\/chrome\/answer\/95647?hl=\" target=\"_blank\" rel=\"noopener\">support.google.com\/chrome\/answer\/95647?hl=&#8221;es&#8221;<\/a><\/li><li><strong>Safari:<\/strong>\u00a0<a href=\"http:\/\/www.apple.com\/es\/privacy\/use-of-cookies\/\" target=\"_blank\" rel=\"noopener\">www.apple.com\/es\/privacy\/use-of-cookies\/<\/a><\/li><\/ul><p>Todos os browsers permitem alterar a configura\u00e7\u00e3o de Cookies. Estas defini\u00e7\u00f5es encontram-se normalmente em \u201cOp\u00e7\u00f5es\u201d ou \u201cPrefer\u00eancias\u201d no menu do seu browser. Em seguida, \u00e9 disponibilizada informa\u00e7\u00e3o sobre os passos para aceder ao menu de configura\u00e7\u00e3o dos cookies e, consoante o caso, da navega\u00e7\u00e3o privada em cada um dos principais browsers:<\/p><p><strong>InternetExplorer:<\/strong>\u00a0Ferramentas -&gt; Opc\u00f5es da Internet -&gt; Privacidade -&gt; Configura\u00e7\u00e3o.<br \/>Para mais informa\u00e7\u00f5es, consulte o Suporte da Microsoft ou\u00a0<a href=\"https:\/\/support.microsoft.com\/en-us\/products\/windows%20-%20top-solutions=windows-7\" target=\"_blank\" rel=\"noopener\">soporte de Microsoft<\/a>\u00a0a Ajuda do browser.<\/p><p><strong>Firefox:<\/strong>\u00a0Ferramentas -&gt; Opc\u00f5es -&gt; Privacidade -&gt; Hist\u00f3rico -&gt; Configura\u00e7\u00e3o personalizada.<br \/>Para mais informa\u00e7\u00f5es, consulte o Suporte do Mozilla ou\u00a0<a href=\"https:\/\/support.mozilla.org\/es\/\" target=\"_blank\" rel=\"noopener\">soporte de Mozilla<\/a>\u00a0a Ajuda do browser.<\/p><p><strong>Chrome:<\/strong>\u00a0Configura\u00e7\u00e3o -&gt; Mostrar op\u00e7\u00f5es avan\u00e7adas -&gt; Privacidade -&gt; Configura\u00e7\u00e3o de conte\u00fado.<br \/>Para mais informa\u00e7\u00f5es, consulte o\u00a0<a href=\"https:\/\/support.google.com\/chrome\/?hl=es%20-%20topic=3227046\" target=\"_blank\" rel=\"noopener\">soporte de Google<\/a>\u00a0ou a Ajuda do browser.<\/p><p><strong>Safari:<\/strong>\u00a0Prefer\u00eancias-&gt;Seguran\u00e7a.<br \/>Para mais informa\u00e7\u00f5es, consulte o\u00a0<a href=\"https:\/\/support.apple.com\/es-es\/safari7\" target=\"_blank\" rel=\"noopener\">soporte de Apple<\/a>\u00a0a Ajuda do browser.<\/p><p>Para qualquer d\u00favida ou esclarecimento, entre em contacto connosco atrav\u00e9s do seguinte endere\u00e7o de correio eletr\u00f3nico:\u00a0<a href=\"mailto:pescapuerta@pescapuerta.es\">pescapuerta@pescapuerta.es<\/a><\/p>\t\t\t\t\t\t\t\t<\/div>\n\t\t\t\t<\/div>\n\t\t\t\t\t<\/div>\n\t\t<\/div>\n\t\t\t\t\t<\/div>\n\t\t<\/section>\n\t\t\t\t<\/div>\n\t\t","protected":false},"excerpt":{"rendered":"<p>Em conformidade com a legisla\u00e7\u00e3o espanhola que rege a utiliza\u00e7\u00e3o de cookies em rela\u00e7\u00e3o \u00e0 presta\u00e7\u00e3o de servi\u00e7os&#8230;<\/p>\n","protected":false},"author":1,"featured_media":0,"parent":0,"menu_order":0,"comment_status":"closed","ping_status":"closed","template":"","meta":{"footnotes":""},"class_list":["post-4840","page","type-page","status-publish","hentry"],"_links":{"self":[{"href":"https:\/\/polarisum.com\/pt\/wp-json\/wp\/v2\/pages\/4840","targetHints":{"allow":["GET"]}}],"collection":[{"href":"https:\/\/polarisum.com\/pt\/wp-json\/wp\/v2\/pages"}],"about":[{"href":"https:\/\/polarisum.com\/pt\/wp-json\/wp\/v2\/types\/page"}],"author":[{"embeddable":true,"href":"https:\/\/polarisum.com\/pt\/wp-json\/wp\/v2\/users\/1"}],"replies":[{"embeddable":true,"href":"https:\/\/polarisum.com\/pt\/wp-json\/wp\/v2\/comments?post=4840"}],"version-history":[{"count":5,"href":"https:\/\/polarisum.com\/pt\/wp-json\/wp\/v2\/pages\/4840\/revisions"}],"predecessor-version":[{"id":4845,"href":"https:\/\/polarisum.com\/pt\/wp-json\/wp\/v2\/pages\/4840\/revisions\/4845"}],"wp:attachment":[{"href":"https:\/\/polarisum.com\/pt\/wp-json\/wp\/v2\/media?parent=4840"}],"curies":[{"name":"wp","href":"https:\/\/api.w.org\/{rel}","templated":true}]}}