{"id":3857,"date":"2023-06-12T19:23:42","date_gmt":"2023-06-12T17:23:42","guid":{"rendered":"https:\/\/websgalicia.es\/test\/polarisum\/uncategorized\/brotola-hgt\/"},"modified":"2023-06-15T18:38:32","modified_gmt":"2023-06-15T16:38:32","slug":"abrotea-hgt","status":"publish","type":"product","link":"https:\/\/polarisum.com\/pt\/outras-especies-argentina\/abrotea-hgt\/","title":{"rendered":"Abr\u00f3tea HGT"},"content":{"rendered":"<div class=\"table-responsive\">\n<table class=\"table\">\n<thead>\n<tr>\n<td>Codifica\u00e7\u00e3o<\/td>\n<td>Sonda marinha<\/td>\n<td>Apresenta\u00e7\u00e3o<\/td>\n<td>Peso l\u00edquido<\/td>\n<\/tr>\n<\/thead>\n<tbody>\n<tr>\n<td>BT 00<\/td>\n<td>80-250 g<\/td>\n<td>Interfolhado<\/td>\n<td>14-18 Kg<\/td>\n<\/tr>\n<tr>\n<td>BT 0<\/td>\n<td>250-500 g<\/td>\n<td>Interfolhado<\/td>\n<td>14-18 Kg<\/td>\n<\/tr>\n<tr>\n<td>BT 1<\/td>\n<td>500-1000 g\n        <\/td>\n<td><small>Embalado individualmente em pel\u00edcula<\/small> (IWP)<\/td>\n<td>14-18 Kg<\/td>\n<\/tr>\n<tr>\n<td>BT 2<\/td>\n<td>1000-1500 g\n        <\/td>\n<td><small>Embalado individualmente em pel\u00edcula<\/small> (IWP)<\/td>\n<td>14-18 Kg<\/td>\n<\/tr>\n<tr>\n<td>BT 3<\/td>\n<td>>1500 g\n        <\/td>\n<td><small>Embalado individualmente em pel\u00edcula<\/small> (IWP)<\/td>\n<td>14-18 Kg<\/td>\n<\/tr>\n<\/tbody>\n<\/table>\n<\/div>\n<hr \/>\n<p style=\"text-align: center;\"><strong>Estabelecimentos produtores autorizados pela UE<\/strong><br \/>\n<strong>Argentina: Anabella M 3167, Carolina P 3166<\/strong><\/p>\n","protected":false},"excerpt":{"rendered":"<p><strong>Nome cient\u00edfico<\/strong><br \/>\nSalilota australis<\/p>\n<p><strong>Descri\u00e7\u00e3o<\/strong><br \/>\nAbr\u00f3tea congelada sem cabe\u00e7a, sem cauda, sem v\u00edsceras<\/p>\n<p><strong>Congela\u00e7\u00e3o<\/strong><br \/>\nA bordo<\/p>\n","protected":false},"featured_media":3858,"template":"","meta":[],"product_cat":[136],"product_tag":[],"class_list":{"0":"post-3857","1":"product","2":"type-product","3":"status-publish","4":"has-post-thumbnail","6":"product_cat-outras-especies-argentina","8":"first","9":"instock","10":"shipping-taxable","11":"product-type-simple"},"_links":{"self":[{"href":"https:\/\/polarisum.com\/pt\/wp-json\/wp\/v2\/product\/3857","targetHints":{"allow":["GET"]}}],"collection":[{"href":"https:\/\/polarisum.com\/pt\/wp-json\/wp\/v2\/product"}],"about":[{"href":"https:\/\/polarisum.com\/pt\/wp-json\/wp\/v2\/types\/product"}],"wp:featuredmedia":[{"embeddable":true,"href":"https:\/\/polarisum.com\/pt\/wp-json\/wp\/v2\/media\/3858"}],"wp:attachment":[{"href":"https:\/\/polarisum.com\/pt\/wp-json\/wp\/v2\/media?parent=3857"}],"wp:term":[{"taxonomy":"product_cat","embeddable":true,"href":"https:\/\/polarisum.com\/pt\/wp-json\/wp\/v2\/product_cat?post=3857"},{"taxonomy":"product_tag","embeddable":true,"href":"https:\/\/polarisum.com\/pt\/wp-json\/wp\/v2\/product_tag?post=3857"}],"curies":[{"name":"wp","href":"https:\/\/api.w.org\/{rel}","templated":true}]}}